{"id":29846,"date":"2018-12-28T19:08:06","date_gmt":"2025-02-11T19:27:25","guid":{"rendered":"https:\/\/vitavia.ee\/kasvuhoone\/toode\/kasvihuoneen-liukuovien-rullat\/"},"modified":"2025-02-11T22:27:25","modified_gmt":"2025-02-11T19:27:25","slug":"kasvihuoneen-liukuovien-rullat","status":"publish","type":"product","link":"https:\/\/fi.vitavia.ee\/kasvuhoone\/tuote\/kasvihuoneen-liukuovien-rullat\/","title":{"rendered":"Kasvihuoneen liukuovien rullat"},"content":{"rendered":"<p>Ylim\u00e4\u00e4r\u00e4inen sarja muovisia liukuovirullia silt\u00e4 varalta, ett\u00e4 vanhat rullat kuluvat.<br \/>\n Sarja sis\u00e4lt\u00e4\u00e4 kaksi rullaa + mutterit\/pultit<\/p>\n","protected":false},"excerpt":{"rendered":"<p>Ylim\u00e4\u00e4r\u00e4inen sarja muovisia liukuovirullia silt\u00e4 varalta, ett\u00e4 vanhat rullat kuluvat. Sarja sis\u00e4lt\u00e4\u00e4 kaksi rullaa + mutterit\/pultit<\/p>\n","protected":false},"featured_media":3881,"comment_status":"closed","ping_status":"closed","template":"","meta":[],"product_brand":[],"product_cat":[221],"product_tag":[],"class_list":{"0":"post-29846","1":"product","2":"type-product","3":"status-publish","4":"has-post-thumbnail","6":"product_cat-kasvihuoneen-lisavaruste","7":"infinite-scroll-item","8":"no-featured-image-padding","9":"sales-flash-overlay","10":"woocommerce-text-align-left","11":"woocommerce-image-align-center","12":"do-quantity-buttons","14":"first","15":"instock","16":"shipping-taxable","17":"purchasable","18":"product-type-simple"},"_links":{"self":[{"href":"https:\/\/fi.vitavia.ee\/kasvuhoone\/wp-json\/wp\/v2\/product\/29846","targetHints":{"allow":["GET"]}}],"collection":[{"href":"https:\/\/fi.vitavia.ee\/kasvuhoone\/wp-json\/wp\/v2\/product"}],"about":[{"href":"https:\/\/fi.vitavia.ee\/kasvuhoone\/wp-json\/wp\/v2\/types\/product"}],"replies":[{"embeddable":true,"href":"https:\/\/fi.vitavia.ee\/kasvuhoone\/wp-json\/wp\/v2\/comments?post=29846"}],"wp:featuredmedia":[{"embeddable":true,"href":"https:\/\/fi.vitavia.ee\/kasvuhoone\/wp-json\/wp\/v2\/media\/3881"}],"wp:attachment":[{"href":"https:\/\/fi.vitavia.ee\/kasvuhoone\/wp-json\/wp\/v2\/media?parent=29846"}],"wp:term":[{"taxonomy":"product_brand","embeddable":true,"href":"https:\/\/fi.vitavia.ee\/kasvuhoone\/wp-json\/wp\/v2\/product_brand?post=29846"},{"taxonomy":"product_cat","embeddable":true,"href":"https:\/\/fi.vitavia.ee\/kasvuhoone\/wp-json\/wp\/v2\/product_cat?post=29846"},{"taxonomy":"product_tag","embeddable":true,"href":"https:\/\/fi.vitavia.ee\/kasvuhoone\/wp-json\/wp\/v2\/product_tag?post=29846"}],"curies":[{"name":"wp","href":"https:\/\/api.w.org\/{rel}","templated":true}]}}