{"id":29801,"date":"2017-03-03T10:55:12","date_gmt":"2025-02-11T19:20:48","guid":{"rendered":"https:\/\/vitavia.ee\/kasvuhoone\/toode\/min-max-lampomittari\/"},"modified":"2025-02-11T22:20:48","modified_gmt":"2025-02-11T19:20:48","slug":"min-max-lampomittari","status":"publish","type":"product","link":"https:\/\/fi.vitavia.ee\/kasvuhoone\/tuote\/min-max-lampomittari\/","title":{"rendered":"Min-max l\u00e4mp\u00f6mittari"},"content":{"rendered":"<p><strong>Min-max l\u00e4mp\u00f6mittari kasvihuoneen sis\u00e4l\u00e4mp\u00f6tilan mittaamiseen.<\/strong><\/p>\n<p>Kasvihuoneen l\u00e4mp\u00f6tilan tunteminen on eritt\u00e4in t\u00e4rke\u00e4\u00e4 kasveja kasvatettaessa. L\u00e4mp\u00f6mittarin pit\u00e4isi olla jokaisessa kasvihuoneessa.<\/p>\n<p><a href=\"https:\/\/www.pinterest.com\/mwlconstruct\/kasvuhoone\/\">Pinterest<\/a><br \/>\n<a href=\"http:\/\/www.vitavia.ee\/\">Vitavia<\/a><\/p>\n","protected":false},"excerpt":{"rendered":"<p>Min-max l\u00e4mp\u00f6mittari kasvihuoneen sis\u00e4l\u00e4mp\u00f6tilan mittaamiseen. Kasvihuoneen l\u00e4mp\u00f6tilan tunteminen on eritt\u00e4in t\u00e4rke\u00e4\u00e4 kasveja kasvatettaessa. L\u00e4mp\u00f6mittarin pit\u00e4isi olla jokaisessa kasvihuoneessa. Pinterest Vitavia<\/p>\n","protected":false},"featured_media":6087,"comment_status":"closed","ping_status":"closed","template":"","meta":[],"product_brand":[],"product_cat":[221],"product_tag":[],"class_list":{"0":"post-29801","1":"product","2":"type-product","3":"status-publish","4":"has-post-thumbnail","6":"product_cat-kasvihuoneen-lisavaruste","7":"infinite-scroll-item","8":"no-featured-image-padding","9":"sales-flash-overlay","10":"woocommerce-text-align-left","11":"woocommerce-image-align-center","12":"do-quantity-buttons","14":"first","15":"instock","16":"shipping-taxable","17":"purchasable","18":"product-type-simple"},"_links":{"self":[{"href":"https:\/\/fi.vitavia.ee\/kasvuhoone\/wp-json\/wp\/v2\/product\/29801","targetHints":{"allow":["GET"]}}],"collection":[{"href":"https:\/\/fi.vitavia.ee\/kasvuhoone\/wp-json\/wp\/v2\/product"}],"about":[{"href":"https:\/\/fi.vitavia.ee\/kasvuhoone\/wp-json\/wp\/v2\/types\/product"}],"replies":[{"embeddable":true,"href":"https:\/\/fi.vitavia.ee\/kasvuhoone\/wp-json\/wp\/v2\/comments?post=29801"}],"wp:featuredmedia":[{"embeddable":true,"href":"https:\/\/fi.vitavia.ee\/kasvuhoone\/wp-json\/wp\/v2\/media\/6087"}],"wp:attachment":[{"href":"https:\/\/fi.vitavia.ee\/kasvuhoone\/wp-json\/wp\/v2\/media?parent=29801"}],"wp:term":[{"taxonomy":"product_brand","embeddable":true,"href":"https:\/\/fi.vitavia.ee\/kasvuhoone\/wp-json\/wp\/v2\/product_brand?post=29801"},{"taxonomy":"product_cat","embeddable":true,"href":"https:\/\/fi.vitavia.ee\/kasvuhoone\/wp-json\/wp\/v2\/product_cat?post=29801"},{"taxonomy":"product_tag","embeddable":true,"href":"https:\/\/fi.vitavia.ee\/kasvuhoone\/wp-json\/wp\/v2\/product_tag?post=29801"}],"curies":[{"name":"wp","href":"https:\/\/api.w.org\/{rel}","templated":true}]}}