{"id":29800,"date":"2017-03-03T10:21:34","date_gmt":"2025-02-11T19:20:48","guid":{"rendered":"https:\/\/vitavia.ee\/kasvuhoone\/toode\/maaperan-lampomittari\/"},"modified":"2025-02-11T22:20:48","modified_gmt":"2025-02-11T19:20:48","slug":"maaperan-lampomittari","status":"publish","type":"product","link":"https:\/\/fi.vitavia.ee\/kasvuhoone\/tuote\/maaperan-lampomittari\/","title":{"rendered":"Maaper\u00e4n l\u00e4mp\u00f6mittari"},"content":{"rendered":"<p>Maal\u00e4mp\u00f6mittari kasvihuoneisiin ja puutarhapaviljonkeihin<\/p>\n<p> <a href=\"https:\/\/www.pinterest.com\/mwlconstruct\/kasvuhoone\/\">Pinterest<\/a><br \/>\n <a href=\"http:\/\/www.vitavia.ee\/\" rel=\"nofollow\">Vitavia<\/a><\/p>\n","protected":false},"excerpt":{"rendered":"<p>Maal\u00e4mp\u00f6mittari kasvihuoneisiin ja puutarhapaviljonkeihin Pinterest Vitavia<\/p>\n","protected":false},"featured_media":3965,"comment_status":"closed","ping_status":"closed","template":"","meta":[],"product_brand":[],"product_cat":[221],"product_tag":[],"class_list":{"0":"post-29800","1":"product","2":"type-product","3":"status-publish","4":"has-post-thumbnail","6":"product_cat-kasvihuoneen-lisavaruste","7":"infinite-scroll-item","8":"no-featured-image-padding","9":"sales-flash-overlay","10":"woocommerce-text-align-left","11":"woocommerce-image-align-center","12":"do-quantity-buttons","14":"first","15":"instock","16":"shipping-taxable","17":"purchasable","18":"product-type-simple"},"_links":{"self":[{"href":"https:\/\/fi.vitavia.ee\/kasvuhoone\/wp-json\/wp\/v2\/product\/29800","targetHints":{"allow":["GET"]}}],"collection":[{"href":"https:\/\/fi.vitavia.ee\/kasvuhoone\/wp-json\/wp\/v2\/product"}],"about":[{"href":"https:\/\/fi.vitavia.ee\/kasvuhoone\/wp-json\/wp\/v2\/types\/product"}],"replies":[{"embeddable":true,"href":"https:\/\/fi.vitavia.ee\/kasvuhoone\/wp-json\/wp\/v2\/comments?post=29800"}],"wp:featuredmedia":[{"embeddable":true,"href":"https:\/\/fi.vitavia.ee\/kasvuhoone\/wp-json\/wp\/v2\/media\/3965"}],"wp:attachment":[{"href":"https:\/\/fi.vitavia.ee\/kasvuhoone\/wp-json\/wp\/v2\/media?parent=29800"}],"wp:term":[{"taxonomy":"product_brand","embeddable":true,"href":"https:\/\/fi.vitavia.ee\/kasvuhoone\/wp-json\/wp\/v2\/product_brand?post=29800"},{"taxonomy":"product_cat","embeddable":true,"href":"https:\/\/fi.vitavia.ee\/kasvuhoone\/wp-json\/wp\/v2\/product_cat?post=29800"},{"taxonomy":"product_tag","embeddable":true,"href":"https:\/\/fi.vitavia.ee\/kasvuhoone\/wp-json\/wp\/v2\/product_tag?post=29800"}],"curies":[{"name":"wp","href":"https:\/\/api.w.org\/{rel}","templated":true}]}}