{"id":29699,"date":"2017-03-03T10:31:16","date_gmt":"2025-02-11T18:11:51","guid":{"rendered":"https:\/\/vitavia.ee\/kasvuhoone\/toode\/kosteusmittari\/"},"modified":"2025-02-11T21:11:51","modified_gmt":"2025-02-11T18:11:51","slug":"kosteusmittari","status":"publish","type":"product","link":"https:\/\/fi.vitavia.ee\/kasvuhoone\/tuote\/kosteusmittari\/","title":{"rendered":"Kosteusmittari"},"content":{"rendered":"<p><span id=\"snippet_meta\" class=\"desc desc-default\"><strong>Kosteusmittari<\/strong> on mittalaite, joka mittaa kosteustasoa. Tietyt kasvit vaativat tietyn kosteustason. Suosittelemme k\u00e4ytt\u00e4m\u00e4\u00e4n kosteusmittaria t\u00e4m\u00e4n mittaamiseen.<\/span><\/p>\n<p><strong>Tietyt kasvit vaativat tietyn kosteustason. Suosittelemme k\u00e4ytt\u00e4m\u00e4\u00e4n kosteusmittaria t\u00e4m\u00e4n mittaamiseen. T\u00e4m\u00e4 on mittalaite, joka mittaa kosteustasoa.<\/strong><\/p>\n<p><a href=\"https:\/\/www.pinterest.com\/mwlconstruct\/kasvuhoone\/\">Pinterest<\/a><br \/>\n<a href=\"http:\/\/www.vitavia.ee\/\" rel=\"nofollow\">Vitavia<\/a><\/p>\n","protected":false},"excerpt":{"rendered":"<p>Kosteusmittari on mittalaite, joka mittaa kosteustasoa. Tietyt kasvit vaativat tietyn kosteustason. Suosittelemme k\u00e4ytt\u00e4m\u00e4\u00e4n kosteusmittaria t\u00e4m\u00e4n mittaamiseen. Tietyt kasvit vaativat tietyn kosteustason. Suosittelemme k\u00e4ytt\u00e4m\u00e4\u00e4n kosteusmittaria t\u00e4m\u00e4n mittaamiseen. T\u00e4m\u00e4 on mittalaite, joka mittaa kosteustasoa. Pinterest Vitavia<\/p>\n","protected":false},"featured_media":13859,"comment_status":"closed","ping_status":"closed","template":"","meta":[],"product_brand":[],"product_cat":[221],"product_tag":[],"class_list":{"0":"post-29699","1":"product","2":"type-product","3":"status-publish","4":"has-post-thumbnail","6":"product_cat-kasvihuoneen-lisavaruste","7":"infinite-scroll-item","8":"no-featured-image-padding","9":"sales-flash-overlay","10":"woocommerce-text-align-left","11":"woocommerce-image-align-center","12":"do-quantity-buttons","14":"first","15":"instock","16":"shipping-taxable","17":"purchasable","18":"product-type-simple"},"_links":{"self":[{"href":"https:\/\/fi.vitavia.ee\/kasvuhoone\/wp-json\/wp\/v2\/product\/29699","targetHints":{"allow":["GET"]}}],"collection":[{"href":"https:\/\/fi.vitavia.ee\/kasvuhoone\/wp-json\/wp\/v2\/product"}],"about":[{"href":"https:\/\/fi.vitavia.ee\/kasvuhoone\/wp-json\/wp\/v2\/types\/product"}],"replies":[{"embeddable":true,"href":"https:\/\/fi.vitavia.ee\/kasvuhoone\/wp-json\/wp\/v2\/comments?post=29699"}],"wp:featuredmedia":[{"embeddable":true,"href":"https:\/\/fi.vitavia.ee\/kasvuhoone\/wp-json\/wp\/v2\/media\/13859"}],"wp:attachment":[{"href":"https:\/\/fi.vitavia.ee\/kasvuhoone\/wp-json\/wp\/v2\/media?parent=29699"}],"wp:term":[{"taxonomy":"product_brand","embeddable":true,"href":"https:\/\/fi.vitavia.ee\/kasvuhoone\/wp-json\/wp\/v2\/product_brand?post=29699"},{"taxonomy":"product_cat","embeddable":true,"href":"https:\/\/fi.vitavia.ee\/kasvuhoone\/wp-json\/wp\/v2\/product_cat?post=29699"},{"taxonomy":"product_tag","embeddable":true,"href":"https:\/\/fi.vitavia.ee\/kasvuhoone\/wp-json\/wp\/v2\/product_tag?post=29699"}],"curies":[{"name":"wp","href":"https:\/\/api.w.org\/{rel}","templated":true}]}}