{"id":29665,"date":"2017-02-20T21:51:57","date_gmt":"2025-02-11T18:11:39","guid":{"rendered":"https:\/\/vitavia.ee\/kasvuhoone\/toode\/kasvihuoneen-automaattinen-kastelujarjestelma\/"},"modified":"2025-02-11T21:11:39","modified_gmt":"2025-02-11T18:11:39","slug":"kasvihuoneen-automaattinen-kastelujarjestelma","status":"publish","type":"product","link":"https:\/\/fi.vitavia.ee\/kasvuhoone\/tuote\/kasvihuoneen-automaattinen-kastelujarjestelma\/","title":{"rendered":"Kasvihuoneen automaattinen kasteluj\u00e4rjestelm\u00e4"},"content":{"rendered":"<p><strong>Automaattinen kasvihuonekasteluj\u00e4rjestelm\u00e4 kaikkiin kasvihuoneisiin ja puutarhapaviljonkeihin<\/strong><\/p>\n<p>Hydromat-kasteluj\u00e4rjestelm\u00e4 on suunniteltu keskim\u00e4\u00e4rin 10 m2 (8 m2 \u2013 12 m2) pinta-alalle ja siin\u00e4 on 50 kasteluk\u00e4rke\u00e4.<br \/>\n Sarja sis\u00e4lt\u00e4\u00e4 tarvittavat letkut, liittimet ja venttiilin vesim\u00e4\u00e4r\u00e4n s\u00e4\u00e4t\u00f6\u00f6n.<br \/>\n Kasteluj\u00e4rjestelm\u00e4 ei vaadi toimiakseen s\u00e4hk\u00f6\u00e4 tai paristoja.<\/p>\n<h3><a href=\"https:\/\/www.youtube.com\/watch?v=sUkwq4KApGA\">Katso esittelyvideo, kuinka automaattinen kasteluj\u00e4rjestelm\u00e4 toimii.<\/a><\/h3>\n<p>&nbsp;<\/p>\n<p><a href=\"https:\/\/www.pinterest.com\/mwlconstruct\/kasvuhoone\/\">Pinterest<\/a><br \/>\n<a href=\"http:\/\/www.vitavia.ee\/\" rel=\"nofollow\">Vitavia<\/a><\/p>\n","protected":false},"excerpt":{"rendered":"<p>Automaattinen kasvihuonekasteluj\u00e4rjestelm\u00e4 kaikkiin kasvihuoneisiin ja puutarhapaviljonkeihin Hydromat-kasteluj\u00e4rjestelm\u00e4 on suunniteltu keskim\u00e4\u00e4rin 10 m2 (8 m2 \u2013 12 m2) pinta-alalle ja siin\u00e4 on 50 kasteluk\u00e4rke\u00e4. Sarja sis\u00e4lt\u00e4\u00e4 tarvittavat letkut, liittimet ja venttiilin vesim\u00e4\u00e4r\u00e4n s\u00e4\u00e4t\u00f6\u00f6n. Kasteluj\u00e4rjestelm\u00e4 ei vaadi toimiakseen s\u00e4hk\u00f6\u00e4 tai paristoja. Katso esittelyvideo, kuinka automaattinen kasteluj\u00e4rjestelm\u00e4 toimii. &nbsp; Pinterest Vitavia<\/p>\n","protected":false},"featured_media":13888,"comment_status":"closed","ping_status":"closed","template":"","meta":[],"product_brand":[],"product_cat":[221],"product_tag":[349,350,469,1076],"class_list":{"0":"post-29665","1":"product","2":"type-product","3":"status-publish","4":"has-post-thumbnail","6":"product_cat-kasvihuoneen-lisavaruste","7":"product_tag-kasvihuone","8":"product_tag-kasvihuoneet","9":"product_tag-vitavia-fi","10":"product_tag-automaattinen-kastelujarjestelma","11":"infinite-scroll-item","12":"no-featured-image-padding","13":"sales-flash-overlay","14":"woocommerce-text-align-left","15":"woocommerce-image-align-center","16":"do-quantity-buttons","18":"first","19":"instock","20":"shipping-taxable","21":"purchasable","22":"product-type-simple"},"_links":{"self":[{"href":"https:\/\/fi.vitavia.ee\/kasvuhoone\/wp-json\/wp\/v2\/product\/29665","targetHints":{"allow":["GET"]}}],"collection":[{"href":"https:\/\/fi.vitavia.ee\/kasvuhoone\/wp-json\/wp\/v2\/product"}],"about":[{"href":"https:\/\/fi.vitavia.ee\/kasvuhoone\/wp-json\/wp\/v2\/types\/product"}],"replies":[{"embeddable":true,"href":"https:\/\/fi.vitavia.ee\/kasvuhoone\/wp-json\/wp\/v2\/comments?post=29665"}],"wp:featuredmedia":[{"embeddable":true,"href":"https:\/\/fi.vitavia.ee\/kasvuhoone\/wp-json\/wp\/v2\/media\/13888"}],"wp:attachment":[{"href":"https:\/\/fi.vitavia.ee\/kasvuhoone\/wp-json\/wp\/v2\/media?parent=29665"}],"wp:term":[{"taxonomy":"product_brand","embeddable":true,"href":"https:\/\/fi.vitavia.ee\/kasvuhoone\/wp-json\/wp\/v2\/product_brand?post=29665"},{"taxonomy":"product_cat","embeddable":true,"href":"https:\/\/fi.vitavia.ee\/kasvuhoone\/wp-json\/wp\/v2\/product_cat?post=29665"},{"taxonomy":"product_tag","embeddable":true,"href":"https:\/\/fi.vitavia.ee\/kasvuhoone\/wp-json\/wp\/v2\/product_tag?post=29665"}],"curies":[{"name":"wp","href":"https:\/\/api.w.org\/{rel}","templated":true}]}}