{"id":29655,"date":"2018-12-28T18:46:39","date_gmt":"2025-02-11T18:11:34","guid":{"rendered":"https:\/\/vitavia.ee\/kasvuhoone\/toode\/kasvihuoneen-kannen-liitantapuristimet\/"},"modified":"2025-02-11T21:11:34","modified_gmt":"2025-02-11T18:11:34","slug":"kasvihuoneen-kannen-liitantapuristimet","status":"publish","type":"product","link":"https:\/\/fi.vitavia.ee\/kasvuhoone\/tuote\/kasvihuoneen-kannen-liitantapuristimet\/","title":{"rendered":"Kasvihuoneen kannen liit\u00e4nt\u00e4puristimet"},"content":{"rendered":"<h4><strong>Kasvihuoneen kannen liit\u00e4nt\u00e4puristimet, metallia.<\/strong><\/h4>\n<p>Kasvihuoneliitosklipsien avulla pienet peitteenpalat voidaan liitt\u00e4\u00e4 yhteen tilaan ja muodostaa suuri pinta-ala.<br \/>\nSopii sek\u00e4 lasille ett\u00e4 polykarbonaatille.<\/p>\n","protected":false},"excerpt":{"rendered":"<p>Kasvihuoneen kannen liit\u00e4nt\u00e4puristimet, metallia. Kasvihuoneliitosklipsien avulla pienet peitteenpalat voidaan liitt\u00e4\u00e4 yhteen tilaan ja muodostaa suuri pinta-ala. Sopii sek\u00e4 lasille ett\u00e4 polykarbonaatille.<\/p>\n","protected":false},"featured_media":13913,"comment_status":"closed","ping_status":"closed","template":"","meta":[],"product_brand":[],"product_cat":[221],"product_tag":[],"class_list":{"0":"post-29655","1":"product","2":"type-product","3":"status-publish","4":"has-post-thumbnail","6":"product_cat-kasvihuoneen-lisavaruste","7":"infinite-scroll-item","8":"no-featured-image-padding","9":"sales-flash-overlay","10":"woocommerce-text-align-left","11":"woocommerce-image-align-center","12":"do-quantity-buttons","14":"first","15":"instock","16":"shipping-taxable","17":"purchasable","18":"product-type-simple"},"_links":{"self":[{"href":"https:\/\/fi.vitavia.ee\/kasvuhoone\/wp-json\/wp\/v2\/product\/29655","targetHints":{"allow":["GET"]}}],"collection":[{"href":"https:\/\/fi.vitavia.ee\/kasvuhoone\/wp-json\/wp\/v2\/product"}],"about":[{"href":"https:\/\/fi.vitavia.ee\/kasvuhoone\/wp-json\/wp\/v2\/types\/product"}],"replies":[{"embeddable":true,"href":"https:\/\/fi.vitavia.ee\/kasvuhoone\/wp-json\/wp\/v2\/comments?post=29655"}],"wp:featuredmedia":[{"embeddable":true,"href":"https:\/\/fi.vitavia.ee\/kasvuhoone\/wp-json\/wp\/v2\/media\/13913"}],"wp:attachment":[{"href":"https:\/\/fi.vitavia.ee\/kasvuhoone\/wp-json\/wp\/v2\/media?parent=29655"}],"wp:term":[{"taxonomy":"product_brand","embeddable":true,"href":"https:\/\/fi.vitavia.ee\/kasvuhoone\/wp-json\/wp\/v2\/product_brand?post=29655"},{"taxonomy":"product_cat","embeddable":true,"href":"https:\/\/fi.vitavia.ee\/kasvuhoone\/wp-json\/wp\/v2\/product_cat?post=29655"},{"taxonomy":"product_tag","embeddable":true,"href":"https:\/\/fi.vitavia.ee\/kasvuhoone\/wp-json\/wp\/v2\/product_tag?post=29655"}],"curies":[{"name":"wp","href":"https:\/\/api.w.org\/{rel}","templated":true}]}}