{"id":29131,"date":"2025-01-14T14:08:59","date_gmt":"2025-01-14T11:09:01","guid":{"rendered":"https:\/\/vitavia.ee\/kasvuhoone\/?post_type=product&#038;p=29131"},"modified":"2025-02-11T20:57:17","modified_gmt":"2025-02-11T17:57:17","slug":"seinalle-kiinnitettava-kasvihuone-vitavia-ida-1300-kopeeri","status":"publish","type":"product","link":"https:\/\/fi.vitavia.ee\/kasvuhoone\/tuote\/seinalle-kiinnitettava-kasvihuone-vitavia-ida-1300-kopeeri\/","title":{"rendered":"Sein\u00e4kasvihuone Vitavia Ida 1300 outlet"},"content":{"rendered":"<h3><strong>Vitavia IDA &#8211; sein\u00e4\u00e4n asennettava kasvihuone yhdell\u00e4 liukuovella \/ 0,69 mx 1,94 m<br \/>\n<\/strong><\/h3>\n<p>Sein\u00e4\u00e4n kiinnitett\u00e4v\u00e4 kasvihuone on ihanteellinen niille, joilla on v\u00e4hemm\u00e4n tilaa.<\/p>\n<p>Pienemm\u00e4t mallit voidaan sijoittaa jopa parvekkeelle tai verannalle, jolloin voit hoitaa kasveja jopa kaupunkiasunnoissa.<br \/>\n Pienemmiss\u00e4 puutarhoissa kasvihuoneen voi sijoittaa yksinkertaisesti talon sein\u00e4\u00e4 vasten, eik\u00e4 se vaadi suurta pinta-alaa.<\/p>\n<p>Sein\u00e4lle asennettavia malleja on saatavana kuudessa eri koossa.<\/p>\n<p>Kaikissa malleissa on koosta riippuen 1-2 kattoikkunaa ja 1 tai 2 liukuovea.<\/p>\n<p><strong>Kokotaulukko Ida kasvihuoneen eri malleille:<\/strong><\/p>\n<div class=\"tabel-scroll-x\">\n<table class=\"spec\" border=\"0\">\n<tbody>\n<tr>\n<th style=\"text-align: left;\" width=\"90\">Malli<\/th>\n<th style=\"text-align: left;\" width=\"72\">Alue<\/th>\n<th style=\"text-align: left;\" width=\"72\">Pituus<\/th>\n<th style=\"text-align: left;\" width=\"72\">Leveys<\/th>\n<th style=\"text-align: left;\" width=\"72\">Sivu<\/th>\n<th style=\"text-align: left;\" width=\"72\">Korkeus<\/th>\n<th style=\"text-align: left;\" width=\"50\">Aknaid<\/th>\n<\/tr>\n<tr>\n<td>Ida 900<\/td>\n<td>0,9 m\u00b2<\/td>\n<td>1,32 m<\/td>\n<td>0,69 m<\/td>\n<td>1,52 m<\/td>\n<td>1,84 m<\/td>\n<td>1<\/td>\n<\/tr>\n<tr>\n<td>Ida 1300<\/td>\n<td>1,34 m\u00b2<\/td>\n<td>1,94 m<\/td>\n<td>0,69 m<\/td>\n<td>1,52 m<\/td>\n<td>1,84 m<\/td>\n<td>1<\/td>\n<\/tr>\n<tr>\n<td>Ida 3300<\/td>\n<td>3,3 m\u00b2<\/td>\n<td>2.57m<\/td>\n<td>1,3 m<\/td>\n<td>1,65 m<\/td>\n<td>2,22 m<\/td>\n<td>1<\/td>\n<\/tr>\n<tr>\n<td>Ida 5200<\/td>\n<td>5,2 m\u00b2<\/td>\n<td>2,62 m<\/td>\n<td>2,01 m<\/td>\n<td>1,69 m<\/td>\n<td>2,21 m<\/td>\n<td>1<\/td>\n<\/tr>\n<tr>\n<td>Ida 6500<\/td>\n<td>6,5 m\u00b2<\/td>\n<td>3,24 m<\/td>\n<td>2,01 m<\/td>\n<td>1,69 m<\/td>\n<td>2,21 m<\/td>\n<td>2<\/td>\n<\/tr>\n<tr>\n<td>Ida 7800<\/td>\n<td>7,8 m\u00b2<\/td>\n<td>3,87 m<\/td>\n<td>2,01 m<\/td>\n<td>1,69 m<\/td>\n<td>2,21 m<\/td>\n<td>2<\/td>\n<\/tr>\n<\/tbody>\n<\/table>\n<\/div>\n<p><em>&#8211; V\u00e4rivaihtoehtoina harmaa ja pulverimaalattu musta tai vihre\u00e4. Kolme suurempaa mallia on saatavana vain harmaana ja mustana.<br \/>\n &#8211; P\u00e4\u00e4lliseksi voit valita joko 3 mm lasia tai 4 mm polykarbonaattia<br \/>\n &#8211; 1 tai 2 liukuovea edess\u00e4 koosta riippuen<br \/>\n &#8211; 1-2 kattoikkunaa<br \/>\n &#8211; Kaikki mallit ovat saatavilla jaloilla varustetulla rungolla<br \/>\n<\/em><\/p>\n<p>Runko on valmistettu anodisoidusta alumiinista (varmistaa alumiinin pitk\u00e4kestoisen kauniin ulkon\u00e4\u00f6n ja kest\u00e4vyyden) ja saatavana my\u00f6s jauhemaalattuina.<\/p>\n<p>Erilaisia lis\u00e4varusteita voidaan tilata: ikkuna, pohjan tuuletusluukku, automaattinen ikkunanavaaja, pohjakehys, sis\u00e4iset hyllyt jne.<\/p>\n<p><strong><a href=\"http:\/\/mwlconstruct.eu\/e-pood\/tootekategooria\/kasvuhoone-lisavarustus\/\" target=\"_blank\" rel=\"noopener noreferrer\">Katso lis\u00e4varusteet<\/a><\/strong><\/p>\n<p><em>S\u00e4\u00e4ti\u00f6 ei ole ehdottoman v\u00e4ltt\u00e4m\u00e4t\u00f6n, mutta suositeltavaa.<br \/>\n Jos kasvihuoneessa on pohjarunko, se voidaan kiinnitt\u00e4\u00e4 suoraan maahan tai muuhun esivalmistettuun pintaan (puuterassi tai kivipinta).<br \/>\n Tuotteen hinta ei sis\u00e4ll\u00e4 pohjarunkoa.<\/em><\/p>\n<h3><a href=\"https:\/\/youtu.be\/-4zXyeMetnM\" target=\"_blank\" rel=\"noopener noreferrer\">Vitavian esittelyvideo  <\/a><\/h3>\n<h3><a href=\"https:\/\/youtu.be\/Lfgc5DIekdY\" target=\"_blank\" rel=\"noopener noreferrer\">Esittelyvideo sein\u00e4lle asennetusta kasvihuoneesta<\/a><\/h3>\n","protected":false},"excerpt":{"rendered":"<p><span title=\"Katso kaikki mitat alla olevasta taulukosta\">0,69 m x 1,94 m = 1,3 m\u00b2<\/span><br \/>\n <a class=\"alus_rm\" href=\"https:\/\/vitavia.ee\/kasvuhoone\/wp-content\/uploads\/2021\/06\/Kasvuhoone_Ida_paigaldusjuhend_900-1300-003.01.1703_-_dansk_tekst.pdf#page=6\" target=\"blanc\" rel=\"noopener\"><span class=\"alus_rm_bold\">HUOM!<\/span> Katso kasvihuoneen pohjarungon ulkomitat t\u00e4\u00e4lt\u00e4.<\/a><br \/>\n <span style=\"color: #f5bd2f;\"><strong>Kuukausimaksu alkaen. 27,08 \u20ac<\/strong><\/span><\/p>\n","protected":false},"featured_media":20934,"comment_status":"closed","ping_status":"closed","template":"","meta":[],"product_brand":[],"product_cat":[1678],"product_tag":[349,350,1081,1084,469,1693,549],"class_list":{"0":"post-29131","1":"product","2":"type-product","3":"status-publish","4":"has-post-thumbnail","6":"product_cat-kasvihuoneen-outlet","7":"product_tag-kasvihuone","8":"product_tag-kasvihuoneet","9":"product_tag-seinalle-kiinnitettava-kasvihuone","10":"product_tag-seinakasvihuone","11":"product_tag-vitavia-fi","12":"product_tag-pistorasia","13":"product_tag-ida-fi","14":"pa_kattematerjal-lasi","15":"pa_kattematerjal-polykarbonaatti-4-mm","16":"pa_kulje-korgus-152-m-fi","17":"pa_laius-069-m-fi","18":"pa_pikkus-195-m-fi","19":"pa_pindala-13-m-fi","20":"pa_pindala_vahemik-09-5-m-fi","21":"pa_tipu-korgus-184-m-fi","22":"pa_varv-vihrea","23":"pa_varv-halli","24":"infinite-scroll-item","25":"no-featured-image-padding","26":"sales-flash-overlay","27":"woocommerce-text-align-left","28":"woocommerce-image-align-center","29":"do-quantity-buttons","31":"first","32":"instock","33":"sale","34":"shipping-taxable","35":"purchasable","36":"product-type-variable"},"_links":{"self":[{"href":"https:\/\/fi.vitavia.ee\/kasvuhoone\/wp-json\/wp\/v2\/product\/29131","targetHints":{"allow":["GET"]}}],"collection":[{"href":"https:\/\/fi.vitavia.ee\/kasvuhoone\/wp-json\/wp\/v2\/product"}],"about":[{"href":"https:\/\/fi.vitavia.ee\/kasvuhoone\/wp-json\/wp\/v2\/types\/product"}],"replies":[{"embeddable":true,"href":"https:\/\/fi.vitavia.ee\/kasvuhoone\/wp-json\/wp\/v2\/comments?post=29131"}],"wp:featuredmedia":[{"embeddable":true,"href":"https:\/\/fi.vitavia.ee\/kasvuhoone\/wp-json\/wp\/v2\/media\/20934"}],"wp:attachment":[{"href":"https:\/\/fi.vitavia.ee\/kasvuhoone\/wp-json\/wp\/v2\/media?parent=29131"}],"wp:term":[{"taxonomy":"product_brand","embeddable":true,"href":"https:\/\/fi.vitavia.ee\/kasvuhoone\/wp-json\/wp\/v2\/product_brand?post=29131"},{"taxonomy":"product_cat","embeddable":true,"href":"https:\/\/fi.vitavia.ee\/kasvuhoone\/wp-json\/wp\/v2\/product_cat?post=29131"},{"taxonomy":"product_tag","embeddable":true,"href":"https:\/\/fi.vitavia.ee\/kasvuhoone\/wp-json\/wp\/v2\/product_tag?post=29131"}],"curies":[{"name":"wp","href":"https:\/\/api.w.org\/{rel}","templated":true}]}}