{"id":28705,"date":"2025-01-13T13:35:36","date_gmt":"2025-01-13T10:35:36","guid":{"rendered":"https:\/\/vitavia.ee\/kasvuhoone\/?post_type=product&#038;p=28705"},"modified":"2025-02-11T20:18:46","modified_gmt":"2025-02-11T17:18:46","slug":"kasvihuone-vitavia-jupiter-6700-67m%c2%b2-kopeeri","status":"publish","type":"product","link":"https:\/\/fi.vitavia.ee\/kasvuhoone\/tuote\/kasvihuone-vitavia-jupiter-6700-67m%c2%b2-kopeeri\/","title":{"rendered":"Kasvihuone Vitavia Jupiter 6700 6,7m\u00b2 outlet"},"content":{"rendered":"<h3><strong>Vitavia JUPITER &#8211; tyylik\u00e4s tanskalainen kasvihuone tilavalla sis\u00e4\u00e4nk\u00e4ynnill\u00e4.<\/strong><\/h3>\n<p>2,57 metri\u00e4 leve\u00e4 kasvihuone on saatavana nelj\u00e4n\u00e4 eri pituutena.<br \/>\nTilavassa kasvihuoneessa on tilaa sek\u00e4 kasveille ett\u00e4 mukavalle oleskelualueelle.<\/p>\n<p>Jupiter -kasvihuoneissa on my\u00f6s riitt\u00e4v\u00e4sti tilaa sisustaa se ainutlaatuisella ja mielenkiintoisella tavalla.<\/p>\n<p>Kasvihuoneen etuosassa on 1,75 metri\u00e4 korkeat liukuovet. Ovet voidaan kiinnitt\u00e4\u00e4 eri aukiasentoihin.<\/p>\n<p>Jupiter -kasvihuoneissa on vakiona kahdesta nelj\u00e4\u00e4n kattoikkunaa koosta riippuen.<\/p>\n<p><strong>Kokotaulukko eri Jupiter kasvihuonemalleille:<\/strong><\/p>\n<div class=\"tabel-scroll-x\">\n<table class=\"spec\" border=\"0\">\n<tbody>\n<tr>\n<th style=\"text-align: left;\" width=\"90\">Malli<\/th>\n<th style=\"text-align: left;\" width=\"72\">Alue<\/th>\n<th style=\"text-align: left;\" width=\"72\">Pituus<\/th>\n<th style=\"text-align: left;\" width=\"72\">Leveys<\/th>\n<th style=\"text-align: left;\" width=\"72\">Sivu<\/th>\n<th style=\"text-align: left;\" width=\"72\">Korkeus<\/th>\n<th style=\"text-align: left;\" width=\"50\">Aknaid<\/th>\n<\/tr>\n<tr>\n<td>Jupiter 6700<\/td>\n<td>6,7 m\u00b2<\/td>\n<td>2.58m<\/td>\n<td>2.57m<\/td>\n<td>1.51m<\/td>\n<td>2.46m<\/td>\n<td>2<\/td>\n<\/tr>\n<tr>\n<td>Jupiter 8300<\/td>\n<td>8,3 m\u00b2<\/td>\n<td>3.21m<\/td>\n<td>2.57m<\/td>\n<td>1.51m<\/td>\n<td>2.46m<\/td>\n<td>4<\/td>\n<\/tr>\n<tr>\n<td>Jupiter 9900<\/td>\n<td>9,9 m\u00b2<\/td>\n<td>3.84m<\/td>\n<td>2.57m<\/td>\n<td>1.51m<\/td>\n<td>2.46m<\/td>\n<td>4<\/td>\n<\/tr>\n<tr>\n<td>Jupiter 11500<\/td>\n<td>11,5 m\u00b2<\/td>\n<td>4.46m<\/td>\n<td>2.57m<\/td>\n<td>1.51m<\/td>\n<td>2.46m<\/td>\n<td>4<\/td>\n<\/tr>\n<\/tbody>\n<\/table>\n<\/div>\n<p><em>&#8211; Saatavana harmaana ja vihre\u00e4n\u00e4. Kaksi isompaa mallia ovat my\u00f6s mustia.<br \/>\n &#8211; P\u00e4\u00e4lliseksi voit valita 3 mm lasia, karkaistua lasia tai 6 mm polykarbonaattia<br \/>\n &#8211; Kaksinkertaiset liukuovet edess\u00e4<br \/>\n &#8211; 2-4 kattoikkunaa<br \/>\n &#8211; Pohjakehys saatavilla kaikkiin malleihin<br \/>\n<\/em><\/p>\n<p>Runko on valmistettu anodisoidusta alumiinista (joka antaa alumiinille pitk\u00e4aikaisen kauniin ulkon\u00e4\u00f6n ja kest\u00e4vyyden), ja se on saatavana my\u00f6s pulverimaalattuna.<\/p>\n<p>Erilaisia lis\u00e4varusteita voidaan tilata: ikkuna, pohjan tuuletusluukku, automaattinen ikkunanavaaja, pohjakehys, sis\u00e4iset hyllyt jne.<\/p>\n<p><strong><a href=\"http:\/\/mwlconstruct.eu\/e-pood\/tootekategooria\/kasvuhoone-lisavarustus\/\" target=\"_blank\" rel=\"noopener noreferrer\">Katso lis\u00e4varusteet<\/a><\/strong><\/p>\n<p><em>S\u00e4\u00e4ti\u00f6 ei ole ehdottoman v\u00e4ltt\u00e4m\u00e4t\u00f6n, mutta suositeltavaa.<br \/>\n Jos kasvihuoneessa on pohjarunko, se voidaan kiinnitt\u00e4\u00e4 nurmikolle tai mihin tahansa muuhun valmistettuun pintaan.<br \/>\n Tuotteen hinta ei sis\u00e4ll\u00e4 pohjarunkoa.<\/em><\/p>\n<h3><a href=\"https:\/\/youtu.be\/-4zXyeMetnM\" target=\"_blank\" rel=\"noopener noreferrer\">Vitavian esittelyvideo  <\/a><\/h3>\n","protected":false},"excerpt":{"rendered":"<p><span title=\"Katso kaikki mitat alla olevasta taulukosta\">2,57m x 2,58m = 6,7m\u00b2.<\/span><br \/>\n<a style=\"color: #3a3a3a;\" href=\"https:\/\/vitavia.ee\/wp-content\/uploads\/2020\/05\/Kasvuhoone-Jupiter-paigaldusjuhend.pdf#page=20\" target=\"blanc\" rel=\"noopener\">NB! Kasvihuoneen pohjakehyksen ulkomitat 2544mm x 2544mm<\/a><br \/>\n<span style=\"color: #f5bd2f;\"><strong>Kuukausimaksu alkaen 81,58 \u20ac<\/strong><\/span><\/p>\n","protected":false},"featured_media":12824,"comment_status":"closed","ping_status":"closed","template":"","meta":[],"product_brand":[],"product_cat":[1678],"product_tag":[1686,469,1667,1668,1693,349,1708,350,351,352,353,354,1015,1685,355],"class_list":{"0":"post-28705","1":"product","2":"type-product","3":"status-publish","4":"has-post-thumbnail","6":"product_cat-kasvihuoneen-outlet","7":"product_tag-polykarbonaatti","8":"product_tag-vitavia-fi","9":"product_tag-karkaistu-lasi","10":"product_tag-sivut-karkaistua-lasia-ja-katto-polykarbonaattia","11":"product_tag-pistorasia","12":"product_tag-kasvihuone","13":"product_tag-sivut-lasi-ja-katto-polykarbonaattia","14":"product_tag-kasvihuoneet","15":"product_tag-kasvihuone-fi","16":"product_tag-kasvihuone-fi-2","17":"product_tag-kasvihuoneet-fi","18":"product_tag-triiphone-fi","19":"product_tag-jupiter-fi","20":"product_tag-lasi","21":"product_tag-triplex-fi","22":"pa_kattematerjal-lasi","23":"pa_kulje-korgus-151-m-fi","24":"pa_laius-257-m-fi","25":"pa_pikkus-258-m-fi","26":"pa_pindala-67-m2-fi","27":"pa_pindala_vahemik-5-9-m-fi","28":"pa_tipu-korgus-246-m-fi","29":"pa_varv-halli","30":"infinite-scroll-item","31":"no-featured-image-padding","32":"sales-flash-overlay","33":"woocommerce-text-align-left","34":"woocommerce-image-align-center","35":"do-quantity-buttons","37":"first","38":"instock","39":"sale","40":"shipping-taxable","41":"purchasable","42":"product-type-variable","43":"has-default-attributes"},"_links":{"self":[{"href":"https:\/\/fi.vitavia.ee\/kasvuhoone\/wp-json\/wp\/v2\/product\/28705","targetHints":{"allow":["GET"]}}],"collection":[{"href":"https:\/\/fi.vitavia.ee\/kasvuhoone\/wp-json\/wp\/v2\/product"}],"about":[{"href":"https:\/\/fi.vitavia.ee\/kasvuhoone\/wp-json\/wp\/v2\/types\/product"}],"replies":[{"embeddable":true,"href":"https:\/\/fi.vitavia.ee\/kasvuhoone\/wp-json\/wp\/v2\/comments?post=28705"}],"wp:featuredmedia":[{"embeddable":true,"href":"https:\/\/fi.vitavia.ee\/kasvuhoone\/wp-json\/wp\/v2\/media\/12824"}],"wp:attachment":[{"href":"https:\/\/fi.vitavia.ee\/kasvuhoone\/wp-json\/wp\/v2\/media?parent=28705"}],"wp:term":[{"taxonomy":"product_brand","embeddable":true,"href":"https:\/\/fi.vitavia.ee\/kasvuhoone\/wp-json\/wp\/v2\/product_brand?post=28705"},{"taxonomy":"product_cat","embeddable":true,"href":"https:\/\/fi.vitavia.ee\/kasvuhoone\/wp-json\/wp\/v2\/product_cat?post=28705"},{"taxonomy":"product_tag","embeddable":true,"href":"https:\/\/fi.vitavia.ee\/kasvuhoone\/wp-json\/wp\/v2\/product_tag?post=28705"}],"curies":[{"name":"wp","href":"https:\/\/api.w.org\/{rel}","templated":true}]}}