{"id":28302,"date":"2025-01-09T11:01:58","date_gmt":"2025-01-09T08:01:58","guid":{"rendered":"https:\/\/vitavia.ee\/kasvuhoone\/?post_type=product&#038;p=28302"},"modified":"2025-02-11T20:54:02","modified_gmt":"2025-02-11T17:54:02","slug":"kasvihuone-vitavia-venus-6200-kopeeri","status":"publish","type":"product","link":"https:\/\/fi.vitavia.ee\/kasvuhoone\/tuote\/kasvihuone-vitavia-venus-6200-kopeeri\/","title":{"rendered":"Kasvihuone Vitavia Venus 6200 outlet"},"content":{"rendered":"<h3><strong>Vitavia VENUS &#8211; ihanteellinen kasvihuone, joka sopii useimmille puutarhureille \/ 1,93 mx 3,21 m.<\/strong><\/h3>\n<p>1,93 metri\u00e4 leve\u00e4 kasvihuone on saatavana viidess\u00e4 eri pituudessa.<br \/>\nSiksi se soveltuu aloittelijoille pienemm\u00e4ss\u00e4 koossaan sek\u00e4 edistyneemmille ja kokeneemmille puutarhureille suuremmassa koossaan.<\/p>\n<p>Kasvihuoneessa on yksi liukuovi, joka voidaan avata joko oikealle tai vasemmalle puolelle. Avoin ovi voidaan my\u00f6s kiinnitt\u00e4\u00e4 eri aukiasentoihin.<\/p>\n<p>Venus-kasvihuoneissa on koosta riippuen yksi tai kaksi kattoikkunaa.<\/p>\n<p><strong>Venus-kasvihuoneen kokotaulukko eri malleille:<\/strong><\/p>\n<div class=\"tabel-scroll-x\">\n<table class=\"spec\" border=\"0\">\n<tbody>\n<tr>\n<th style=\"text-align: left;\" width=\"90\">Malli<\/th>\n<th style=\"text-align: left;\" width=\"72\">Alue<\/th>\n<th style=\"text-align: left;\" width=\"72\">Pituus<\/th>\n<th style=\"text-align: left;\" width=\"72\">Leveys<\/th>\n<th style=\"text-align: left;\" width=\"72\">Sivu<\/th>\n<th style=\"text-align: left;\" width=\"72\">Korkeus<\/th>\n<th style=\"text-align: left;\" width=\"50\">Aknaid<\/th>\n<\/tr>\n<tr>\n<td>Venus 2500<\/td>\n<td>2<sup>.5m2<\/sup><\/td>\n<td>1.31m<\/td>\n<td>1.93m<\/td>\n<td>1.24m<\/td>\n<td>1.97m<\/td>\n<td>1<\/td>\n<\/tr>\n<tr>\n<td>Venus 3800<\/td>\n<td>3<sup>.8m2<\/sup><\/td>\n<td>1.95m<\/td>\n<td>1.93m<\/td>\n<td>1.24m<\/td>\n<td>1.97m<\/td>\n<td>1<\/td>\n<\/tr>\n<tr>\n<td>Venus 5000<\/td>\n<td>5<sup>.0m2<\/sup><\/td>\n<td>2.57m<\/td>\n<td>1.93m<\/td>\n<td>1.24m<\/td>\n<td>1.97m<\/td>\n<td>1<\/td>\n<\/tr>\n<tr>\n<td>Venus 6200<\/td>\n<td>6<sup>.2m2<\/sup><\/td>\n<td>3.21m<\/td>\n<td>1.93m<\/td>\n<td>1.24m<\/td>\n<td>1.97m<\/td>\n<td>2<\/td>\n<\/tr>\n<tr>\n<td>Venus 7500<\/td>\n<td>7<sup>.5m2<\/sup><\/td>\n<td>3.84m<\/td>\n<td>1.93m<\/td>\n<td>1.24m<\/td>\n<td>1.97m<\/td>\n<td>2<\/td>\n<\/tr>\n<\/tbody>\n<\/table>\n<\/div>\n<p><em>&#8211; v\u00e4rivaihtoehdot: harmaa ja vihre\u00e4 tai musta<br \/>\n &#8211; P\u00e4\u00e4lliseksi voit valita 3 mm lasia, karkaistua lasia tai 4 mm polykarbonaattia<br \/>\n &#8211; yksi liukuovi edess\u00e4<br \/>\n &#8211; 1 tai 2 kattoikkunaa koosta riippuen<br \/>\n &#8211; pohjarunko kaikissa malleissa<\/em><\/p>\n<p>Runko on valmistettu anodisoidusta alumiinista (alumiinin pitk\u00e4ik\u00e4isen kauniin ulkon\u00e4\u00f6n ja kest\u00e4vyyden vuoksi), ja se on saatavana my\u00f6s jauhemaalattuna.<\/p>\n<p>Erilaisia lis\u00e4varusteita voidaan tilata: ikkuna, pohjan tuuletusluukku, automaattinen ikkunanavaaja, pohjakehys, sis\u00e4iset hyllyt jne.<\/p>\n<h4><strong><a href=\"http:\/\/mwlconstruct.eu\/e-pood\/tootekategooria\/kasvuhoone-lisavarustus\/\" target=\"_blank\" rel=\"noopener noreferrer\">Katso lis\u00e4varusteet<\/a><\/strong><\/h4>\n<p><em>S\u00e4\u00e4ti\u00f6 ei ole ehdottoman v\u00e4ltt\u00e4m\u00e4t\u00f6n, mutta suositeltavaa.<br \/>\n Jos kasvihuoneessa on pohjarunko, se voidaan kiinnitt\u00e4\u00e4 maahan tai muuhun valmistettuun pintaan (puuterassi tai kivipinta).<br \/>\n Tuotteen hinta ei sis\u00e4ll\u00e4 pohjarunkoa.<\/em><\/p>\n<h3><a href=\"https:\/\/youtu.be\/-4zXyeMetnM\" target=\"_blank\" rel=\"noopener noreferrer\">Vitavian esittelyvideo  <\/a><\/h3>\n","protected":false},"excerpt":{"rendered":"<p><span title=\"Katso kaikki mitat alla olevasta taulukosta\">1,93m x 3,21m = 6,2m\u00b2.<\/span><br \/>\n<a class=\"alus_rm\" href=\"https:\/\/vitavia.ee\/wp-content\/uploads\/2020\/05\/Kasvuhoone-Venus-6200-7500-paigaldusjuhend.pdf#page=42\" target=\"blanc\" rel=\"noopener\">NB! Kasvihuoneen pohjakehyksen ulkomitat katso t\u00e4st\u00e4<\/a><br \/>\n<span style=\"color: #f5bd2f;\"><strong>Kuukausimaksu alkaen. 62,08 \u20ac<\/strong><\/span><\/p>\n","protected":false},"featured_media":12424,"comment_status":"open","ping_status":"closed","template":"","meta":[],"product_brand":[],"product_cat":[1678],"product_tag":[351,352,353,1685,1686,995,1667,349,350,1693],"class_list":{"0":"post-28302","1":"product","2":"type-product","3":"status-publish","4":"has-post-thumbnail","6":"product_cat-kasvihuoneen-outlet","7":"product_tag-kasvihuone-fi","8":"product_tag-kasvihuone-fi-2","9":"product_tag-kasvihuoneet-fi","10":"product_tag-lasi","11":"product_tag-polykarbonaatti","12":"product_tag-venus-fi","13":"product_tag-karkaistu-lasi","14":"product_tag-kasvihuone","15":"product_tag-kasvihuoneet","16":"product_tag-pistorasia","17":"pa_kattematerjal-polykarbonaatti","18":"pa_kattematerjal-lasi","19":"pa_kattematerjal-karkaistu-lasi","20":"pa_kulje-korgus-124-m-fi","21":"pa_laius-193-m-fi","22":"pa_pikkus-321-m-fi","23":"pa_pindala-62-m2-fi","24":"pa_pindala_vahemik-5-9-m-fi","25":"pa_tipu-korgus-197-m-fi","26":"pa_varv-musta","27":"pa_varv-vihrea","28":"pa_varv-halli","29":"infinite-scroll-item","30":"no-featured-image-padding","31":"sales-flash-overlay","32":"woocommerce-text-align-left","33":"woocommerce-image-align-center","34":"do-quantity-buttons","36":"first","37":"instock","38":"sale","39":"shipping-taxable","40":"purchasable","41":"product-type-variable"},"_links":{"self":[{"href":"https:\/\/fi.vitavia.ee\/kasvuhoone\/wp-json\/wp\/v2\/product\/28302","targetHints":{"allow":["GET"]}}],"collection":[{"href":"https:\/\/fi.vitavia.ee\/kasvuhoone\/wp-json\/wp\/v2\/product"}],"about":[{"href":"https:\/\/fi.vitavia.ee\/kasvuhoone\/wp-json\/wp\/v2\/types\/product"}],"replies":[{"embeddable":true,"href":"https:\/\/fi.vitavia.ee\/kasvuhoone\/wp-json\/wp\/v2\/comments?post=28302"}],"wp:featuredmedia":[{"embeddable":true,"href":"https:\/\/fi.vitavia.ee\/kasvuhoone\/wp-json\/wp\/v2\/media\/12424"}],"wp:attachment":[{"href":"https:\/\/fi.vitavia.ee\/kasvuhoone\/wp-json\/wp\/v2\/media?parent=28302"}],"wp:term":[{"taxonomy":"product_brand","embeddable":true,"href":"https:\/\/fi.vitavia.ee\/kasvuhoone\/wp-json\/wp\/v2\/product_brand?post=28302"},{"taxonomy":"product_cat","embeddable":true,"href":"https:\/\/fi.vitavia.ee\/kasvuhoone\/wp-json\/wp\/v2\/product_cat?post=28302"},{"taxonomy":"product_tag","embeddable":true,"href":"https:\/\/fi.vitavia.ee\/kasvuhoone\/wp-json\/wp\/v2\/product_tag?post=28302"}],"curies":[{"name":"wp","href":"https:\/\/api.w.org\/{rel}","templated":true}]}}