{"id":27606,"date":"2025-01-07T21:04:25","date_gmt":"2025-01-07T18:04:25","guid":{"rendered":"https:\/\/vitavia.ee\/kasvuhoone\/?post_type=product&#038;p=27606"},"modified":"2025-02-11T20:41:09","modified_gmt":"2025-02-11T17:41:09","slug":"kasvihuone-vitavia-neptun-9900-kopeeri","status":"publish","type":"product","link":"https:\/\/fi.vitavia.ee\/kasvuhoone\/tuote\/kasvihuone-vitavia-neptun-9900-kopeeri\/","title":{"rendered":"Kasvihuone Vitavia Neptun 9900 outlet"},"content":{"rendered":"<h3><strong>Vitavia NEPTUN &#8211; tyylik\u00e4s tanskalainen kasvihuone kunnioitettavaan puutarhaan.<\/strong><\/h3>\n<p>2,57 metri\u00e4 leve\u00e4 kasvihuone on saatavana nelj\u00e4n\u00e4 eri pituutena.<br \/>\nRiitt\u00e4v\u00e4n korkea ja leve\u00e4 kasvihuone antaa kasveille riitt\u00e4v\u00e4sti tilaa kasvaa ja kehitty\u00e4.<\/p>\n<p>Neptun -kasvihuoneissa on my\u00f6s riitt\u00e4v\u00e4sti tilaa sisustaa se ainutlaatuisella ja mielenkiintoisella tavalla.<\/p>\n<p>Kasvihuoneessa on yksi 1,75 m korkea liukuovi, joka voidaan asentaa sek\u00e4 oikealle ett\u00e4 vasemmalle puolelle avaamista varten. Avoin ovi voidaan my\u00f6s kiinnitt\u00e4\u00e4 eri aukiasentoihin.<\/p>\n<p>Neptunin kasvihuoneissa on vakiona kaksi kattoikkunaa.<\/p>\n<p><strong>Neptun-kasvihuoneen eri mallien kokotaulukko:<\/strong><\/p>\n<div class=\"tabel-scroll-x\">\n<table class=\"spec\" border=\"0\">\n<tbody>\n<tr>\n<th style=\"text-align: left;\" width=\"90\">Malli<\/th>\n<th style=\"text-align: left;\" width=\"72\">Alue<\/th>\n<th style=\"text-align: left;\" width=\"72\">Pituus<\/th>\n<th style=\"text-align: left;\" width=\"72\">Leveys<\/th>\n<th style=\"text-align: left;\" width=\"72\">Sivu<\/th>\n<th style=\"text-align: left;\" width=\"72\">Korkeus<\/th>\n<th style=\"text-align: left;\" width=\"50\">Aknaid<\/th>\n<\/tr>\n<tr>\n<td>Neptunus 6700<\/td>\n<td>6,7 m\u00b2<\/td>\n<td>2.58m<\/td>\n<td>2.57m<\/td>\n<td>1.35m<\/td>\n<td>2.30m<\/td>\n<td>2<\/td>\n<\/tr>\n<tr>\n<td>Neptunus 8300<\/td>\n<td>8,3 m\u00b2<\/td>\n<td>3.21m<\/td>\n<td>2.57m<\/td>\n<td>1.35m<\/td>\n<td>2.30m<\/td>\n<td>2<\/td>\n<\/tr>\n<tr>\n<td>Neptunus 9900<\/td>\n<td>9,9 m\u00b2<\/td>\n<td>3.84m<\/td>\n<td>2.57m<\/td>\n<td>1.35m<\/td>\n<td>2.30m<\/td>\n<td>2<\/td>\n<\/tr>\n<tr>\n<td>Neptunus 11500<\/td>\n<td>11,5 m\u00b2<\/td>\n<td>4.46m<\/td>\n<td>2.57m<\/td>\n<td>1.35m<\/td>\n<td>2.30m<\/td>\n<td>2<\/td>\n<\/tr>\n<\/tbody>\n<\/table>\n<\/div>\n<p><em>&#8211; v\u00e4rivaihtoehtoina harmaa ja pulverimaalattu musta<br \/>\n &#8211; P\u00e4\u00e4lliseksi voit valita 3 mm lasia, karkaistua lasia tai 6 mm polykarbonaattia<br \/>\n &#8211; yksi liukuovi edess\u00e4<br \/>\n &#8211; 2 kattoikkunaa<br \/>\n &#8211; kaikissa malleissa on perusrunko jaloilla lis\u00e4varusteena<\/em><\/p>\n<p>Runko on valmistettu anodisoidusta alumiinista (alumiinin pitk\u00e4ik\u00e4isen kauniin ulkon\u00e4\u00f6n ja kest\u00e4vyyden vuoksi), ja se on saatavana my\u00f6s jauhemaalattuna.<\/p>\n<p>Erilaisia lis\u00e4varusteita voidaan tilata: ikkuna, pohjan tuuletusluukku, automaattinen ikkunanavaaja, pohjakehys, sis\u00e4iset hyllyt jne.<\/p>\n<p><strong><a href=\"http:\/\/mwlconstruct.eu\/e-pood\/tootekategooria\/kasvuhoone-lisavarustus\/\" target=\"_blank\" rel=\"noopener noreferrer\">Katso lis\u00e4varusteet<\/a><\/strong><\/p>\n<p><em>S\u00e4\u00e4ti\u00f6 ei ole ehdottoman v\u00e4ltt\u00e4m\u00e4t\u00f6n, mutta suositeltavaa.<br \/>\n Jos kasvihuoneessa on jaloilla varustettu pohjarunko, se voidaan kiinnitt\u00e4\u00e4 maahan tai muuhun valmistettuun pintaan (puuterassi tai kivipinta).<br \/>\n Tuotteen hinta ei sis\u00e4ll\u00e4 pohjarunkoa.<\/em><\/p>\n<h3><a href=\"https:\/\/youtu.be\/-4zXyeMetnM\" target=\"_blank\" rel=\"noopener noreferrer\">Vitavian esittelyvideo  <\/a><\/h3>\n","protected":false},"excerpt":{"rendered":"<p><span title=\"Katso kaikki mitat alla olevasta taulukosta\">2,57 m x 3,84 m = 9,9 m\u00b2<\/span><br \/>\n <span style=\"color: #f5bd2f;\"><strong>Kuukausimaksu alkaen. 110,42 \u20ac<\/strong><\/span><\/p>\n","protected":false},"featured_media":12564,"comment_status":"closed","ping_status":"closed","template":"","meta":[],"product_brand":[],"product_cat":[1678],"product_tag":[553,350,351,1667,352,1693,1668,353,1708,354,355,1685,1686,469,349],"class_list":{"0":"post-27606","1":"product","2":"type-product","3":"status-publish","4":"has-post-thumbnail","6":"product_cat-kasvihuoneen-outlet","7":"product_tag-neptun-fi","8":"product_tag-kasvihuoneet","9":"product_tag-kasvihuone-fi","10":"product_tag-karkaistu-lasi","11":"product_tag-kasvihuone-fi-2","12":"product_tag-pistorasia","13":"product_tag-sivut-karkaistua-lasia-ja-katto-polykarbonaattia","14":"product_tag-kasvihuoneet-fi","15":"product_tag-sivut-lasi-ja-katto-polykarbonaattia","16":"product_tag-triiphone-fi","17":"product_tag-triplex-fi","18":"product_tag-lasi","19":"product_tag-polykarbonaatti","20":"product_tag-vitavia-fi","21":"product_tag-kasvihuone","22":"pa_kattematerjal-polykarbonaatti","23":"pa_kattematerjal-karkaistu-lasi","24":"pa_kattematerjal-lasi","25":"pa_kulje-korgus-135-m-fi","26":"pa_laius-257-m-fi","27":"pa_pikkus-384-m-fi","28":"pa_pindala-99-m2-fi","29":"pa_pindala_vahemik-9-12-m-fi","30":"pa_tipu-korgus-230-m-fi","31":"pa_varv-musta","32":"pa_varv-halli","33":"infinite-scroll-item","34":"no-featured-image-padding","35":"sales-flash-overlay","36":"woocommerce-text-align-left","37":"woocommerce-image-align-center","38":"do-quantity-buttons","40":"first","41":"instock","42":"sale","43":"shipping-taxable","44":"purchasable","45":"product-type-variable","46":"has-default-attributes"},"_links":{"self":[{"href":"https:\/\/fi.vitavia.ee\/kasvuhoone\/wp-json\/wp\/v2\/product\/27606","targetHints":{"allow":["GET"]}}],"collection":[{"href":"https:\/\/fi.vitavia.ee\/kasvuhoone\/wp-json\/wp\/v2\/product"}],"about":[{"href":"https:\/\/fi.vitavia.ee\/kasvuhoone\/wp-json\/wp\/v2\/types\/product"}],"replies":[{"embeddable":true,"href":"https:\/\/fi.vitavia.ee\/kasvuhoone\/wp-json\/wp\/v2\/comments?post=27606"}],"wp:featuredmedia":[{"embeddable":true,"href":"https:\/\/fi.vitavia.ee\/kasvuhoone\/wp-json\/wp\/v2\/media\/12564"}],"wp:attachment":[{"href":"https:\/\/fi.vitavia.ee\/kasvuhoone\/wp-json\/wp\/v2\/media?parent=27606"}],"wp:term":[{"taxonomy":"product_brand","embeddable":true,"href":"https:\/\/fi.vitavia.ee\/kasvuhoone\/wp-json\/wp\/v2\/product_brand?post=27606"},{"taxonomy":"product_cat","embeddable":true,"href":"https:\/\/fi.vitavia.ee\/kasvuhoone\/wp-json\/wp\/v2\/product_cat?post=27606"},{"taxonomy":"product_tag","embeddable":true,"href":"https:\/\/fi.vitavia.ee\/kasvuhoone\/wp-json\/wp\/v2\/product_tag?post=27606"}],"curies":[{"name":"wp","href":"https:\/\/api.w.org\/{rel}","templated":true}]}}