{"id":26778,"date":"2025-01-07T19:11:17","date_gmt":"2025-01-07T16:11:17","guid":{"rendered":"https:\/\/vitavia.ee\/kasvuhoone\/?post_type=product&#038;p=26778"},"modified":"2025-02-11T20:46:57","modified_gmt":"2025-02-11T17:46:57","slug":"kasvihuone-vitavia-saturn-6700-kopeeri","status":"publish","type":"product","link":"https:\/\/fi.vitavia.ee\/kasvuhoone\/tuote\/kasvihuone-vitavia-saturn-6700-kopeeri\/","title":{"rendered":"Kasvihuone Vitavia Saturn 6700 outlet"},"content":{"rendered":"<h3><strong>Vitavia SATURN &#8211; kasvihuone, jossa on vieh\u00e4tt\u00e4v\u00e4 muotoilu ja it\u00e4mainen ja satumainen tunnelma.<\/strong><\/h3>\n<p>2,64 m leve\u00e4 ja 2,55 m korkea kasvihuone on saatavana viidess\u00e4 eri pituudessa.<br \/>\nUpea ja valoisa kasvihuone tarjoaa riitt\u00e4v\u00e4sti tilaa kasvien kasvattamiseen ja rentoutumiseen perheen ja yst\u00e4vien kanssa.<\/p>\n<p>Kasvihuoneessa on kaksinkertaiset liukuovet, jotka voidaan kiinnitt\u00e4\u00e4 eri avoimiin asentoihin.<\/p>\n<p>Saturn-kasvihuoneissa on koosta riippuen yhdest\u00e4 nelj\u00e4\u00e4n kattoikkunaa.<br \/>\n Sadekourut molemmilla puolilla ovat my\u00f6s vakiona.<\/p>\n<p><strong>Saturn-kasvihuoneen eri mallien kokotaulukko:<\/strong><\/p>\n<div class=\"tabel-scroll-x\">\n<table class=\"spec\" border=\"0\">\n<tbody>\n<tr>\n<th style=\"text-align: left;\" width=\"90\">Malli<\/th>\n<th style=\"text-align: left;\" width=\"72\">Alue<\/th>\n<th style=\"text-align: left;\" width=\"72\">Pituus<\/th>\n<th style=\"text-align: left;\" width=\"72\">Leveys<\/th>\n<th style=\"text-align: left;\" width=\"72\">Sivu<\/th>\n<th style=\"text-align: left;\" width=\"72\">Korkeus<\/th>\n<th style=\"text-align: left;\" width=\"50\">Aknaid<\/th>\n<\/tr>\n<tr>\n<td>Saturnus 5000<\/td>\n<td>5,0 m\u00b2<\/td>\n<td>1.95m<\/td>\n<td>2,64 m<\/td>\n<td><\/td>\n<td>2,55 m<\/td>\n<td>1<\/td>\n<\/tr>\n<tr>\n<td>Saturnus 6700<\/td>\n<td>6,7 m\u00b2<\/td>\n<td>2.58m<\/td>\n<td>2,64 m<\/td>\n<td><\/td>\n<td>2,55 m<\/td>\n<td>2<\/td>\n<\/tr>\n<tr>\n<td>Saturnus 8300<\/td>\n<td>8,3 m\u00b2<\/td>\n<td>3.21m<\/td>\n<td>2,64 m<\/td>\n<td><\/td>\n<td>2,55 m<\/td>\n<td>2<\/td>\n<\/tr>\n<tr>\n<td>Saturnus 9900<\/td>\n<td>9,9 m\u00b2<\/td>\n<td>3,83 m<\/td>\n<td>2,64 m<\/td>\n<td><\/td>\n<td>2,55 m<\/td>\n<td>4<\/td>\n<\/tr>\n<tr>\n<td>Saturnus 11500<\/td>\n<td>11,5 m\u00b2<\/td>\n<td>4,45 m<\/td>\n<td>2,64 m<\/td>\n<td><\/td>\n<td>2,55 m<\/td>\n<td>4<\/td>\n<\/tr>\n<\/tbody>\n<\/table>\n<\/div>\n<p><em>&#8211; v\u00e4rivaihtoehtoja ovat harmaa ja pulverimaalattu vihre\u00e4 tai musta<br \/>\n &#8211; mallista riippuen voit valita kanneksi 3 mm lasin tai karkaistun lasin<br \/>\n &#8211; Kaarevat sivut on valmistettu korkealaatuisesta UV-kest\u00e4v\u00e4st\u00e4 pleksilasista<br \/>\n &#8211; kaksi liukuovea edess\u00e4<br \/>\n &#8211; koosta riippuen 1-4 kattoikkunaa<br \/>\n &#8211; pohjarunko kaikissa malleissa<\/em><\/p>\n<p>Runko on valmistettu anodisoidusta alumiinista (alumiinin pitk\u00e4ik\u00e4isen kauniin ulkon\u00e4\u00f6n ja kest\u00e4vyyden vuoksi), ja se on saatavana my\u00f6s jauhemaalattuna.<\/p>\n<p>Erilaisia lis\u00e4varusteita voidaan tilata: ikkuna, pohjan tuuletusluukku, automaattinen ikkunanavaaja, pohjakehys, sis\u00e4iset hyllyt jne.<\/p>\n<p><strong><a href=\"http:\/\/mwlconstruct.eu\/e-pood\/tootekategooria\/kasvuhoone-lisavarustus\/\" target=\"_blank\" rel=\"noopener noreferrer\">Katso lis\u00e4varusteet<\/a><\/strong><\/p>\n<p><em>S\u00e4\u00e4ti\u00f6 ei ole ehdottoman v\u00e4ltt\u00e4m\u00e4t\u00f6n, mutta suositeltavaa.<br \/>\n Jos kasvihuoneessa on pohjarunko, se voidaan kiinnitt\u00e4\u00e4 maahan tai muuhun valmistettuun pintaan (puuterassi tai kivipinta).<br \/>\n Tuotteen hinta ei sis\u00e4ll\u00e4 pohjarunkoa.<\/em><\/p>\n<h3><a href=\"https:\/\/youtu.be\/-4zXyeMetnM\" target=\"_blank\" rel=\"noopener noreferrer\">Vitavian esittelyvideo  <\/a><\/h3>\n","protected":false},"excerpt":{"rendered":"<p><span title=\"Katso kaikki mitat alla olevasta taulukosta\">2,64 m x 2,58 m = 6,7 m\u00b2<\/span><br \/>\n <a class=\"alus_rm\" href=\"https:\/\/vitavia.ee\/wp-content\/uploads\/2017\/10\/Kasvuhoone-Saturn-paigaldusjuhend.pdf#page=18\" target=\"blanc\" rel=\"noopener\"><span class=\"alus_rm_bold\">HUOM!<\/span> Katso kasvihuoneen pohjarungon ulkomitat t\u00e4\u00e4lt\u00e4.<\/a><br \/>\n <span style=\"color: #f5bd2f;\"><strong>Kuukausimaksu alkaen. 114,92 \u20ac<\/strong><\/span><\/p>\n","protected":false},"featured_media":13104,"comment_status":"closed","ping_status":"closed","template":"","meta":[],"product_brand":[],"product_cat":[1678],"product_tag":[352,353,1693,469,1667,557,349,350,351,1685],"class_list":{"0":"post-26778","1":"product","2":"type-product","3":"status-publish","4":"has-post-thumbnail","6":"product_cat-kasvihuoneen-outlet","7":"product_tag-kasvihuone-fi-2","8":"product_tag-kasvihuoneet-fi","9":"product_tag-pistorasia","10":"product_tag-vitavia-fi","11":"product_tag-karkaistu-lasi","12":"product_tag-saturn-fi","13":"product_tag-kasvihuone","14":"product_tag-kasvihuoneet","15":"product_tag-kasvihuone-fi","16":"product_tag-lasi","17":"pa_kattematerjal-lasi","18":"pa_kattematerjal-karkaistu-lasi","19":"pa_kulje-korgus-182-m-fi","20":"pa_laius-264-m-fi","21":"pa_pikkus-258-m-fi","22":"pa_pindala-67-m2-fi","23":"pa_pindala_vahemik-5-9-m-fi","24":"pa_tipu-korgus-255-m-fi","25":"pa_varv-halli","26":"infinite-scroll-item","27":"no-featured-image-padding","28":"sales-flash-overlay","29":"woocommerce-text-align-left","30":"woocommerce-image-align-center","31":"do-quantity-buttons","33":"first","34":"instock","35":"sale","36":"shipping-taxable","37":"purchasable","38":"product-type-variable","39":"has-default-attributes"},"_links":{"self":[{"href":"https:\/\/fi.vitavia.ee\/kasvuhoone\/wp-json\/wp\/v2\/product\/26778","targetHints":{"allow":["GET"]}}],"collection":[{"href":"https:\/\/fi.vitavia.ee\/kasvuhoone\/wp-json\/wp\/v2\/product"}],"about":[{"href":"https:\/\/fi.vitavia.ee\/kasvuhoone\/wp-json\/wp\/v2\/types\/product"}],"replies":[{"embeddable":true,"href":"https:\/\/fi.vitavia.ee\/kasvuhoone\/wp-json\/wp\/v2\/comments?post=26778"}],"wp:featuredmedia":[{"embeddable":true,"href":"https:\/\/fi.vitavia.ee\/kasvuhoone\/wp-json\/wp\/v2\/media\/13104"}],"wp:attachment":[{"href":"https:\/\/fi.vitavia.ee\/kasvuhoone\/wp-json\/wp\/v2\/media?parent=26778"}],"wp:term":[{"taxonomy":"product_brand","embeddable":true,"href":"https:\/\/fi.vitavia.ee\/kasvuhoone\/wp-json\/wp\/v2\/product_brand?post=26778"},{"taxonomy":"product_cat","embeddable":true,"href":"https:\/\/fi.vitavia.ee\/kasvuhoone\/wp-json\/wp\/v2\/product_cat?post=26778"},{"taxonomy":"product_tag","embeddable":true,"href":"https:\/\/fi.vitavia.ee\/kasvuhoone\/wp-json\/wp\/v2\/product_tag?post=26778"}],"curies":[{"name":"wp","href":"https:\/\/api.w.org\/{rel}","templated":true}]}}