{"id":26199,"date":"2024-12-05T14:02:12","date_gmt":"2024-12-05T11:02:12","guid":{"rendered":"https:\/\/vitavia.ee\/kasvuhoone\/?post_type=product&#038;p=26199"},"modified":"2025-02-11T20:47:02","modified_gmt":"2025-02-11T17:47:02","slug":"kasvihuone-vitavia-orion-3800-kopeeri","status":"publish","type":"product","link":"https:\/\/fi.vitavia.ee\/kasvuhoone\/tuote\/kasvihuone-vitavia-orion-3800-kopeeri\/","title":{"rendered":"Kasvihuone Vitavia Orion 3800 outlet"},"content":{"rendered":"<h3><strong>Vitavia ORION &#8211; kasvihuone, jossa on vieh\u00e4tt\u00e4v\u00e4 muotoilu ja upea muoto.<\/strong><\/h3>\n<p>1,93 m leve\u00e4 ja 2,3 m korkea kasvihuone on saatavana kahdessa eri pituudessa.<br \/>\nKasvihuone on valoisa ja vieh\u00e4tt\u00e4v\u00e4, kaunistaen jokaisen kodin puutarhaa.<\/p>\n<p>Kasvihuoneen edess\u00e4 on liukuovi, jonka mitat ovat 0,6 mx 2 m, se voidaan kiinnitt\u00e4\u00e4 eri avoimiin asentoihin.<\/p>\n<p>Orionin kasvihuoneessa on yksi kattoikkuna ja kourut.<\/p>\n<p><strong>Saturn-kasvihuoneen eri mallien kokotaulukko:<\/strong><\/p>\n<div class=\"tabel-scroll-x\">\n<table class=\"spec\" border=\"0\">\n<tbody>\n<tr>\n<th style=\"text-align: left;\" width=\"90\">Malli<\/th>\n<th style=\"text-align: left;\" width=\"72\">Alue<\/th>\n<th style=\"text-align: left;\" width=\"72\">Pituus<\/th>\n<th style=\"text-align: left;\" width=\"72\">Leveys<\/th>\n<th style=\"text-align: left;\" width=\"72\">Sivu<\/th>\n<th style=\"text-align: left;\" width=\"72\">Korkeus<\/th>\n<th style=\"text-align: left;\" width=\"50\">Aknaid<\/th>\n<\/tr>\n<tr>\n<td>Orion 3800<\/td>\n<td>3,8 m\u00b2<\/td>\n<td>1,93 m<\/td>\n<td>1,95 m<\/td>\n<td>1,24 m<\/td>\n<td>2,3 m<\/td>\n<td>1<\/td>\n<\/tr>\n<tr>\n<td>Orion 5000<\/td>\n<td>5 m\u00b2<\/td>\n<td>1,93 m<\/td>\n<td>2,57 m<\/td>\n<td> 1,24 m<\/td>\n<td>2,3 m<\/td>\n<td>1<\/td>\n<\/tr>\n<\/tbody>\n<\/table>\n<\/div>\n<p><em>&#8211; v\u00e4rivaihtoehdot: harmaa ja vihre\u00e4<br \/>\n &#8211; Kannen 3 mm puutarhalasi, kaarevissa osissa pleksilasia<br \/>\n &#8211; yksin\u00e4inen edess\u00e4<br \/>\n &#8211; 1 kattoikkuna<br \/>\n &#8211; pohjarunko saatavilla kaikissa malleissa<\/em><\/p>\n<p>Runko on valmistettu anodisoidusta alumiinista (alumiinin pitk\u00e4ik\u00e4isen kauniin ulkon\u00e4\u00f6n ja kest\u00e4vyyden vuoksi), ja se on saatavana my\u00f6s jauhemaalattuna.<\/p>\n<p>Erilaisia lis\u00e4varusteita voidaan tilata: ikkuna, pohjan tuuletusluukku, automaattinen ikkunanavaaja, pohjakehys, sis\u00e4iset hyllyt jne.<\/p>\n<p><strong><a href=\"http:\/\/mwlconstruct.eu\/e-pood\/tootekategooria\/kasvuhoone-lisavarustus\/\" target=\"_blank\" rel=\"noopener noreferrer\">Katso lis\u00e4varusteet<\/a><\/strong><\/p>\n<p><em>S\u00e4\u00e4ti\u00f6 ei ole ehdottoman v\u00e4ltt\u00e4m\u00e4t\u00f6n, mutta suositeltavaa.<br \/>\n Jos kasvihuoneessa on pohjarunko, se voidaan kiinnitt\u00e4\u00e4 maahan tai muuhun valmistettuun pintaan (puuterassi tai kivipinta).<br \/>\n Tuotteen hinta ei sis\u00e4ll\u00e4 pohjarunkoa.<\/em><\/p>\n<h3><a href=\"https:\/\/youtu.be\/-4zXyeMetnM\" target=\"_blank\" rel=\"noopener noreferrer\">Vitavian esittelyvideo  <\/a><\/h3>\n","protected":false},"excerpt":{"rendered":"<p><span title=\"Katso kaikki mitat alla olevasta taulukosta\">1,93 m x 1,95 m = 3,8 m\u00b2<\/span><br \/>\n <span style=\"color: #f5bd2f;\"><strong>Kuukausimaksu alkaen. 79,33 \u20ac<\/strong><\/span><\/p>\n","protected":false},"featured_media":13749,"comment_status":"closed","ping_status":"closed","template":"","meta":[],"product_brand":[],"product_cat":[1678],"product_tag":[1693,1685],"class_list":{"0":"post-26199","1":"product","2":"type-product","3":"status-publish","4":"has-post-thumbnail","6":"product_cat-kasvihuoneen-outlet","7":"product_tag-pistorasia","8":"product_tag-lasi","9":"pa_kulje-korgus-182-m-fi","10":"pa_laius-193-m-fi","11":"pa_pikkus-195-m-fi","12":"pa_pindala-38-m2-fi","13":"pa_pindala_vahemik-09-5-m-fi","14":"pa_tipu-korgus-230-m-fi","15":"pa_varv-halli","16":"infinite-scroll-item","17":"no-featured-image-padding","18":"sales-flash-overlay","19":"woocommerce-text-align-left","20":"woocommerce-image-align-center","21":"do-quantity-buttons","23":"first","24":"instock","25":"sale","26":"shipping-taxable","27":"purchasable","28":"product-type-variable","29":"has-default-attributes"},"_links":{"self":[{"href":"https:\/\/fi.vitavia.ee\/kasvuhoone\/wp-json\/wp\/v2\/product\/26199","targetHints":{"allow":["GET"]}}],"collection":[{"href":"https:\/\/fi.vitavia.ee\/kasvuhoone\/wp-json\/wp\/v2\/product"}],"about":[{"href":"https:\/\/fi.vitavia.ee\/kasvuhoone\/wp-json\/wp\/v2\/types\/product"}],"replies":[{"embeddable":true,"href":"https:\/\/fi.vitavia.ee\/kasvuhoone\/wp-json\/wp\/v2\/comments?post=26199"}],"wp:featuredmedia":[{"embeddable":true,"href":"https:\/\/fi.vitavia.ee\/kasvuhoone\/wp-json\/wp\/v2\/media\/13749"}],"wp:attachment":[{"href":"https:\/\/fi.vitavia.ee\/kasvuhoone\/wp-json\/wp\/v2\/media?parent=26199"}],"wp:term":[{"taxonomy":"product_brand","embeddable":true,"href":"https:\/\/fi.vitavia.ee\/kasvuhoone\/wp-json\/wp\/v2\/product_brand?post=26199"},{"taxonomy":"product_cat","embeddable":true,"href":"https:\/\/fi.vitavia.ee\/kasvuhoone\/wp-json\/wp\/v2\/product_cat?post=26199"},{"taxonomy":"product_tag","embeddable":true,"href":"https:\/\/fi.vitavia.ee\/kasvuhoone\/wp-json\/wp\/v2\/product_tag?post=26199"}],"curies":[{"name":"wp","href":"https:\/\/api.w.org\/{rel}","templated":true}]}}