{"id":26139,"date":"2024-12-05T13:55:32","date_gmt":"2024-12-05T10:55:32","guid":{"rendered":"https:\/\/vitavia.ee\/kasvuhoone\/?post_type=product&#038;p=26139"},"modified":"2025-02-11T20:40:46","modified_gmt":"2025-02-11T17:40:46","slug":"kasvihuone-vitavia-phoenix-9900-kopeeri","status":"publish","type":"product","link":"https:\/\/fi.vitavia.ee\/kasvuhoone\/tuote\/kasvihuone-vitavia-phoenix-9900-kopeeri\/","title":{"rendered":"Kasvihuone Vitavia Phoenix 9900 outlet"},"content":{"rendered":"<h3><strong>Vitavia PHOENIX &#8211; tyylik\u00e4s kasvihuone tilavalla sis\u00e4\u00e4nk\u00e4ynnill\u00e4 ja matalalla ovenkarmilla.<\/strong><\/h3>\n<p>2,57 m leve\u00e4 kasvihuone on saatavana kahdessa eri pituudessa.<br \/>\nTilavassa kasvihuoneessa on tilaa sek\u00e4 kasveille ett\u00e4 mukavalle oleskelualueelle.<\/p>\n<p>Phoenix-kasvihuoneissa on my\u00f6s riitt\u00e4v\u00e4sti tilaa sisustaa se ainutlaatuisella ja mielenkiintoisella tavalla.<\/p>\n<p>Kasvihuoneessa on 2 liukuovea.<\/p>\n<p>Kasvihuoneessa on edess\u00e4 kaksinkertaiset liukuovet kooltaan 1,22 mx 1,99 m, jotka voidaan kiinnitt\u00e4\u00e4 eri avoimiin asentoihin.<br \/>\n My\u00f6s sadevesikourut kuuluvat vakiovarusteisiin.<\/p>\n<p>Phoenix-kasvihuoneissa on nelj\u00e4 kattoikkunaa.<\/p>\n<p><strong>Phoenix-kasvihuoneen eri mallien kokotaulukko:<\/strong><\/p>\n<div class=\"tabel-scroll-x\">\n<table class=\"spec\" border=\"0\">\n<tbody>\n<tr>\n<th style=\"text-align: left;\" width=\"90\">Malli<\/th>\n<th style=\"text-align: left;\" width=\"72\">Alue<\/th>\n<th style=\"text-align: left;\" width=\"72\">Pituus<\/th>\n<th style=\"text-align: left;\" width=\"72\">Leveys<\/th>\n<th style=\"text-align: left;\" width=\"72\">Sivu<\/th>\n<th style=\"text-align: left;\" width=\"72\">Korkeus<\/th>\n<th style=\"text-align: left;\" width=\"50\">Aknaid<\/th>\n<\/tr>\n<tr>\n<td>Phoenix 9900<\/td>\n<td>9,9 m\u00b2<\/td>\n<td>3.84m<\/td>\n<td>2.57m<\/td>\n<td>1,54 m<\/td>\n<td>2,48 m<\/td>\n<td>4<\/td>\n<\/tr>\n<tr>\n<td>Phoenix 11500<\/td>\n<td>11,5 m\u00b2<\/td>\n<td>4.46m<\/td>\n<td>2.57m<\/td>\n<td>1,54 m<\/td>\n<td>2,48 m<\/td>\n<td>4<\/td>\n<\/tr>\n<\/tbody>\n<\/table>\n<\/div>\n<p><em>&#8211; v\u00e4rivaihtoehtoina harmaa ja jauhemaalattu musta<br \/>\n &#8211; 3 mm lasi peitteen\u00e4<br \/>\n &#8211; Kaksinkertaiset liukuovet edess\u00e4<br \/>\n &#8211; 4 kattoikkunaa<br \/>\n &#8211; Kaikissa malleissa on vakiona runko, jossa on matala ovenkarmi ja jalat kasvihuoneen kiinnitt\u00e4miseksi maahan.<\/em><\/p>\n<p>Runko on valmistettu anodisoidusta alumiinista (varmistaa alumiinin pitk\u00e4kestoisen kauniin ulkon\u00e4\u00f6n ja kest\u00e4vyyden) ja on saatavana my\u00f6s jauhemaalatun mustana.<\/p>\n<p>On mahdollista tilata erilaisia lis\u00e4varusteita: ikkuna, alempi tuuletusluukku, automaattinen ikkunanavaaja, sis\u00e4hyllyt jne.<\/p>\n<p><strong><a href=\"http:\/\/mwlconstruct.eu\/e-pood\/tootekategooria\/kasvuhoone-lisavarustus\/\" target=\"_blank\" rel=\"noopener noreferrer\">Katso lis\u00e4varusteet<\/a><\/strong><\/p>\n<p><em>S\u00e4\u00e4ti\u00f6 ei ole ehdottoman v\u00e4ltt\u00e4m\u00e4t\u00f6n, mutta suositeltavaa.<br \/>\n Jos kasvihuoneessa on pohjarunko, se voidaan kiinnitt\u00e4\u00e4 suoraan maahan tai muuhun esivalmistettuun pintaan (puuterassi tai kivipinta).<br \/>\n Tuotteen hinta ei sis\u00e4ll\u00e4 pohjarunkoa.<\/em><\/p>\n<h3><a href=\"https:\/\/youtu.be\/-4zXyeMetnM\" target=\"_blank\" rel=\"noopener noreferrer\">Vitavian esittelyvideo  <\/a><\/h3>\n","protected":false},"excerpt":{"rendered":"<p><span title=\"Katso kaikki mitat alla olevasta taulukosta\">2,57 m x 3,83 m = 9,9 m\u00b2<\/span><br \/>\n <span style=\"color: #f5bd2f;\"><strong>Kuukausimaksu alkaen. 141,58 \u20ac<\/strong><\/span><\/p>\n","protected":false},"featured_media":15731,"comment_status":"closed","ping_status":"closed","template":"","meta":[],"product_brand":[],"product_cat":[1678],"product_tag":[1685,352,1242,353,354,355,469,349,350,351],"class_list":{"0":"post-26139","1":"product","2":"type-product","3":"status-publish","4":"has-post-thumbnail","6":"product_cat-kasvihuoneen-outlet","7":"product_tag-lasi","8":"product_tag-kasvihuone-fi-2","9":"product_tag-phoenix-fi","10":"product_tag-kasvihuoneet-fi","11":"product_tag-triiphone-fi","12":"product_tag-triplex-fi","13":"product_tag-vitavia-fi","14":"product_tag-kasvihuone","15":"product_tag-kasvihuoneet","16":"product_tag-kasvihuone-fi","17":"pa_kattematerjal-lasi","18":"pa_kulje-korgus-154-m-fi","19":"pa_laius-257-m-fi","20":"pa_pikkus-383-m-fi","21":"pa_pindala-99-m2-fi","22":"pa_pindala_vahemik-9-12-m-fi","23":"pa_tipu-korgus-248-m-fi","24":"pa_varv-halli","25":"infinite-scroll-item","26":"no-featured-image-padding","27":"sales-flash-overlay","28":"woocommerce-text-align-left","29":"woocommerce-image-align-center","30":"do-quantity-buttons","32":"first","33":"instock","34":"sale","35":"shipping-taxable","36":"purchasable","37":"product-type-variable","38":"has-default-attributes"},"_links":{"self":[{"href":"https:\/\/fi.vitavia.ee\/kasvuhoone\/wp-json\/wp\/v2\/product\/26139","targetHints":{"allow":["GET"]}}],"collection":[{"href":"https:\/\/fi.vitavia.ee\/kasvuhoone\/wp-json\/wp\/v2\/product"}],"about":[{"href":"https:\/\/fi.vitavia.ee\/kasvuhoone\/wp-json\/wp\/v2\/types\/product"}],"replies":[{"embeddable":true,"href":"https:\/\/fi.vitavia.ee\/kasvuhoone\/wp-json\/wp\/v2\/comments?post=26139"}],"wp:featuredmedia":[{"embeddable":true,"href":"https:\/\/fi.vitavia.ee\/kasvuhoone\/wp-json\/wp\/v2\/media\/15731"}],"wp:attachment":[{"href":"https:\/\/fi.vitavia.ee\/kasvuhoone\/wp-json\/wp\/v2\/media?parent=26139"}],"wp:term":[{"taxonomy":"product_brand","embeddable":true,"href":"https:\/\/fi.vitavia.ee\/kasvuhoone\/wp-json\/wp\/v2\/product_brand?post=26139"},{"taxonomy":"product_cat","embeddable":true,"href":"https:\/\/fi.vitavia.ee\/kasvuhoone\/wp-json\/wp\/v2\/product_cat?post=26139"},{"taxonomy":"product_tag","embeddable":true,"href":"https:\/\/fi.vitavia.ee\/kasvuhoone\/wp-json\/wp\/v2\/product_tag?post=26139"}],"curies":[{"name":"wp","href":"https:\/\/api.w.org\/{rel}","templated":true}]}}