{"id":25143,"date":"2024-09-26T15:10:24","date_gmt":"2024-09-26T12:10:25","guid":{"rendered":"https:\/\/vitavia.ee\/kasvuhoone\/?post_type=product&#038;p=25143"},"modified":"2025-02-11T22:41:02","modified_gmt":"2025-02-11T19:41:02","slug":"kasvihuone-sophie-2259-m%c2%b2-kopeeri","status":"publish","type":"product","link":"https:\/\/fi.vitavia.ee\/kasvuhoone\/tuote\/kasvihuone-sophie-2259-m%c2%b2-kopeeri\/","title":{"rendered":"Puutarhapaviljonkityylinen kasvihuone Sophie &#8211; 22,59 m\u00b2"},"content":{"rendered":"<p style=\"text-align: left;\">Ihanteellinen ratkaisu kaikille puutarhanhoidon harrastajille, jotka puutarhanhoidon lis\u00e4ksi vain nauttivat kasvikeskeisest\u00e4 puutarhanhoidosta &#8211; s\u00e4\u00e4olosuhteista riippumatta.<br \/>\n Huippuluokan kasvihuoneemme ja puutarham\u00f6kimme sopivat ihanteellisesti ulkoiluajan pident\u00e4miseen, niin vihannesten viljelyyn kuin puutarham\u00f6kkiin.<br \/>\n Miksi pit\u00e4\u00e4 sit\u00e4 tuulen- ja sateenpit\u00e4v\u00e4n\u00e4 terassina &#8211; kun olet sis\u00e4ll\u00e4, olet kuin ulkona.<br \/>\n Ja kaikki t\u00e4m\u00e4 parhaalla hinta-laatusuhteella!<\/p>\n<p><strong>MITATTU:<\/strong><\/p>\n<ul>\n<li>Erityisen muotoinen kasvihuone tai puutarhapaviljonki on T-muotoinen. Kasvihuoneen kokonaisleveys on 451 cm ja kokonaispituus 593 cm. P\u00e4\u00e4tyseinien leveys on 306 cm ja pinta-ala 22,59 m\u00b2, tilavuus 47,3 m\u00b3.<\/li>\n<li>Kattoharjanteen korkeus perusrunko mukaan lukien on 259 cm ja sivusein\u00e4n korkeus perusrunko mukaan lukien 179 cm.<\/li>\n<li>Suuret kattoaukot, 78 cm x 73 cm, takaavat hyv\u00e4n ilmankierron.<\/li>\n<li>Kasvihuoneessa on my\u00f6s sadevesiputket.<\/li>\n<li>Lasipinnan kokonaispinta-ala on 55,90 m\u00b2.<\/li>\n<\/ul>\n<p><strong>Kasvihuone voidaan kiinnitt\u00e4\u00e4 alustarungolla suoraan maahan, mihin tahansa valmistettuun kivi- tai puupintaan ja varmasti my\u00f6s betoni- tai lohkoperustukseen.<\/strong><br \/>\n Vahva alumiinirunko antaa kasvihuoneelle lis\u00e4\u00e4 vakautta ja tekee kokoamisesta paljon helpompaa. Pohjakehys on valmistettu tukevasta karapellist\u00e4 ja se on 2-kammioinen, mik\u00e4 antaa sille erityisen suuren j\u00e4ykkyyden esimerkiksi pakkasta vastaan. Pohjakehykseen on kiinnitetty ankkurik\u00f6ydet, jotka voidaan kaivaa maahan tai kaataa sekaan. N\u00e4in ollen alakehys voi my\u00f6s korvata erillisen perustuksen.<\/p>\n<p>Kasvihuoneen <strong>4 mm:n karkaistu lasi<\/strong> on jopa 7 kertaa vahvempi kuin tavallinen kasvihuonelasi. T\u00e4m\u00e4 merkitsee suurempaa turvallisuutta kokoonpanon ja my\u00f6hemm\u00e4n k\u00e4yt\u00f6n aikana. Jos lasi rikkoutuu, siit\u00e4 ei tule vaarallisia ter\u00e4vi\u00e4 sirpaleita, vaan vain lasinsiruja, kuten auton ikkunan rikkoutuessa. T\u00e4m\u00e4 puru ei vahingoita eik\u00e4 h\u00e4iritse kasvihuoneen maaper\u00e4\u00e4.<\/p>\n","protected":false},"excerpt":{"rendered":"<p>5,93 m x 4,51 m = 22,59 m\u00b2<\/p>\n","protected":false},"featured_media":10135,"comment_status":"closed","ping_status":"closed","template":"","meta":[],"product_brand":[],"product_cat":[176],"product_tag":[352,353,354,355,1667,349,350,351],"class_list":{"0":"post-25143","1":"product","2":"type-product","3":"status-publish","4":"has-post-thumbnail","6":"product_cat-puutarhapaviljongit","7":"product_tag-kasvihuone-fi-2","8":"product_tag-kasvihuoneet-fi","9":"product_tag-triiphone-fi","10":"product_tag-triplex-fi","11":"product_tag-karkaistu-lasi","12":"product_tag-kasvihuone","13":"product_tag-kasvihuoneet","14":"product_tag-kasvihuone-fi","15":"pa_kattematerjal-karkaistu-lasi","16":"pa_kulje-korgus-179-m-fi","17":"pa_laius-451-m-fi","18":"pa_pikkus-593-m-fi","19":"pa_pindala-2259-m-fi","20":"pa_pindala_vahemik-21-24-m-fi","21":"pa_tipu-korgus-259-m-fi","22":"pa_varv-jauhemaalattu-musta-ral-9005","23":"pa_varv-jauhemaalattu-muissa-ral-vareissa","24":"infinite-scroll-item","25":"no-featured-image-padding","26":"sales-flash-overlay","27":"woocommerce-text-align-left","28":"woocommerce-image-align-center","29":"do-quantity-buttons","31":"first","32":"instock","33":"sale","34":"shipping-taxable","35":"purchasable","36":"product-type-variable","37":"has-default-attributes"},"_links":{"self":[{"href":"https:\/\/fi.vitavia.ee\/kasvuhoone\/wp-json\/wp\/v2\/product\/25143","targetHints":{"allow":["GET"]}}],"collection":[{"href":"https:\/\/fi.vitavia.ee\/kasvuhoone\/wp-json\/wp\/v2\/product"}],"about":[{"href":"https:\/\/fi.vitavia.ee\/kasvuhoone\/wp-json\/wp\/v2\/types\/product"}],"replies":[{"embeddable":true,"href":"https:\/\/fi.vitavia.ee\/kasvuhoone\/wp-json\/wp\/v2\/comments?post=25143"}],"wp:featuredmedia":[{"embeddable":true,"href":"https:\/\/fi.vitavia.ee\/kasvuhoone\/wp-json\/wp\/v2\/media\/10135"}],"wp:attachment":[{"href":"https:\/\/fi.vitavia.ee\/kasvuhoone\/wp-json\/wp\/v2\/media?parent=25143"}],"wp:term":[{"taxonomy":"product_brand","embeddable":true,"href":"https:\/\/fi.vitavia.ee\/kasvuhoone\/wp-json\/wp\/v2\/product_brand?post=25143"},{"taxonomy":"product_cat","embeddable":true,"href":"https:\/\/fi.vitavia.ee\/kasvuhoone\/wp-json\/wp\/v2\/product_cat?post=25143"},{"taxonomy":"product_tag","embeddable":true,"href":"https:\/\/fi.vitavia.ee\/kasvuhoone\/wp-json\/wp\/v2\/product_tag?post=25143"}],"curies":[{"name":"wp","href":"https:\/\/api.w.org\/{rel}","templated":true}]}}