{"id":20304,"date":"2017-02-24T15:05:42","date_gmt":"2023-05-25T06:22:56","guid":{"rendered":"https:\/\/vitavia.ee\/kasvuhoone\/toode\/kasvihuone-vitavia-aphrodite-11500\/"},"modified":"2024-02-06T12:47:25","modified_gmt":"2024-02-06T09:47:25","slug":"kasvihuone-vitavia-aphrodite-11500","status":"publish","type":"product","link":"https:\/\/fi.vitavia.ee\/kasvuhoone\/tuote\/kasvihuone-vitavia-aphrodite-11500\/","title":{"rendered":"Kasvihuone Vitavia Aphrodite 11500"},"content":{"rendered":"<h3><strong>Itsen\u00e4inen kasvihuone &#8211; Vitavia APHRODITE \/ kasvihuone kahdella liukuovella \/ 3,93 mx 2,67 m.<\/strong><\/h3>\n<p>Itsen\u00e4inen kasvihuone tai puutarhapaviljonki, joka sopii my\u00f6s talvipuutarhaan.<br \/>\nLeve\u00e4t, vastakkain avautuvat ovet mahdollistavat tilavan ja helpon sis\u00e4\u00e4nk\u00e4ynnin.<br \/>\nVahva alumiinirunko ja tilavat lasipinnat tekev\u00e4t siit\u00e4 eritt\u00e4in kirkkaan.<br \/>\nKasvihuone korkeakalteisella katolla, vahvalla eloksoidulla alumiinirungolla.<br \/>\nKaikissa malleissa on 3 sivuikkunaa sek\u00e4 2 ikkunaa ovien yl\u00e4puolella ja 2 vastakkain avautuvaa lukittavaa liukuovea.<\/p>\n<p><strong>Aphrodite kasvihuoneen eri mallien kokotaulukko:<\/strong><\/p>\n<div class=\"tabel-scroll-x\">\n<table class=\"spec\" style=\"height: 129px;\" border=\"0\" width=\"831\">\n<tbody>\n<tr>\n<th style=\"text-align: left;\" width=\"90\">Malli<\/th>\n<th style=\"text-align: left;\" width=\"72\">Alue<\/th>\n<th style=\"text-align: left;\" width=\"72\">Syvyys<\/th>\n<th style=\"text-align: left;\" width=\"72\">Leveys<\/th>\n<th style=\"text-align: left;\" width=\"72\">Takapuoli<\/th>\n<th style=\"text-align: left;\" width=\"72\">Korkeus edess\u00e4<\/th>\n<th style=\"text-align: left;\" width=\"50\">Aknaid<\/th>\n<\/tr>\n<tr>\n<td>Aphrodite 11500<\/td>\n<td><sup>10,4m2<\/sup><\/td>\n<td>2,67 m<\/td>\n<td>3,93 m<\/td>\n<td>1,87 m<\/td>\n<td>2,42 m<\/td>\n<td>5<\/td>\n<\/tr>\n<tr>\n<td><\/td>\n<td><\/td>\n<td><\/td>\n<td><\/td>\n<td><\/td>\n<td><\/td>\n<td><\/td>\n<\/tr>\n<\/tbody>\n<\/table>\n<\/div>\n<p><em>&#8211; V\u00e4rivaihtoehto: pulverimaalattu valkoinen kehys<\/em><br \/>\n<em>&#8211; 3 mm karkaistua lasia sivuilla ja 10 mm polykarbonaattia katolla<\/em><br \/>\n<em>&#8211; 2 vastakkain avautuvaa lukittavaa liukuovea<\/em><br \/>\n<em>&#8211; Oviaukon koko on<\/em> <em>1,19 m x 1,77 m<\/em><br \/>\n<em>&#8211; 3 sivuikkunaa ja 2 ikkunaa ovien yl\u00e4puolella<\/em><br \/>\n<em>&#8211; Lukittava ruostumattomasta ter\u00e4ksest\u00e4 valmistettu lukko<\/em><br \/>\n<em>&#8211; Sadevesiputket kulmissa<br \/>\n&#8211; Kaikissa malleissa on pohjarunko<br \/>\n<\/em><\/p>\n<p>Runko on valmistettu anodisoidusta alumiinista (takaa alumiinin pitk\u00e4kestoisen kauniin ulkon\u00e4\u00f6n ja kest\u00e4vyyden).<\/p>\n<p>On mahdollista tilata erilaisia lis\u00e4varusteita: sis\u00e4hyllyt jne.<\/p>\n<div>Katon polykarbonaattipaneeleissa suosittelemme ehdottomasti teippaamaan irralliset p\u00e4\u00e4t, jolloin p\u00f6ly, lika, hy\u00f6nteiset ja el\u00e4v\u00e4 luonto eiv\u00e4t p\u00e4\u00e4se sis\u00e4\u00e4n ja paneelit kest\u00e4v\u00e4t kauniina pitk\u00e4\u00e4n.<\/div>\n<div>Suosittelemme tiivist\u00e4m\u00e4\u00e4n yl\u00e4p\u00e4\u00e4t <a href=\"https:\/\/vitavia.ee\/kasvuhoone\/toode\/kihtplastiku-perforeerimata-otsateip\/\">hengitt\u00e4m\u00e4tt\u00f6m\u00e4ll\u00e4 teipill\u00e4<\/a> ja alap\u00e4\u00e4t <a href=\"https:\/\/vitavia.ee\/kasvuhoone\/toode\/kihtplastiku-perforeeritud-otsateip\/\"><span class=\"il\">rei&#8217;itetyll\u00e4<\/span> ja hengitt\u00e4v\u00e4ll\u00e4 teipill\u00e4<\/a> (jotta kosteus p\u00e4\u00e4see poistumaan).<\/div>\n<div><\/div>\n<p><em>Aphrodite-malli tarvitsee joko perustan, kivipinnan tai puuterassin maahan kiinnitett\u00e4v\u00e4ksi.<br \/>\nTuotteen hintaan sis\u00e4ltyy pohjakehys, jolla se kiinnitet\u00e4\u00e4n valmiiksi valittuun pintaan.<\/em><\/p>\n<h3><a href=\"https:\/\/youtu.be\/XiwDf_kw8oc\" target=\"_blank\" rel=\"noopener noreferrer\">Vitavian esittelyvideo <\/a><\/h3>\n<p><a href=\"https:\/\/www.pinterest.com\/mwlconstruct\/kasvuhoone\/\">Pinterest<\/a><br \/>\n<a href=\"http:\/\/www.vitavia.ee\/\" rel=\"nofollow\">Vitavia<\/a><\/p>\n","protected":false},"excerpt":{"rendered":"<p><span title=\"Katso kaikki mitat alla olevasta taulukosta\">3,93 m x 2,67 m = 10,4 m\u00b2<\/span><br \/>\n<span style=\"color: #f5bd2f;\"><strong>Kuukausimaksu al. 498 \u20ac<\/strong><\/span><\/p>\n","protected":false},"featured_media":15250,"comment_status":"closed","ping_status":"closed","template":"","meta":[],"product_brand":[],"product_cat":[176,186],"product_tag":[1667,1668],"class_list":{"0":"post-20304","1":"product","2":"type-product","3":"status-publish","4":"has-post-thumbnail","6":"product_cat-puutarhapaviljongit","7":"product_cat-aphrodite-fi","8":"product_tag-karkaistu-lasi","9":"product_tag-sivut-karkaistua-lasia-ja-katto-polykarbonaattia","10":"pa_kattematerjal-katto-10-mm-polykarbonaattia-sivut-3-mm-karkaistua-lasia","11":"pa_kulje-korgus-187-m-fi","12":"pa_laius-2-75-m-fi","13":"pa_pikkus-393-m-fi","14":"pa_pindala-104-m2-fi","15":"pa_pindala_vahemik-9-12-m-fi","16":"pa_tipu-korgus-242-m-fi","17":"pa_varv-musta","18":"infinite-scroll-item","19":"no-featured-image-padding","20":"sales-flash-overlay","21":"woocommerce-text-align-left","22":"woocommerce-image-align-center","23":"do-quantity-buttons","25":"first","26":"instock","27":"sale","28":"shipping-taxable","29":"purchasable","30":"product-type-variable","31":"has-default-attributes"},"_links":{"self":[{"href":"https:\/\/fi.vitavia.ee\/kasvuhoone\/wp-json\/wp\/v2\/product\/20304","targetHints":{"allow":["GET"]}}],"collection":[{"href":"https:\/\/fi.vitavia.ee\/kasvuhoone\/wp-json\/wp\/v2\/product"}],"about":[{"href":"https:\/\/fi.vitavia.ee\/kasvuhoone\/wp-json\/wp\/v2\/types\/product"}],"replies":[{"embeddable":true,"href":"https:\/\/fi.vitavia.ee\/kasvuhoone\/wp-json\/wp\/v2\/comments?post=20304"}],"wp:featuredmedia":[{"embeddable":true,"href":"https:\/\/fi.vitavia.ee\/kasvuhoone\/wp-json\/wp\/v2\/media\/15250"}],"wp:attachment":[{"href":"https:\/\/fi.vitavia.ee\/kasvuhoone\/wp-json\/wp\/v2\/media?parent=20304"}],"wp:term":[{"taxonomy":"product_brand","embeddable":true,"href":"https:\/\/fi.vitavia.ee\/kasvuhoone\/wp-json\/wp\/v2\/product_brand?post=20304"},{"taxonomy":"product_cat","embeddable":true,"href":"https:\/\/fi.vitavia.ee\/kasvuhoone\/wp-json\/wp\/v2\/product_cat?post=20304"},{"taxonomy":"product_tag","embeddable":true,"href":"https:\/\/fi.vitavia.ee\/kasvuhoone\/wp-json\/wp\/v2\/product_tag?post=20304"}],"curies":[{"name":"wp","href":"https:\/\/api.w.org\/{rel}","templated":true}]}}