{"id":20248,"date":"2016-05-23T21:45:18","date_gmt":"2023-05-25T06:04:46","guid":{"rendered":"https:\/\/vitavia.ee\/kasvuhoone\/toode\/kasvihuone-vitavia-helena-11900\/"},"modified":"2023-05-25T09:04:46","modified_gmt":"2023-05-25T06:04:46","slug":"kasvihuone-vitavia-helene-11900","status":"publish","type":"product","link":"https:\/\/fi.vitavia.ee\/kasvuhoone\/tuote\/kasvihuone-vitavia-helene-11900\/","title":{"rendered":"Kasvihuone Vitavia Helena 11900"},"content":{"rendered":"<h3><strong>Sein\u00e4lle kiinnitett\u00e4v\u00e4 kasvihuonekuisti &#8211; Vitavia HELENA \/ kasvihuone kahdella liukuovella \/ 2,66 mx 4,60 m.<\/strong><\/h3>\n<p>Sein\u00e4\u00e4n kiinnitett\u00e4v\u00e4 kasvihuonekuisti, joka sopii mainiosti my\u00f6s viherhuoneeksi.<br \/>\nLeve\u00e4t, vastakkain avautuvat ovet voidaan sijoittaa sek\u00e4 sivulle ett\u00e4 etusein\u00e4\u00e4n tarpeen mukaan.<br \/>\nVahva alumiinirunko ja tilavat lasipinnat tekev\u00e4t siit\u00e4 eritt\u00e4in kirkkaan.<\/p>\n<p>Kaikissa malleissa on 2 sivuikkunaa ja 2 vastakkain avautuvaa lukittavaa liukuovea.<br \/>\nHelena-malleja on saatavana kolmessa eri koossa.<\/p>\n<p><strong>Helenan kasvihuoneen eri mallien kokotaulukko:<\/strong><\/p>\n<div class=\"tabel-scroll-x\">\n<table class=\"spec\" border=\"0\">\n<tbody>\n<tr>\n<th style=\"text-align: left;\" width=\"90\">Malli<\/th>\n<th style=\"text-align: left;\" width=\"72\">Alue<\/th>\n<th style=\"text-align: left;\" width=\"72\">Pituus<\/th>\n<th style=\"text-align: left;\" width=\"72\">Leveys<\/th>\n<th style=\"text-align: left;\" width=\"72\">Sivu<\/th>\n<th style=\"text-align: left;\" width=\"72\">Korkeus<\/th>\n<th style=\"text-align: left;\" width=\"50\">Aknaid<\/th>\n<\/tr>\n<tr>\n<td>Helena 8600<\/td>\n<td><sup>8,88m2<\/sup><\/td>\n<td>3,34 m<\/td>\n<td>2,66 m<\/td>\n<td>1,87 m<\/td>\n<td>2,39 m<\/td>\n<td>2<\/td>\n<\/tr>\n<tr>\n<td>Helena 10200<\/td>\n<td>10,56 <sup>m2<\/sup><\/td>\n<td>3,97 m<\/td>\n<td>2,66 m<\/td>\n<td>1,87 m<\/td>\n<td>2,39 m<\/td>\n<td>2<\/td>\n<\/tr>\n<tr>\n<td>Helena 11900<\/td>\n<td>12,24 <sup>m2<\/sup><\/td>\n<td>4,60 m<\/td>\n<td>2,66 m<\/td>\n<td>1,87 m<\/td>\n<td>2,39 m<\/td>\n<td>2<\/td>\n<\/tr>\n<\/tbody>\n<\/table>\n<\/div>\n<p><em>&#8211; Saatavana harmaana, tummanharmaana ja mustana<br \/>\n&#8211; 3 mm karkaistua lasia sivuilla ja 10 mm polykarbonaattia katolla<br \/>\n&#8211; 2 vastakkain avautuvaa lukittavaa liukuovea<br \/>\n&#8211; 2 sivuikkunaa<br \/>\n&#8211; Kaikissa malleissa on pohjarunko<br \/>\n<\/em><\/p>\n<p>Runko on valmistettu anodisoidusta alumiinista (alumiinin pitk\u00e4ik\u00e4isen kauniin ulkon\u00e4\u00f6n ja kest\u00e4vyyden vuoksi), ja se on saatavana my\u00f6s jauhemaalattuna.<\/p>\n<p>On mahdollista tilata erilaisia lis\u00e4varusteita: ikkuna, automaattinen ikkunanavaaja, sis\u00e4hyllyt jne.<\/p>\n<h4><strong><a href=\"http:\/\/mwlconstruct.eu\/e-pood\/tootekategooria\/kasvuhoone-lisavarustus\/\" target=\"_blank\" rel=\"noopener noreferrer\">Katso lis\u00e4varusteet<\/a><\/strong><\/h4>\n<h3><a href=\"https:\/\/youtu.be\/-4zXyeMetnM\" target=\"_blank\" rel=\"noopener noreferrer\">Vitavian esittelyvideo  <\/a><\/h3>\n<p><em>S\u00e4\u00e4ti\u00f6 ei todellakaan ole v\u00e4ltt\u00e4m\u00e4t\u00f6n, mutta toivottava.<br \/>\nJos kasvihuoneessa on pohjakehys, se voidaan kiinnitt\u00e4\u00e4 nurmikkoon tai muuhun valmisteltuun pintaan.<br \/>\nTuotteen hinta sis\u00e4lt\u00e4\u00e4 pohjakehyksen.<\/em><br \/>\n<a href=\"https:\/\/www.pinterest.com\/mwlconstruct\/kasvuhoone\/\">Pinterest<\/a><br \/>\n<a href=\"http:\/\/www.vitavia.ee\/\" rel=\"nofollow\">Vitavia<\/a><\/p>\n","protected":false},"excerpt":{"rendered":"<p><span title=\"Katso kaikki mitat alla olevasta taulukosta\">2,66 m x 4,60 m = 12,24 m\u00b2<\/span><br \/>\n<span style=\"color: #f5bd2f;\"><strong>Kuukausimaksu al. 243,42 \u20ac<\/strong><\/span><\/p>\n","protected":false},"featured_media":13569,"comment_status":"closed","ping_status":"closed","template":"","meta":[],"product_brand":[],"product_cat":[233,189],"product_tag":[],"class_list":{"0":"post-20248","1":"product","2":"type-product","3":"status-publish","4":"has-post-thumbnail","6":"product_cat-seinakasvihuoneet","7":"product_cat-helena-fi","8":"pa_kattematerjal-katto-10-mm-polykarbonaattia-sivut-3-mm-karkaistua-lasia","9":"pa_kulje-korgus-187-m-fi","10":"pa_laius-266-m-fi","11":"pa_pikkus-460-m-fi","12":"pa_pindala-1224-m2-fi","13":"pa_pindala_vahemik-12-16-m-fi","14":"pa_tipu-korgus-239-m-fi","15":"pa_varv-musta","16":"infinite-scroll-item","17":"no-featured-image-padding","18":"sales-flash-overlay","19":"woocommerce-text-align-left","20":"woocommerce-image-align-center","21":"do-quantity-buttons","23":"first","24":"onbackorder","25":"sale","26":"shipping-taxable","27":"purchasable","28":"product-type-variable"},"_links":{"self":[{"href":"https:\/\/fi.vitavia.ee\/kasvuhoone\/wp-json\/wp\/v2\/product\/20248","targetHints":{"allow":["GET"]}}],"collection":[{"href":"https:\/\/fi.vitavia.ee\/kasvuhoone\/wp-json\/wp\/v2\/product"}],"about":[{"href":"https:\/\/fi.vitavia.ee\/kasvuhoone\/wp-json\/wp\/v2\/types\/product"}],"replies":[{"embeddable":true,"href":"https:\/\/fi.vitavia.ee\/kasvuhoone\/wp-json\/wp\/v2\/comments?post=20248"}],"wp:featuredmedia":[{"embeddable":true,"href":"https:\/\/fi.vitavia.ee\/kasvuhoone\/wp-json\/wp\/v2\/media\/13569"}],"wp:attachment":[{"href":"https:\/\/fi.vitavia.ee\/kasvuhoone\/wp-json\/wp\/v2\/media?parent=20248"}],"wp:term":[{"taxonomy":"product_brand","embeddable":true,"href":"https:\/\/fi.vitavia.ee\/kasvuhoone\/wp-json\/wp\/v2\/product_brand?post=20248"},{"taxonomy":"product_cat","embeddable":true,"href":"https:\/\/fi.vitavia.ee\/kasvuhoone\/wp-json\/wp\/v2\/product_cat?post=20248"},{"taxonomy":"product_tag","embeddable":true,"href":"https:\/\/fi.vitavia.ee\/kasvuhoone\/wp-json\/wp\/v2\/product_tag?post=20248"}],"curies":[{"name":"wp","href":"https:\/\/api.w.org\/{rel}","templated":true}]}}