{"id":20157,"date":"2016-01-02T20:04:57","date_gmt":"2016-01-02T20:04:57","guid":{"rendered":"https:\/\/vitavia.ee\/kasvuhoone\/toode\/kasvihuone-vitavia-zeus-8100\/"},"modified":"2023-05-24T08:41:32","modified_gmt":"2023-05-24T05:41:32","slug":"kasvihuone-vitavia-zeus-8100","status":"publish","type":"product","link":"https:\/\/fi.vitavia.ee\/kasvuhoone\/tuote\/kasvihuone-vitavia-zeus-8100\/","title":{"rendered":"Kasvihuone Vitavia Zeus 8100"},"content":{"rendered":"<h3><strong>Vitavia ZEUS &#8211; tyylik\u00e4s ja vaikuttava kasvihuone intohimoiselle puutarhurille \/ 2,57 mx 3,14 m.<\/strong><\/h3>\n<p>2,57 m leve\u00e4 ja 2,50 m korkea kasvihuone on saatavana viidess\u00e4 eri pituudessa.<br \/>\nKorkeat sivut ja yl\u00e4osa tekev\u00e4t kasvihuoneesta todella tilavan ja mahdollistavat sen, ett\u00e4 siit\u00e4 tulee upea puutarhapaviljonki.<\/p>\n<p>Zeus-kasvihuoneen sivut ovat 3 mm karkaistua lasia ja katto 10 mm polykarbonaattia. Mahdollista tilata my\u00f6s kokonaan 10 mm polykarbonaattikuorella.<\/p>\n<p>Kasvihuoneessa on saranoitu, lukittava ovi, joka avautuu kahteen osaan, joten yl\u00e4osaa voidaan k\u00e4ytt\u00e4\u00e4 erillisen\u00e4 tuuletusluukuna.<\/p>\n<p>Zeus-kasvihuoneissa on koosta riippuen kaksi tai kolme kattoikkunaa.<br \/>\nVakiovarusteisiin kuuluvat my\u00f6s sadevesiputket.<\/p>\n<p><strong>Zeus-kasvihuoneen eri mallien kokotaulukko:<\/strong><\/p>\n<div class=\"tabel-scroll-x\">\n<table class=\"spec\" border=\"0\">\n<tbody>\n<tr>\n<th style=\"text-align: left;\" width=\"90\">Malli<\/th>\n<th style=\"text-align: left;\" width=\"72\">Alue<\/th>\n<th style=\"text-align: left;\" width=\"72\">Pituus<\/th>\n<th style=\"text-align: left;\" width=\"72\">Leveys<\/th>\n<th style=\"text-align: left;\" width=\"72\">Sivu<\/th>\n<th style=\"text-align: left;\" width=\"72\">Korkeus<\/th>\n<th style=\"text-align: left;\" width=\"50\">Aknaid<\/th>\n<\/tr>\n<tr>\n<td>Zeus 8100<\/td>\n<td>8,1 <sup>m2<\/sup><\/td>\n<td>3,14 m<\/td>\n<td>2.57m<\/td>\n<td> 1,89 m<\/td>\n<td>2,50 m<\/td>\n<td>2<\/td>\n<\/tr>\n<tr>\n<td>Zeus 10000<\/td>\n<td><sup>10,0m2<\/sup><\/td>\n<td>3,89 m<\/td>\n<td>2.57m<\/td>\n<td> 1,89 m<\/td>\n<td>2,50 m<\/td>\n<td>2<\/td>\n<\/tr>\n<tr>\n<td>Zeus 11900<\/td>\n<td>11,9 m <sup>2<\/sup><\/td>\n<td>4,63 m<\/td>\n<td>2.57m<\/td>\n<td> 1,89 m<\/td>\n<td>2,50 m<\/td>\n<td>3<\/td>\n<\/tr>\n<tr>\n<td>Zeus 13800<\/td>\n<td><sup>13,8m2<\/sup><\/td>\n<td>5,38 m<\/td>\n<td>2.57m<\/td>\n<td> 1,89 m<\/td>\n<td>2,50 m<\/td>\n<td>3<\/td>\n<\/tr>\n<tr>\n<td>Zeus 15700<\/td>\n<td>15,7 <sup>m2<\/sup><\/td>\n<td>6,12 m<\/td>\n<td>2.57m<\/td>\n<td> 1,89 m<\/td>\n<td>2,50 m<\/td>\n<td>3<\/td>\n<\/tr>\n<\/tbody>\n<\/table>\n<\/div>\n<p><em>&#8211; v\u00e4rivaihtoehtoina harmaa ja musta<br \/>\n&#8211; yksi lukittava saranoitu ovi edess\u00e4<br \/>\n&#8211; koosta riippuen 2 tai 3 kattoikkunaa<br \/>\n&#8211; perusrunko kaikissa malleissa<\/em><\/p>\n<p>Runko on valmistettu anodisoidusta alumiinista (joka antaa alumiinille pitk\u00e4aikaisen kauniin ulkon\u00e4\u00f6n ja kest\u00e4vyyden), ja se on saatavana my\u00f6s pulverimaalattuna.<\/p>\n<p>Erilaisia lis\u00e4varusteita voidaan tilata: ikkuna, pohjan tuuletusluukku, automaattinen ikkunanavaaja, pohjakehys, sis\u00e4iset hyllyt jne.<\/p>\n<p><strong><a href=\"http:\/\/mwlconstruct.eu\/e-pood\/tootekategooria\/kasvuhoone-lisavarustus\/\" target=\"_blank\" rel=\"noopener noreferrer\">Katso lis\u00e4varusteet<\/a><\/strong><\/p>\n<p><em>S\u00e4\u00e4ti\u00f6 ei todellakaan ole v\u00e4ltt\u00e4m\u00e4t\u00f6n, mutta toivottava.<br \/>\nJos kasvihuoneessa on pohjakehys, se voidaan kiinnitt\u00e4\u00e4 nurmikkoon tai muuhun valmisteltuun pintaan.<br \/>\nTuotteen hinta sis\u00e4lt\u00e4\u00e4 pohjakehyksen.<\/em><\/p>\n<h3><a href=\"https:\/\/youtu.be\/-4zXyeMetnM\" target=\"_blank\" rel=\"noopener noreferrer\">Vitavian esittelyvideo  <\/a><\/h3>\n","protected":false},"excerpt":{"rendered":"<p><span title=\"Katso kaikki mitat alla olevasta taulukosta\">2,57 m x 3,14 m = 8,1 m\u00b2<\/span><br \/>\n<span style=\"color: #f5bd2f;\"><strong>Kuukausimaksu al. 218,42 \u20ac<\/strong><\/span><\/p>\n","protected":false},"featured_media":13334,"comment_status":"closed","ping_status":"closed","template":"","meta":[],"product_brand":[],"product_cat":[218],"product_tag":[1667,1668],"class_list":{"0":"post-20157","1":"product","2":"type-product","3":"status-publish","4":"has-post-thumbnail","6":"product_cat-zeus-fi","7":"product_tag-karkaistu-lasi","8":"product_tag-sivut-karkaistua-lasia-ja-katto-polykarbonaattia","9":"pa_kattematerjal-katto-10-mm-polykarbonaattia-sivut-3-mm-karkaistua-lasia","10":"pa_kulje-korgus-189-m-fi","11":"pa_laius-257-m-fi","12":"pa_pikkus-314-m-fi","13":"pa_pindala-81-m2-fi","14":"pa_pindala_vahemik-5-9-m-fi","15":"pa_tipu-korgus-250-m-fi","16":"pa_varv-halli","17":"infinite-scroll-item","18":"no-featured-image-padding","19":"sales-flash-overlay","20":"woocommerce-text-align-left","21":"woocommerce-image-align-center","22":"do-quantity-buttons","24":"first","25":"instock","26":"shipping-taxable","27":"purchasable","28":"product-type-variable","29":"has-default-attributes"},"_links":{"self":[{"href":"https:\/\/fi.vitavia.ee\/kasvuhoone\/wp-json\/wp\/v2\/product\/20157","targetHints":{"allow":["GET"]}}],"collection":[{"href":"https:\/\/fi.vitavia.ee\/kasvuhoone\/wp-json\/wp\/v2\/product"}],"about":[{"href":"https:\/\/fi.vitavia.ee\/kasvuhoone\/wp-json\/wp\/v2\/types\/product"}],"replies":[{"embeddable":true,"href":"https:\/\/fi.vitavia.ee\/kasvuhoone\/wp-json\/wp\/v2\/comments?post=20157"}],"wp:featuredmedia":[{"embeddable":true,"href":"https:\/\/fi.vitavia.ee\/kasvuhoone\/wp-json\/wp\/v2\/media\/13334"}],"wp:attachment":[{"href":"https:\/\/fi.vitavia.ee\/kasvuhoone\/wp-json\/wp\/v2\/media?parent=20157"}],"wp:term":[{"taxonomy":"product_brand","embeddable":true,"href":"https:\/\/fi.vitavia.ee\/kasvuhoone\/wp-json\/wp\/v2\/product_brand?post=20157"},{"taxonomy":"product_cat","embeddable":true,"href":"https:\/\/fi.vitavia.ee\/kasvuhoone\/wp-json\/wp\/v2\/product_cat?post=20157"},{"taxonomy":"product_tag","embeddable":true,"href":"https:\/\/fi.vitavia.ee\/kasvuhoone\/wp-json\/wp\/v2\/product_tag?post=20157"}],"curies":[{"name":"wp","href":"https:\/\/api.w.org\/{rel}","templated":true}]}}