{"id":20128,"date":"2023-04-10T11:19:56","date_gmt":"2023-05-24T05:37:36","guid":{"rendered":"https:\/\/vitavia.ee\/kasvuhoone\/toode\/parvekekasvihuone-vitavia-urban\/"},"modified":"2025-02-11T23:04:55","modified_gmt":"2025-02-11T20:04:55","slug":"sauva-kasvihuone-vitavia-urban","status":"publish","type":"product","link":"https:\/\/fi.vitavia.ee\/kasvuhoone\/tuote\/sauva-kasvihuone-vitavia-urban\/","title":{"rendered":"Parvekekasvihuone Vitavia Urban"},"content":{"rendered":"<h3><strong>Kasvihuone \u2013 Vitavia URBAN \/ kaupunki- ja parvekekasvihuone liukuovilla \/ 0,43 mx 0,81 m.<\/strong><\/h3>\n<p>Kasvihuone, joka soveltuu erityisen hyvin kaupunki- ja parvekekasvihuoneeksi ja mahdollistaa pienten vihannesten, yrttien tai kukkien viljelyn ahtaammissa tiloissa.<br \/>\nUrban-kasvihuoneen etuosassa on liukuovet &#8211; 4 lasia, joista alemmat ovat alemmassa kolmanneksessa ja ylemm\u00e4t yl\u00e4osassa.<br \/>\nKasvihuoneen alla on tukevat kumip\u00e4\u00e4llysteiset py\u00f6r\u00e4t, joiden avulla sit\u00e4 on helppo siirt\u00e4\u00e4 tarvittaessa. Py\u00f6riss\u00e4 on jarrut kasvihuoneen lukitsemiseksi paikalleen.<br \/>\n Vahva musta pulverimaalattu alumiinirunko ja 3 mm paksu karkaistu lasi tekev\u00e4t siit\u00e4 kirkkaan.<br \/>\n Kasvihuoneen korkeus on 1,68 m.<br \/>\n Kasvihuoneen mukana tulee hylly, jolla voit jakaa sen osiin: esim. 40 cm ylh\u00e4\u00e4lt\u00e4 ja 1 m alhaalta. V\u00e4lihylly koostuu yksitt\u00e4isist\u00e4 irrotettavista paneeleista ja ne irrottamalla voit kasvattaa kasveja my\u00f6s koko kasvihuoneessa.<br \/>\n Kasvihuoneen mukana tulee my\u00f6s 4 kasvien ripustuslenkki\u00e4. <\/p>\n<p>Urban-kasvihuoneessa on 1 kattoikkuna.<\/p>\n<p><strong>Kaupunkien kasvihuoneiden kokotaulukko:<\/strong><\/p>\n<div class=\"tabel-scroll-x\">\n<table class=\"spec\" border=\"0\">\n<tbody>\n<tr>\n<th style=\"text-align: left;\" width=\"90\">Malli<\/th>\n<th style=\"text-align: left;\" width=\"72\">Alue<\/th>\n<th style=\"text-align: left;\" width=\"72\">Pituus<\/th>\n<th style=\"text-align: left;\" width=\"72\">Leveys<\/th>\n<th style=\"text-align: left;\" width=\"72\">Sivu<\/th>\n<th style=\"text-align: left;\" width=\"72\">Korkeus<\/th>\n<th style=\"text-align: left;\" width=\"50\">Aknaid<\/th>\n<\/tr>\n<tr>\n<td>Urban<\/td>\n<td>0<sup>.35m2<\/sup><\/td>\n<td>0.43m<\/td>\n<td>0.81m<\/td>\n<td>1.58m<\/td>\n<td>1.68m<\/td>\n<td>1<\/td>\n<\/tr>\n<\/tbody>\n<\/table>\n<\/div>\n<p><em>&#8211; V\u00e4rivaihtoehdot: jauhemaalattu musta karkass<br \/>\n &#8211; 3 mm karkaistu lasi kansi<br \/>\n &#8211; 4 lasiliukuovea<br \/>\n &#8211; 1 ylempi tuuletusluukku<br \/>\n &#8211; Pohjarunko lukituspy\u00f6rill\u00e4<br \/>\n &#8211; Sis\u00e4hylly ja kasvien ripustuslenkit<\/em><\/p>\n<p>Runko on alumiinia, joka on jauhemaalattu mustaksi.<\/p>\n<p><strong><a href=\"http:\/\/mwlconstruct.eu\/e-pood\/tootekategooria\/kasvuhoone-lisavarustus\/\" target=\"_blank\" rel=\"noopener noreferrer\">Katso lis\u00e4varusteet<\/a><\/strong><\/p>\n<h3><a href=\"https:\/\/youtu.be\/-4zXyeMetnM\" target=\"_blank\" rel=\"noopener noreferrer\">Vitavian esittelyvideo  <\/a><\/h3>\n","protected":false},"excerpt":{"rendered":"<p><span title=\"Katso kaikki mitat alla olevasta taulukosta\">0,91 m x 0,43 m = 0,35 m\u00b2<\/span><br \/>\n <span style=\"color: #f5bd2f;\"><strong>Kuukausimaksu alkaen. 58,25 \u20ac<\/strong><\/span><\/p>\n","protected":false},"featured_media":15754,"comment_status":"closed","ping_status":"closed","template":"","meta":[],"product_brand":[],"product_cat":[1425],"product_tag":[469,1399,349,350,351,352,353,354,355],"class_list":{"0":"post-20128","1":"product","2":"type-product","3":"status-publish","4":"has-post-thumbnail","6":"product_cat-parvekerakennukset","7":"product_tag-vitavia-fi","8":"product_tag-urban-fi","9":"product_tag-kasvihuone","10":"product_tag-kasvihuoneet","11":"product_tag-kasvihuone-fi","12":"product_tag-kasvihuone-fi-2","13":"product_tag-kasvihuoneet-fi","14":"product_tag-triiphone-fi","15":"product_tag-triplex-fi","16":"pa_kattematerjal-karkaistu-lasi","17":"pa_kulje-korgus-1-58-m-fi","18":"pa_laius-081-m-fi","19":"pa_pikkus-043m-fi","20":"pa_pindala-032-m-fi","21":"pa_pindala_vahemik-01-09-m-fi","22":"pa_tipu-korgus-168-m-fi","23":"pa_varv-musta","24":"infinite-scroll-item","25":"no-featured-image-padding","26":"sales-flash-overlay","27":"woocommerce-text-align-left","28":"woocommerce-image-align-center","29":"do-quantity-buttons","31":"first","32":"instock","33":"shipping-taxable","34":"purchasable","35":"product-type-simple"},"_links":{"self":[{"href":"https:\/\/fi.vitavia.ee\/kasvuhoone\/wp-json\/wp\/v2\/product\/20128","targetHints":{"allow":["GET"]}}],"collection":[{"href":"https:\/\/fi.vitavia.ee\/kasvuhoone\/wp-json\/wp\/v2\/product"}],"about":[{"href":"https:\/\/fi.vitavia.ee\/kasvuhoone\/wp-json\/wp\/v2\/types\/product"}],"replies":[{"embeddable":true,"href":"https:\/\/fi.vitavia.ee\/kasvuhoone\/wp-json\/wp\/v2\/comments?post=20128"}],"wp:featuredmedia":[{"embeddable":true,"href":"https:\/\/fi.vitavia.ee\/kasvuhoone\/wp-json\/wp\/v2\/media\/15754"}],"wp:attachment":[{"href":"https:\/\/fi.vitavia.ee\/kasvuhoone\/wp-json\/wp\/v2\/media?parent=20128"}],"wp:term":[{"taxonomy":"product_brand","embeddable":true,"href":"https:\/\/fi.vitavia.ee\/kasvuhoone\/wp-json\/wp\/v2\/product_brand?post=20128"},{"taxonomy":"product_cat","embeddable":true,"href":"https:\/\/fi.vitavia.ee\/kasvuhoone\/wp-json\/wp\/v2\/product_cat?post=20128"},{"taxonomy":"product_tag","embeddable":true,"href":"https:\/\/fi.vitavia.ee\/kasvuhoone\/wp-json\/wp\/v2\/product_tag?post=20128"}],"curies":[{"name":"wp","href":"https:\/\/api.w.org\/{rel}","templated":true}]}}