{"id":20112,"date":"2023-04-10T11:34:11","date_gmt":"2023-05-24T05:15:38","guid":{"rendered":"https:\/\/vitavia.ee\/kasvuhoone\/toode\/seinalle-asennettava-parvekekasvihuone-vitavia-ida-3300\/"},"modified":"2025-02-11T23:04:44","modified_gmt":"2025-02-11T20:04:44","slug":"seina-rotu-kasvihuone-vitavia-ida-3300","status":"publish","type":"product","link":"https:\/\/fi.vitavia.ee\/kasvuhoone\/tuote\/seina-rotu-kasvihuone-vitavia-ida-3300\/","title":{"rendered":"Sein\u00e4lle asennettava parvekekasvihuone Vitavia Ida 3300"},"content":{"rendered":"<h3><strong>Vitavia IDA &#8211; sein\u00e4\u00e4n asennettava kasvihuone kahdella liukuovella \/ 1,3 mx 2,57 m.<\/strong><\/h3>\n<p>Sein\u00e4\u00e4n kiinnitett\u00e4v\u00e4 kasvihuone on ihanteellinen niille, joilla on v\u00e4hemm\u00e4n tilaa.<\/p>\n<p>Pienemm\u00e4t mallit voidaan sijoittaa jopa parvekkeelle tai verannalle, jolloin voit hoitaa kasveja jopa kaupunkiasunnoissa.<br \/>\n Pienemmiss\u00e4 puutarhoissa kasvihuoneen voi sijoittaa yksinkertaisesti talon sein\u00e4\u00e4 vasten, eik\u00e4 se vaadi suurta pinta-alaa.<\/p>\n<p>Sein\u00e4lle asennettavia malleja on saatavana kuudessa eri koossa.<\/p>\n<p>Kaikissa malleissa on koosta riippuen 1-2 kattoikkunaa ja 1 tai 2 liukuovea.<\/p>\n<p><strong>Kokotaulukko Ida kasvihuoneen eri malleille:<\/strong><\/p>\n<div class=\"tabel-scroll-x\">\n<table class=\"spec\" border=\"0\">\n<tbody>\n<tr>\n<th style=\"text-align: left;\" width=\"90\">Malli<\/th>\n<th style=\"text-align: left;\" width=\"72\">Alue<\/th>\n<th style=\"text-align: left;\" width=\"72\">Pituus<\/th>\n<th style=\"text-align: left;\" width=\"72\">Leveys<\/th>\n<th style=\"text-align: left;\" width=\"72\">Sivu<\/th>\n<th style=\"text-align: left;\" width=\"72\">Korkeus<\/th>\n<th style=\"text-align: left;\" width=\"50\">Aknaid<\/th>\n<\/tr>\n<tr>\n<td>Ida 900<\/td>\n<td><sup>0,9 m2<\/sup><\/td>\n<td>1,32 m<\/td>\n<td>0,69 m<\/td>\n<td>1,52 m<\/td>\n<td>1,84 m<\/td>\n<td>1<\/td>\n<\/tr>\n<tr>\n<td>Ida 1300<\/td>\n<td><sup>1,34m2<\/sup><\/td>\n<td>1,94 m<\/td>\n<td>0,69 m<\/td>\n<td>1,52 m<\/td>\n<td>1,84 m<\/td>\n<td>1<\/td>\n<\/tr>\n<tr>\n<td>Ida 3300<\/td>\n<td><sup>3,3m2<\/sup><\/td>\n<td>2.57m<\/td>\n<td>1,3 m<\/td>\n<td>1,65 m<\/td>\n<td>2,22 m<\/td>\n<td>1<\/td>\n<\/tr>\n<tr>\n<td>Ida 5200<\/td>\n<td>5,2 <sup>m2<\/sup><\/td>\n<td>2,62 m<\/td>\n<td>2,01 m<\/td>\n<td>1,69 m<\/td>\n<td>2,21 m<\/td>\n<td>1<\/td>\n<\/tr>\n<tr>\n<td>Ida 6500<\/td>\n<td><sup>6,5m2<\/sup><\/td>\n<td>3,24 m<\/td>\n<td>2,01 m<\/td>\n<td>1,69 m<\/td>\n<td>2,21 m<\/td>\n<td>2<\/td>\n<\/tr>\n<tr>\n<td>Ida 7800<\/td>\n<td><sup>7,8m2<\/sup><\/td>\n<td>3,87 m<\/td>\n<td>2,01 m<\/td>\n<td>1,69 m<\/td>\n<td>2,21 m<\/td>\n<td>2<\/td>\n<\/tr>\n<\/tbody>\n<\/table>\n<\/div>\n<p><em>&#8211; V\u00e4rivaihtoehtoina harmaa ja pulverimaalattu vihre\u00e4 tai musta. Kolme suurempaa mallia on saatavana vain harmaana ja pulverimaalatun mustana.<br \/>\n &#8211; P\u00e4\u00e4lliseksi voit valita joko 3 mm lasia tai 4 mm polykarbonaattia<br \/>\n &#8211; 1 tai 2 liukuovea edess\u00e4 koosta riippuen<br \/>\n &#8211; 1-2 kattoikkunaa<br \/>\n &#8211; Pohjakehys saatavilla kaikkiin malleihin<br \/>\n<\/em><\/p>\n<p>Runko on valmistettu anodisoidusta alumiinista (varmistaa alumiinin pitk\u00e4kestoisen kauniin ulkon\u00e4\u00f6n ja kest\u00e4vyyden) ja saatavana my\u00f6s jauhemaalattuina.<\/p>\n<p>Erilaisia lis\u00e4varusteita voidaan tilata: ikkuna, pohjan tuuletusluukku, automaattinen ikkunanavaaja, pohjakehys, sis\u00e4iset hyllyt jne.<\/p>\n<p><strong><a href=\"http:\/\/mwlconstruct.eu\/e-pood\/tootekategooria\/kasvuhoone-lisavarustus\/\" target=\"_blank\" rel=\"noopener noreferrer\">Katso lis\u00e4varusteet<\/a><\/strong><\/p>\n<p><em>S\u00e4\u00e4ti\u00f6 ei ole ehdottoman v\u00e4ltt\u00e4m\u00e4t\u00f6n, mutta suositeltavaa.<br \/>\n Jos kasvihuoneessa on pohjarunko, se voidaan kiinnitt\u00e4\u00e4 suoraan maahan tai muuhun esivalmistettuun pintaan (puuterassi tai kivipinta).<br \/>\n Tuotteen hinta ei sis\u00e4ll\u00e4 pohjarunkoa.<\/em><\/p>\n<h3><a href=\"https:\/\/youtu.be\/-4zXyeMetnM\" target=\"_blank\" rel=\"noopener noreferrer\">Vitavian esittelyvideo  <\/a><\/h3>\n<h3><a href=\"https:\/\/youtu.be\/Lfgc5DIekdY\" target=\"_blank\" rel=\"noopener noreferrer\">Esittelyvideo sein\u00e4lle asennetusta kasvihuoneesta<\/a><\/h3>\n","protected":false},"excerpt":{"rendered":"<p><span title=\"Katso kaikki mitat alla olevasta taulukosta\">1,3 m x 2,57 m = 3,3 m\u00b2<\/span><br \/>\n <a class=\"alus_rm\" href=\"https:\/\/vitavia.ee\/kasvuhoone\/wp-content\/uploads\/2021\/06\/Kasvuhoone_IDA_paigaldusjuhend_3300__007.01.1703_-_dansk_tekst.pdf#page=6\" target=\"blanc\" rel=\"noopener\"><span class=\"alus_rm_bold\">HUOM!<\/span> Katso kasvihuoneen pohjarungon ulkomitat t\u00e4\u00e4lt\u00e4.<\/a><br \/>\n <span style=\"color: #f5bd2f;\"><strong>Kuukausimaksu alkaen. 52,08 \u20ac<\/strong><\/span><\/p>\n","protected":false},"featured_media":13044,"comment_status":"closed","ping_status":"closed","template":"","meta":[],"product_brand":[],"product_cat":[1425],"product_tag":[350,1081,1084,469,349],"class_list":{"0":"post-20112","1":"product","2":"type-product","3":"status-publish","4":"has-post-thumbnail","6":"product_cat-parvekerakennukset","7":"product_tag-kasvihuoneet","8":"product_tag-seinalle-kiinnitettava-kasvihuone","9":"product_tag-seinakasvihuone","10":"product_tag-vitavia-fi","11":"product_tag-kasvihuone","12":"pa_kattematerjal-polykarbonaatti-4-mm","13":"pa_kattematerjal-lasi","14":"pa_kulje-korgus-165-m-fi","15":"pa_laius-130-m-fi","16":"pa_pikkus-258-m-fi","17":"pa_pindala-33-m2-fi","18":"pa_pindala_vahemik-09-5-m-fi","19":"pa_tipu-korgus-222-m-fi","20":"pa_varv-musta","21":"pa_varv-halli","22":"infinite-scroll-item","23":"no-featured-image-padding","24":"sales-flash-overlay","25":"woocommerce-text-align-left","26":"woocommerce-image-align-center","27":"do-quantity-buttons","29":"first","30":"instock","31":"shipping-taxable","32":"purchasable","33":"product-type-variable"},"_links":{"self":[{"href":"https:\/\/fi.vitavia.ee\/kasvuhoone\/wp-json\/wp\/v2\/product\/20112","targetHints":{"allow":["GET"]}}],"collection":[{"href":"https:\/\/fi.vitavia.ee\/kasvuhoone\/wp-json\/wp\/v2\/product"}],"about":[{"href":"https:\/\/fi.vitavia.ee\/kasvuhoone\/wp-json\/wp\/v2\/types\/product"}],"replies":[{"embeddable":true,"href":"https:\/\/fi.vitavia.ee\/kasvuhoone\/wp-json\/wp\/v2\/comments?post=20112"}],"wp:featuredmedia":[{"embeddable":true,"href":"https:\/\/fi.vitavia.ee\/kasvuhoone\/wp-json\/wp\/v2\/media\/13044"}],"wp:attachment":[{"href":"https:\/\/fi.vitavia.ee\/kasvuhoone\/wp-json\/wp\/v2\/media?parent=20112"}],"wp:term":[{"taxonomy":"product_brand","embeddable":true,"href":"https:\/\/fi.vitavia.ee\/kasvuhoone\/wp-json\/wp\/v2\/product_brand?post=20112"},{"taxonomy":"product_cat","embeddable":true,"href":"https:\/\/fi.vitavia.ee\/kasvuhoone\/wp-json\/wp\/v2\/product_cat?post=20112"},{"taxonomy":"product_tag","embeddable":true,"href":"https:\/\/fi.vitavia.ee\/kasvuhoone\/wp-json\/wp\/v2\/product_tag?post=20112"}],"curies":[{"name":"wp","href":"https:\/\/api.w.org\/{rel}","templated":true}]}}