{"id":19842,"date":"2016-01-01T20:03:20","date_gmt":"2023-05-24T05:15:02","guid":{"rendered":"https:\/\/vitavia.ee\/kasvuhoone\/toode\/seinalle-kiinnitettava-kasvihuone-vitavia-ida-1300\/"},"modified":"2023-05-24T08:15:02","modified_gmt":"2023-05-24T05:15:02","slug":"seina-kasvihuone-vitavia-ita-1300","status":"publish","type":"product","link":"https:\/\/fi.vitavia.ee\/kasvuhoone\/tuote\/seina-kasvihuone-vitavia-ita-1300\/","title":{"rendered":"Sein\u00e4lle kiinnitett\u00e4v\u00e4 kasvihuone Vitavia Ida 1300"},"content":{"rendered":"<h3><strong>Vitavia IDA &#8211; sein\u00e4\u00e4n asennettava kasvihuone yhdell\u00e4 liukuovella \/ 0,69 mx 1,94 m<br \/>\n<\/strong><\/h3>\n<p>Sein\u00e4\u00e4n kiinnitett\u00e4v\u00e4 kasvihuone on ihanteellinen niille, joilla on v\u00e4hemm\u00e4n tilaa.<\/p>\n<p>Pienemm\u00e4t mallit voidaan sijoittaa jopa parvekkeelle tai kuistille, mik\u00e4 mahdollistaa kasvien k\u00e4sittelemisen jopa kaupunkiasunnoissa.<br \/>\nPienemmiss\u00e4 puutarhoissa kasvihuoneen voi sijoittaa yksinkertaisesti talon sein\u00e4n viereen, eik\u00e4 siihen tarvita suurta aluetta.<\/p>\n<p>Sein\u00e4lle asennettavia malleja on saatavana kuudessa eri koossa.<\/p>\n<p>Kaikissa malleissa on koosta riippuen 1-2 kattoikkunaa ja 1 tai 2 liukuovea.<\/p>\n<p><strong>It\u00e4isen kasvihuoneen eri mallien kokotaulukko:<\/strong><\/p>\n<div class=\"tabel-scroll-x\">\n<table class=\"spec\" border=\"0\">\n<tbody>\n<tr>\n<th style=\"text-align: left;\" width=\"90\">Malli<\/th>\n<th style=\"text-align: left;\" width=\"72\">Alue<\/th>\n<th style=\"text-align: left;\" width=\"72\">Pituus<\/th>\n<th style=\"text-align: left;\" width=\"72\">Leveys<\/th>\n<th style=\"text-align: left;\" width=\"72\">Sivu<\/th>\n<th style=\"text-align: left;\" width=\"72\">Korkeus<\/th>\n<th style=\"text-align: left;\" width=\"50\">Aknaid<\/th>\n<\/tr>\n<tr>\n<td>It\u00e4 900<\/td>\n<td><sup>0,9 m2<\/sup><\/td>\n<td>1,32 m<\/td>\n<td>0,69 m<\/td>\n<td>1,52 m<\/td>\n<td>1,84 m<\/td>\n<td>1<\/td>\n<\/tr>\n<tr>\n<td>1300 it\u00e4\u00e4n<\/td>\n<td><sup>1,34m2<\/sup><\/td>\n<td>1,94 m<\/td>\n<td>0,69 m<\/td>\n<td>1,52 m<\/td>\n<td>1,84 m<\/td>\n<td>1<\/td>\n<\/tr>\n<tr>\n<td>3300 it\u00e4\u00e4n<\/td>\n<td><sup>3,3m2<\/sup><\/td>\n<td>2.57m<\/td>\n<td>1,3 m<\/td>\n<td>1,65 m<\/td>\n<td>2,22 m<\/td>\n<td>1<\/td>\n<\/tr>\n<tr>\n<td>5200 it\u00e4\u00e4n<\/td>\n<td>5,2 <sup>m2<\/sup><\/td>\n<td>2,62 m<\/td>\n<td>2,01 m<\/td>\n<td>1,69 m<\/td>\n<td>2,21 m<\/td>\n<td>1<\/td>\n<\/tr>\n<tr>\n<td>6500 it\u00e4\u00e4n<\/td>\n<td><sup>6,5m2<\/sup><\/td>\n<td>3,24 m<\/td>\n<td>2,01 m<\/td>\n<td>1,69 m<\/td>\n<td>2,21 m<\/td>\n<td>2<\/td>\n<\/tr>\n<tr>\n<td>7800 it\u00e4\u00e4n<\/td>\n<td><sup>7,8m2<\/sup><\/td>\n<td>3,87 m<\/td>\n<td>2,01 m<\/td>\n<td>1,69 m<\/td>\n<td>2,21 m<\/td>\n<td>2<\/td>\n<\/tr>\n<\/tbody>\n<\/table>\n<\/div>\n<p><em>&#8211; Saatavana harmaana ja vihre\u00e4n\u00e4. Kolme isompaa mallia tarjoavat vain harmaata v\u00e4ri\u00e4.<br \/>\n&#8211; P\u00e4\u00e4lliseksi voit valita 3 mm lasia tai 4 mm polykarbonaattia<br \/>\n&#8211; 1 tai 2 liukuovea edess\u00e4 koosta riippuen<br \/>\n&#8211; 1-2 kattoikkunaa<br \/>\n&#8211; Peruskehys saatavana kaikkiin malleihin<br \/>\n<\/em><\/p>\n<p>Runko on valmistettu anodisoidusta alumiinista (joka antaa alumiinille pitk\u00e4aikaisen kauniin ulkon\u00e4\u00f6n ja kest\u00e4vyyden), ja se on saatavana my\u00f6s pulverimaalattuna.<\/p>\n<p>Erilaisia lis\u00e4varusteita voidaan tilata: ikkuna, pohjan tuuletusluukku, automaattinen ikkunanavaaja, pohjakehys, sis\u00e4iset hyllyt jne.<\/p>\n<p><strong><a href=\"http:\/\/mwlconstruct.eu\/e-pood\/tootekategooria\/kasvuhoone-lisavarustus\/\" target=\"_blank\" rel=\"noopener noreferrer\">Katso lis\u00e4varusteet<\/a><\/strong><\/p>\n<p><em>S\u00e4\u00e4ti\u00f6 ei todellakaan ole v\u00e4ltt\u00e4m\u00e4t\u00f6n, mutta toivottava.<br \/>\nJos kasvihuoneessa on pohjakehys, se voidaan kiinnitt\u00e4\u00e4 nurmikkoon tai muuhun valmisteltuun pintaan.<br \/>\nHinta ei sis\u00e4ll\u00e4 perusrunkoa.<\/em><\/p>\n<h3><a href=\"https:\/\/youtu.be\/-4zXyeMetnM\" target=\"_blank\" rel=\"noopener noreferrer\">Vitavian esittelyvideo  <\/a><\/h3>\n<h3><a href=\"https:\/\/youtu.be\/Lfgc5DIekdY\" target=\"_blank\" rel=\"noopener noreferrer\">Esittelyvideo sein\u00e4lle asennetusta kasvihuoneesta<\/a><\/h3>\n","protected":false},"excerpt":{"rendered":"<p><span title=\"Katso kaikki mitat alla olevasta taulukosta\">0,69 m x 1,94 m = 1,3 m\u00b2<\/span><br \/>\n<a class=\"alus_rm\" href=\"https:\/\/vitavia.ee\/kasvuhoone\/wp-content\/uploads\/2021\/06\/Kasvuhoone_Ida_paigaldusjuhend_900-1300-003.01.1703_-_dansk_tekst.pdf#page=6\" target=\"blanc\" rel=\"noopener\"><span class=\"alus_rm_bold\">NB!<\/span> Kasvihuoneen pohjakehyksen ulkomitat katso t\u00e4st\u00e4<\/a><br \/>\n<span style=\"color: #f5bd2f;\"><strong>Kuukausimaksu al. 23,25 \u20ac<\/strong><\/span><\/p>\n","protected":false},"featured_media":20965,"comment_status":"closed","ping_status":"closed","template":"","meta":[],"product_brand":[],"product_cat":[233,191],"product_tag":[1081,1084,469,549,349,350],"class_list":{"0":"post-19842","1":"product","2":"type-product","3":"status-publish","4":"has-post-thumbnail","6":"product_cat-seinakasvihuoneet","7":"product_cat-ida-fi","8":"product_tag-seinalle-kiinnitettava-kasvihuone","9":"product_tag-seinakasvihuone","10":"product_tag-vitavia-fi","11":"product_tag-ida-fi","12":"product_tag-kasvihuone","13":"product_tag-kasvihuoneet","14":"pa_kattematerjal-polykarbonaatti-4-mm","15":"pa_kattematerjal-lasi","16":"pa_kulje-korgus-152-m-fi","17":"pa_laius-069-m-fi","18":"pa_pikkus-195-m-fi","19":"pa_pindala-13-m-fi","20":"pa_pindala_vahemik-09-5-m-fi","21":"pa_tipu-korgus-184-m-fi","22":"pa_varv-musta","23":"pa_varv-vihrea","24":"pa_varv-halli","25":"infinite-scroll-item","26":"no-featured-image-padding","27":"sales-flash-overlay","28":"woocommerce-text-align-left","29":"woocommerce-image-align-center","30":"do-quantity-buttons","32":"first","33":"instock","34":"shipping-taxable","35":"purchasable","36":"product-type-variable"},"_links":{"self":[{"href":"https:\/\/fi.vitavia.ee\/kasvuhoone\/wp-json\/wp\/v2\/product\/19842","targetHints":{"allow":["GET"]}}],"collection":[{"href":"https:\/\/fi.vitavia.ee\/kasvuhoone\/wp-json\/wp\/v2\/product"}],"about":[{"href":"https:\/\/fi.vitavia.ee\/kasvuhoone\/wp-json\/wp\/v2\/types\/product"}],"replies":[{"embeddable":true,"href":"https:\/\/fi.vitavia.ee\/kasvuhoone\/wp-json\/wp\/v2\/comments?post=19842"}],"wp:featuredmedia":[{"embeddable":true,"href":"https:\/\/fi.vitavia.ee\/kasvuhoone\/wp-json\/wp\/v2\/media\/20965"}],"wp:attachment":[{"href":"https:\/\/fi.vitavia.ee\/kasvuhoone\/wp-json\/wp\/v2\/media?parent=19842"}],"wp:term":[{"taxonomy":"product_brand","embeddable":true,"href":"https:\/\/fi.vitavia.ee\/kasvuhoone\/wp-json\/wp\/v2\/product_brand?post=19842"},{"taxonomy":"product_cat","embeddable":true,"href":"https:\/\/fi.vitavia.ee\/kasvuhoone\/wp-json\/wp\/v2\/product_cat?post=19842"},{"taxonomy":"product_tag","embeddable":true,"href":"https:\/\/fi.vitavia.ee\/kasvuhoone\/wp-json\/wp\/v2\/product_tag?post=19842"}],"curies":[{"name":"wp","href":"https:\/\/api.w.org\/{rel}","templated":true}]}}