{"id":19683,"date":"2017-02-24T20:19:47","date_gmt":"2023-05-24T03:51:08","guid":{"rendered":"https:\/\/vitavia.ee\/kasvuhoone\/toode\/kasvihuone-vitavia-poseidon-13-800\/"},"modified":"2023-05-24T06:51:08","modified_gmt":"2023-05-24T03:51:08","slug":"kasvihuone-vitavia-poseidon-13800","status":"publish","type":"product","link":"https:\/\/fi.vitavia.ee\/kasvuhoone\/tuote\/kasvihuone-vitavia-poseidon-13800\/","title":{"rendered":"Kasvihuone Vitavia Poseidon 13 800"},"content":{"rendered":"<h3><strong>Vitavia POSEIDON &#8211; tyylik\u00e4s ja vaikuttava kasvihuone intohimoiselle puutarhurille \/ 2,57 mx 5,38 m.<\/strong><\/h3>\n<p>2,57 m leve\u00e4 ja 2,50 m korkea kasvihuone on saatavana viidess\u00e4 eri pituudessa.<br \/>\nKorkeat sivut ja yl\u00e4osa tekev\u00e4t kasvihuoneesta todella tilavan ja mahdollistavat sen, ett\u00e4 siit\u00e4 tulee upea puutarhapaviljonki.<br \/>\nPoseidon on vahva ja kaunis kasvihuone, jonka korkeat sivut tarjoavat poikkeuksellisen tilavat ty\u00f6skentelytilat.<br \/>\nPoseidon-kasvihuoneen sivut on valmistettu 3 mm karkaistusta lasipaneeleista ja katto on 10 mm UV-suojattua polykarbonaattia, joka v\u00e4hent\u00e4\u00e4 kondensoitumista ja l\u00e4mp\u00f6h\u00e4vi\u00f6it\u00e4.<br \/>\nPolykarbonaattikaton ansiosta sit\u00e4 ei tarvitse varjostaa suojatakseen sit\u00e4 auringolta.<br \/>\nKasvihuoneen runko on valmistettu eritt\u00e4in vahvoista jauhemaalatuista alumiiniprofiileista.<\/p>\n<p>Kasvihuoneessa on saranoidut ovet, jotka voidaan lukita edest\u00e4 ja toppi avautuu molemmin puolin.<\/p>\n<p>Poseidonin kasvihuoneissa on koosta riippuen kaksi tai kolme kattoikkunaa.<br \/>\nVakiovarusteisiin kuuluvat my\u00f6s sadevesiputket.<\/p>\n<p><strong>Poseidon-kasvihuoneen eri mallien kokotaulukko:<\/strong><\/p>\n<div class=\"tabel-scroll-x\">\n<table class=\"spec\" border=\"0\">\n<tbody>\n<tr>\n<th style=\"text-align: left;\" width=\"90\">Malli<\/th>\n<th style=\"text-align: left;\" width=\"72\">Alue<\/th>\n<th style=\"text-align: left;\" width=\"72\">Pituus<\/th>\n<th style=\"text-align: left;\" width=\"72\">Leveys<\/th>\n<th style=\"text-align: left;\" width=\"72\">Sivu<\/th>\n<th style=\"text-align: left;\" width=\"72\">Korkeus<\/th>\n<th style=\"text-align: left;\" width=\"50\">Aknaid<\/th>\n<\/tr>\n<tr>\n<td>Poseidon 8100<\/td>\n<td>8,1 <sup>m2<\/sup><\/td>\n<td>3,14 m<\/td>\n<td>2.57m<\/td>\n<td> 1,89 m<\/td>\n<td>2,50 m<\/td>\n<td>2<\/td>\n<\/tr>\n<tr>\n<td>Poseidon 10000<\/td>\n<td><sup>10,0m2<\/sup><\/td>\n<td>3,89 m<\/td>\n<td>2.57m<\/td>\n<td> 1,89 m<\/td>\n<td>2,50 m<\/td>\n<td>2<\/td>\n<\/tr>\n<tr>\n<td>Poseidon 11900<\/td>\n<td>11,9 m <sup>2<\/sup><\/td>\n<td>4,63 m<\/td>\n<td>2.57m<\/td>\n<td> 1,89 m<\/td>\n<td>2,50 m<\/td>\n<td>3<\/td>\n<\/tr>\n<tr>\n<td>Poseidon 13800<\/td>\n<td><sup>13,8m2<\/sup><\/td>\n<td>5,38 m<\/td>\n<td>2.57m<\/td>\n<td> 1,89 m<\/td>\n<td>2,50 m<\/td>\n<td>3<\/td>\n<\/tr>\n<tr>\n<td>Poseidon 15700<\/td>\n<td>15,7 <sup>m2<\/sup><\/td>\n<td>6,12 m<\/td>\n<td>2.57m<\/td>\n<td> 1,89 m<\/td>\n<td>2,50 m<\/td>\n<td>3<\/td>\n<\/tr>\n<\/tbody>\n<\/table>\n<\/div>\n<p><em>&#8211; v\u00e4rivaihtoehtona musta<br \/>\n&#8211; kaksi lukittavaa saranoitua ovea edess\u00e4<br \/>\n&#8211; koosta riippuen 2 tai 3 kattoikkunaa<br \/>\n&#8211; perusrunko kaikissa malleissa<\/em><\/p>\n<p>Runko on valmistettu anodisoidusta alumiinista (takaa alumiinin pitk\u00e4kestoisen kauniin ulkon\u00e4\u00f6n ja kest\u00e4vyyden) ja jauhemaalatusta mustasta.<\/p>\n<p>On mahdollista tilata erilaisia lis\u00e4varusteita: ikkuna, automaattinen ikkunanavaaja, sis\u00e4hyllyt jne.<\/p>\n<p><em>Meikkivoide ei todellakaan ole v\u00e4ltt\u00e4m\u00e4t\u00f6n, mutta suositeltavaa.<\/em><br \/>\n Kasvihuoneen erityisen vahva pohjarunko mahdollistaa sen asentamisen suoraan halutulle pinnalle.<\/p>\n<p><em>Tuotteen hinta sis\u00e4lt\u00e4\u00e4 pohjakehyksen.<\/em><\/p>\n<h3><a href=\"https:\/\/youtu.be\/XiwDf_kw8oc\" target=\"_blank\" rel=\"noopener noreferrer\">Vitavian esittelyvideo  <\/a><\/h3>\n<p><a href=\"https:\/\/www.pinterest.com\/mwlconstruct\/kasvuhoone\/\">Pinterest<\/a><br \/>\n<a href=\"http:\/\/www.vitavia.ee\/\" rel=\"nofollow\">Vitavia<\/a><\/p>\n","protected":false},"excerpt":{"rendered":"<p><span title=\"Katso kaikki mitat alla olevasta taulukosta\">2,57 m x 5,38 m = 13,8 m\u00b2<\/span><br \/>\n<span style=\"color: #f5bd2f;\"><strong>Kuukausimaksu al. &#8230; \u20ac<\/strong><\/span><\/p>\n","protected":false},"featured_media":13704,"comment_status":"closed","ping_status":"closed","template":"","meta":[],"product_brand":[],"product_cat":[206],"product_tag":[1667,1668],"class_list":{"0":"post-19683","1":"product","2":"type-product","3":"status-publish","4":"has-post-thumbnail","6":"product_cat-poseidon-fi","7":"product_tag-karkaistu-lasi","8":"product_tag-sivut-karkaistua-lasia-ja-katto-polykarbonaattia","9":"pa_kattematerjal-katto-10-mm-polykarbonaattia-sivut-3-mm-karkaistua-lasia","10":"pa_kulje-korgus-188-m-fi","11":"pa_laius-257-m-fi","12":"pa_pikkus-538-m-fi","13":"pa_pindala-138-m2-fi","14":"pa_pindala_vahemik-12-16-m-fi","15":"pa_tipu-korgus-250-m-fi","16":"pa_varv-musta","17":"infinite-scroll-item","18":"no-featured-image-padding","19":"sales-flash-overlay","20":"woocommerce-text-align-left","21":"woocommerce-image-align-center","22":"do-quantity-buttons","24":"first","25":"instock","26":"sale","27":"shipping-taxable","28":"purchasable","29":"product-type-variable","30":"has-default-attributes"},"_links":{"self":[{"href":"https:\/\/fi.vitavia.ee\/kasvuhoone\/wp-json\/wp\/v2\/product\/19683","targetHints":{"allow":["GET"]}}],"collection":[{"href":"https:\/\/fi.vitavia.ee\/kasvuhoone\/wp-json\/wp\/v2\/product"}],"about":[{"href":"https:\/\/fi.vitavia.ee\/kasvuhoone\/wp-json\/wp\/v2\/types\/product"}],"replies":[{"embeddable":true,"href":"https:\/\/fi.vitavia.ee\/kasvuhoone\/wp-json\/wp\/v2\/comments?post=19683"}],"wp:featuredmedia":[{"embeddable":true,"href":"https:\/\/fi.vitavia.ee\/kasvuhoone\/wp-json\/wp\/v2\/media\/13704"}],"wp:attachment":[{"href":"https:\/\/fi.vitavia.ee\/kasvuhoone\/wp-json\/wp\/v2\/media?parent=19683"}],"wp:term":[{"taxonomy":"product_brand","embeddable":true,"href":"https:\/\/fi.vitavia.ee\/kasvuhoone\/wp-json\/wp\/v2\/product_brand?post=19683"},{"taxonomy":"product_cat","embeddable":true,"href":"https:\/\/fi.vitavia.ee\/kasvuhoone\/wp-json\/wp\/v2\/product_cat?post=19683"},{"taxonomy":"product_tag","embeddable":true,"href":"https:\/\/fi.vitavia.ee\/kasvuhoone\/wp-json\/wp\/v2\/product_tag?post=19683"}],"curies":[{"name":"wp","href":"https:\/\/api.w.org\/{rel}","templated":true}]}}