{"id":19386,"date":"2023-01-14T14:08:14","date_gmt":"2023-05-23T09:44:56","guid":{"rendered":"https:\/\/vitavia.ee\/kasvuhoone\/toode\/kasvihuone-vitavia-mars-9900\/"},"modified":"2023-05-23T12:44:56","modified_gmt":"2023-05-23T09:44:56","slug":"kasvihuone-vitavia-mars-9900","status":"publish","type":"product","link":"https:\/\/fi.vitavia.ee\/kasvuhoone\/tuote\/kasvihuone-vitavia-mars-9900\/","title":{"rendered":"Kasvihuone Vitavia Mars 9900"},"content":{"rendered":"<h3><strong>Vitavia MARS &#8211; tyylik\u00e4s kasvihuone tukevaan puutarhaan.<\/strong><\/h3>\n<p>2,57 metri\u00e4 leve\u00e4 kasvihuone on saatavana nelj\u00e4n\u00e4 eri pituutena.<br \/>\nRiitt\u00e4v\u00e4n korkea ja leve\u00e4 kasvihuone antaa kasveille riitt\u00e4v\u00e4sti tilaa kasvaa ja kehitty\u00e4.<\/p>\n<p>Marsin kasvihuoneissa on my\u00f6s riitt\u00e4v\u00e4sti tilaa sisustaa se ainutlaatuisella ja mielenkiintoisella tavalla.<\/p>\n<p>Kasvihuoneessa on 2 liukuovea.<\/p>\n<p>Marsin kasvihuoneissa on vakiovarusteena kaksi kattoikkunaa.<\/p>\n<p><strong>Mars-kasvihuoneen eri mallien kokotaulukko:<\/strong><\/p>\n<div class=\"tabel-scroll-x\">\n<table class=\"spec\" border=\"0\">\n<tbody>\n<tr>\n<th style=\"text-align: left;\" width=\"90\">Malli<\/th>\n<th style=\"text-align: left;\" width=\"72\">Alue<\/th>\n<th style=\"text-align: left;\" width=\"72\">Pituus<\/th>\n<th style=\"text-align: left;\" width=\"72\">Leveys<\/th>\n<th style=\"text-align: left;\" width=\"72\">Sivu<\/th>\n<th style=\"text-align: left;\" width=\"72\">Korkeus<\/th>\n<th style=\"text-align: left;\" width=\"50\">Aknaid<\/th>\n<\/tr>\n<tr>\n<td>maaliskuuta 6700<\/td>\n<td>6<sup>.7m2<\/sup><\/td>\n<td>2.58m<\/td>\n<td>2.57m<\/td>\n<td>1,37 m<\/td>\n<td>2,32 m<\/td>\n<td>2<\/td>\n<\/tr>\n<tr>\n<td>maaliskuuta 8300<\/td>\n<td>8<sup>.3m2<\/sup><\/td>\n<td>3.21m<\/td>\n<td>2.57m<\/td>\n<td>1,37 m<\/td>\n<td>2,32 m<\/td>\n<td>2<\/td>\n<\/tr>\n<tr>\n<td>Maaliskuu 9900<\/td>\n<td>9<sup>.9m2<\/sup><\/td>\n<td>3.84m<\/td>\n<td>2.57m<\/td>\n<td>1,37 m<\/td>\n<td>2,32 m<\/td>\n<td>2<\/td>\n<\/tr>\n<tr>\n<td>maaliskuuta 11500<\/td>\n<td>11<sup>.5m2<\/sup><\/td>\n<td>4.46m<\/td>\n<td>2.57m<\/td>\n<td>1,37 m<\/td>\n<td>2,32 m<\/td>\n<td>2<\/td>\n<\/tr>\n<\/tbody>\n<\/table>\n<\/div>\n<p><em>&#8211; v\u00e4rivaihtoehtoina harmaa, musta ja vihre\u00e4<br \/>\n&#8211; P\u00e4\u00e4llysteeksi voidaan valita 3 mm:n lasi, karkaistu lasi tai 6 mm:n polykarbonaatti.<br \/>\n&#8211; toinen kahdesta liukuovesta edess\u00e4<br \/>\n&#8211; 2 kattoikkunaa<br \/>\n&#8211; kaikissa malleissa on lis\u00e4varusteena saatavilla oleva runko jaloilla<\/em><\/p>\n<p>Runko on valmistettu anodisoidusta alumiinista (joka antaa alumiinille pitk\u00e4aikaisen kauniin ulkon\u00e4\u00f6n ja kest\u00e4vyyden), ja se on saatavana my\u00f6s pulverimaalattuna.<\/p>\n<p>Erilaisia lis\u00e4varusteita voidaan tilata: ikkuna, pohjan tuuletusluukku, automaattinen ikkunanavaaja, pohjakehys, sis\u00e4iset hyllyt jne.<\/p>\n<p><strong><a href=\"http:\/\/mwlconstruct.eu\/e-pood\/tootekategooria\/kasvuhoone-lisavarustus\/\" target=\"_blank\" rel=\"noopener noreferrer\">Katso lis\u00e4varusteet<\/a><\/strong><\/p>\n<p><em>S\u00e4\u00e4ti\u00f6 ei todellakaan ole v\u00e4ltt\u00e4m\u00e4t\u00f6n, mutta toivottava.<br \/>\nJos kasvihuoneessa on pohjakehys, se voidaan kiinnitt\u00e4\u00e4 nurmikkoon tai muuhun valmisteltuun pintaan.<br \/>\nHinta ei sis\u00e4ll\u00e4 perusrunkoa.<\/em><\/p>\n<h3><a href=\"https:\/\/youtu.be\/-4zXyeMetnM\" target=\"_blank\" rel=\"noopener noreferrer\">Vitavian esittelyvideo  <\/a><\/h3>\n","protected":false},"excerpt":{"rendered":"<p><span title=\"Katso kaikki mitat alla olevasta taulukosta\">2.57m x 3.84m = 9.9m\u00b2.<\/span><br \/>\n<span style=\"color: #f5bd2f;\"><strong>Kuukausimaksu alkaen 78,67 \u20ac<\/strong><\/span><\/p>\n","protected":false},"featured_media":15368,"comment_status":"closed","ping_status":"closed","template":"","meta":[],"product_brand":[],"product_cat":[1438],"product_tag":[349,350,351,352,353,1685,354,1686,355,469,553],"class_list":{"0":"post-19386","1":"product","2":"type-product","3":"status-publish","4":"has-post-thumbnail","6":"product_cat-mars-fi","7":"product_tag-kasvihuone","8":"product_tag-kasvihuoneet","9":"product_tag-kasvihuone-fi","10":"product_tag-kasvihuone-fi-2","11":"product_tag-kasvihuoneet-fi","12":"product_tag-lasi","13":"product_tag-triiphone-fi","14":"product_tag-polykarbonaatti","15":"product_tag-triplex-fi","16":"product_tag-vitavia-fi","17":"product_tag-neptun-fi","18":"pa_kattematerjal-lasi","19":"pa_kattematerjal-karkaistu-lasi","20":"pa_kulje-korgus-135-m-fi","21":"pa_laius-257-m-fi","22":"pa_pikkus-384-m-fi","23":"pa_pindala-99-m2-fi","24":"pa_pindala_vahemik-9-12-m-fi","25":"pa_tipu-korgus-230-m-fi","26":"pa_varv-musta","27":"infinite-scroll-item","28":"no-featured-image-padding","29":"sales-flash-overlay","30":"woocommerce-text-align-left","31":"woocommerce-image-align-center","32":"do-quantity-buttons","34":"first","35":"instock","36":"shipping-taxable","37":"purchasable","38":"product-type-variable","39":"has-default-attributes"},"_links":{"self":[{"href":"https:\/\/fi.vitavia.ee\/kasvuhoone\/wp-json\/wp\/v2\/product\/19386","targetHints":{"allow":["GET"]}}],"collection":[{"href":"https:\/\/fi.vitavia.ee\/kasvuhoone\/wp-json\/wp\/v2\/product"}],"about":[{"href":"https:\/\/fi.vitavia.ee\/kasvuhoone\/wp-json\/wp\/v2\/types\/product"}],"replies":[{"embeddable":true,"href":"https:\/\/fi.vitavia.ee\/kasvuhoone\/wp-json\/wp\/v2\/comments?post=19386"}],"wp:featuredmedia":[{"embeddable":true,"href":"https:\/\/fi.vitavia.ee\/kasvuhoone\/wp-json\/wp\/v2\/media\/15368"}],"wp:attachment":[{"href":"https:\/\/fi.vitavia.ee\/kasvuhoone\/wp-json\/wp\/v2\/media?parent=19386"}],"wp:term":[{"taxonomy":"product_brand","embeddable":true,"href":"https:\/\/fi.vitavia.ee\/kasvuhoone\/wp-json\/wp\/v2\/product_brand?post=19386"},{"taxonomy":"product_cat","embeddable":true,"href":"https:\/\/fi.vitavia.ee\/kasvuhoone\/wp-json\/wp\/v2\/product_cat?post=19386"},{"taxonomy":"product_tag","embeddable":true,"href":"https:\/\/fi.vitavia.ee\/kasvuhoone\/wp-json\/wp\/v2\/product_tag?post=19386"}],"curies":[{"name":"wp","href":"https:\/\/api.w.org\/{rel}","templated":true}]}}