{"id":19354,"date":"2016-01-02T22:52:12","date_gmt":"2016-01-02T22:52:12","guid":{"rendered":"https:\/\/vitavia.ee\/kasvuhoone\/toode\/kasvihuone-vitavia-cassandra-11500\/"},"modified":"2023-05-22T19:06:43","modified_gmt":"2023-05-22T16:06:43","slug":"kasvihuone-vitavia-cassandra-11500","status":"publish","type":"product","link":"https:\/\/fi.vitavia.ee\/kasvuhoone\/tuote\/kasvihuone-vitavia-cassandra-11500\/","title":{"rendered":"Kasvihuone Vitavia Cassandra 11500"},"content":{"rendered":"<h3><strong>Vitavia CASSANDRA &#8211; vieh\u00e4tt\u00e4v\u00e4 kasvihuone englantilaiseen tyyliin.<\/strong><\/h3>\n<p>2,57 m leve\u00e4 kasvihuone on saatavana kahdessa eri pituudessa.<br \/>\n2,46 m korkea kalteva katto ja 1,51 m korkeat sivut varmistavat riitt\u00e4v\u00e4sti tilaa ja avaruutta.<br \/>\nViihtyis\u00e4 ja kaunis sokkelimalli, jossa erilaiset sokkelirakennevaihtoehdot takaavat persoonallisen, tyylikk\u00e4\u00e4n lopputuloksen.<\/p>\n<p>Kasvihuoneessa on kaksinkertaiset liukuovet, jotka voidaan kiinnitt\u00e4\u00e4 eri avoimiin asentoihin.<\/p>\n<p>Molemmissa Cassandra-malleissa on nelj\u00e4 kattoluukkua.<\/p>\n<p><strong>Cassandra kasvihuoneen kokotaulukko eri malleille:<\/strong><\/p>\n<div class=\"tabel-scroll-x\">\n<table class=\"spec\" border=\"0\">\n<tbody>\n<tr>\n<th style=\"text-align: left;\" width=\"90\">Malli<\/th>\n<th style=\"text-align: left;\" width=\"72\">Alue<\/th>\n<th style=\"text-align: left;\" width=\"72\">Pituus<\/th>\n<th style=\"text-align: left;\" width=\"72\">Leveys<\/th>\n<th style=\"text-align: left;\" width=\"72\">Sivu<\/th>\n<th style=\"text-align: left;\" width=\"72\">Korkeus<\/th>\n<th style=\"text-align: left;\" width=\"50\">Aknaid<\/th>\n<\/tr>\n<tr>\n<td>Cassandra 9900<\/td>\n<td>9<sup>.9m2<\/sup><\/td>\n<td>3,85 m<\/td>\n<td>2.57m<\/td>\n<td> 1,51 m<\/td>\n<td>2.46m<\/td>\n<td>4<\/td>\n<\/tr>\n<tr>\n<td>Cassandra 11500<\/td>\n<td>11<sup>.5m2<\/sup><\/td>\n<td>4,48 m<\/td>\n<td>2.57m<\/td>\n<td> 1,51 m<\/td>\n<td>2.46m<\/td>\n<td>4<\/td>\n<\/tr>\n<\/tbody>\n<\/table>\n<\/div>\n<p><em>&#8211; v\u00e4rivaihtoehtoina harmaa ja musta<br \/>\n&#8211; 3 mm karkaistu lasi kansi<br \/>\n&#8211; kaksi liukuovea edess\u00e4<br \/>\n&#8211; 4 kattoikkunaa<br \/>\n<\/em><\/p>\n<p>Runko on valmistettu anodisoidusta alumiinista (joka antaa alumiinille pitk\u00e4aikaisen kauniin ulkon\u00e4\u00f6n ja kest\u00e4vyyden), ja se on saatavana my\u00f6s pulverimaalattuna.<\/p>\n<p>Erilaisia lis\u00e4varusteita voidaan tilata: ikkuna, pohjan tuuletusluukku, automaattinen ikkunanavaaja, pohjakehys, sis\u00e4iset hyllyt jne.<\/p>\n<p><strong><a href=\"http:\/\/mwlconstruct.eu\/e-pood\/tootekategooria\/kasvuhoone-lisavarustus\/\" target=\"_blank\" rel=\"noopener noreferrer\">Katso lis\u00e4varusteet<\/a><\/strong><\/p>\n<p><em>S\u00e4\u00e4ti\u00f6 ei todellakaan ole v\u00e4ltt\u00e4m\u00e4t\u00f6n, mutta toivottava.<br \/>\nTuotteen hinta ei sis\u00e4ll\u00e4 sokkelia tai pohjakehyst\u00e4.<\/em><\/p>\n<h3><a href=\"https:\/\/youtu.be\/-4zXyeMetnM\" target=\"_blank\" rel=\"noopener noreferrer\">Vitavian esittelyvideo  <\/a><\/h3>\n","protected":false},"excerpt":{"rendered":"<p><span title=\"Katso kaikki mitat alla olevasta taulukosta\">2,57 m x 4,48 m = 11,5 m\u00b2<\/span><br \/>\n<a class=\"alus_rm\" href=\"https:\/\/vitavia.ee\/kasvuhoone\/wp-content\/uploads\/2021\/06\/Paigaldusjuhend-Cassandra.pdf#page=16\" target=\"blanc\" rel=\"noopener\"><span class=\"alus_rm_bold\">NB!<\/span> Katso t\u00e4\u00e4lt\u00e4 kasvihuoneen rungon ja sokkelin mitat<\/a><br \/>\n<span style=\"color: #f5bd2f;\"><strong>Kuukausimaksu al. 115,83 \u20ac<\/strong><\/span><\/p>\n","protected":false},"featured_media":13514,"comment_status":"closed","ping_status":"closed","template":"","meta":[],"product_brand":[],"product_cat":[187],"product_tag":[1667],"class_list":{"0":"post-19354","1":"product","2":"type-product","3":"status-publish","4":"has-post-thumbnail","6":"product_cat-cassandra-fi","7":"product_tag-karkaistu-lasi","8":"pa_kattematerjal-karkaistu-lasi","9":"pa_kulje-korgus-154-m-fi","10":"pa_laius-257-m-fi","11":"pa_pikkus-446-m-fi","12":"pa_pindala-115-m2-fi","13":"pa_pindala_vahemik-9-12-m-fi","14":"pa_tipu-korgus-246-m-fi","15":"pa_varv-musta","16":"infinite-scroll-item","17":"no-featured-image-padding","18":"sales-flash-overlay","19":"woocommerce-text-align-left","20":"woocommerce-image-align-center","21":"do-quantity-buttons","23":"first","24":"instock","25":"shipping-taxable","26":"purchasable","27":"product-type-variable","28":"has-default-attributes"},"_links":{"self":[{"href":"https:\/\/fi.vitavia.ee\/kasvuhoone\/wp-json\/wp\/v2\/product\/19354","targetHints":{"allow":["GET"]}}],"collection":[{"href":"https:\/\/fi.vitavia.ee\/kasvuhoone\/wp-json\/wp\/v2\/product"}],"about":[{"href":"https:\/\/fi.vitavia.ee\/kasvuhoone\/wp-json\/wp\/v2\/types\/product"}],"replies":[{"embeddable":true,"href":"https:\/\/fi.vitavia.ee\/kasvuhoone\/wp-json\/wp\/v2\/comments?post=19354"}],"wp:featuredmedia":[{"embeddable":true,"href":"https:\/\/fi.vitavia.ee\/kasvuhoone\/wp-json\/wp\/v2\/media\/13514"}],"wp:attachment":[{"href":"https:\/\/fi.vitavia.ee\/kasvuhoone\/wp-json\/wp\/v2\/media?parent=19354"}],"wp:term":[{"taxonomy":"product_brand","embeddable":true,"href":"https:\/\/fi.vitavia.ee\/kasvuhoone\/wp-json\/wp\/v2\/product_brand?post=19354"},{"taxonomy":"product_cat","embeddable":true,"href":"https:\/\/fi.vitavia.ee\/kasvuhoone\/wp-json\/wp\/v2\/product_cat?post=19354"},{"taxonomy":"product_tag","embeddable":true,"href":"https:\/\/fi.vitavia.ee\/kasvuhoone\/wp-json\/wp\/v2\/product_tag?post=19354"}],"curies":[{"name":"wp","href":"https:\/\/api.w.org\/{rel}","templated":true}]}}