{"id":19333,"date":"2023-01-11T14:31:29","date_gmt":"2023-05-22T15:48:18","guid":{"rendered":"https:\/\/vitavia.ee\/kasvuhoone\/toode\/kasvihuone-vitavia-fortuna\/"},"modified":"2023-05-22T18:48:18","modified_gmt":"2023-05-22T15:48:18","slug":"kasvihuone-vitavia-fortuna","status":"publish","type":"product","link":"https:\/\/fi.vitavia.ee\/kasvuhoone\/tuote\/kasvihuone-vitavia-fortuna\/","title":{"rendered":"Kasvihuone Vitavia Fortuna"},"content":{"rendered":"<h3><strong>Kasvihuone &#8211; Vitavia FORTUNA \/ kasvihuone kahdella saranoidulla ovella \/ 3,21 mx 3,21 m.<\/strong><\/h3>\n<p>Kasvihuone tai puutarhapaviljonki, joka sopii my\u00f6s talvipuutarhaan.<br \/>\nLeve\u00e4t ja lukittavat saranoidut ovet mahdollistavat tilavan ja helpon sis\u00e4\u00e4nk\u00e4ynnin.<br \/>\nVahva eloksoitu alumiinirunko ja tilavat 3 mm paksut karkaistut lasisivupaneelit tekev\u00e4t siit\u00e4 eritt\u00e4in kirkkaan.<br \/>\nKasvihuoneessa, jossa on korkeat sivut ja katto, pystyt seisomaan koko kasvihuoneen pituudelta.<br \/>\nFortunassa on 3 sivuikkunaa ja laskuputket kaikissa nelj\u00e4ss\u00e4 kulmassa. Katon alaosassa on kouru.avaajat. <\/p>\n<p><strong>Fortunan kasvihuoneen eri mallien kokotaulukko:<\/strong><\/p>\n<div class=\"tabel-scroll-x\">\n<table class=\"spec\" border=\"0\">\n<tbody>\n<tr>\n<th style=\"text-align: left;\" width=\"90\">Malli<\/th>\n<th style=\"text-align: left;\" width=\"72\">Alue<\/th>\n<th style=\"text-align: left;\" width=\"72\">Pituus<\/th>\n<th style=\"text-align: left;\" width=\"72\">Leveys<\/th>\n<th style=\"text-align: left;\" width=\"72\">Sivu<\/th>\n<th style=\"text-align: left;\" width=\"72\">Korkeus<\/th>\n<th style=\"text-align: left;\" width=\"50\">Aknaid<\/th>\n<\/tr>\n<td>Fortuna<\/td>\n<td><sup>10,2m2<\/sup><\/td>\n<td>3.21m<\/td>\n<td>3.21m<\/td>\n<td>1,88 m<\/td>\n<td>2,65 m<\/td>\n<td>3<\/td>\n<\/tr>\n<\/tbody>\n<\/table>\n<\/div>\n<p><em>&#8211; v\u00e4rivaihtoehtona musta<br \/>\n&#8211; 3 mm t\u00e4yspaneeli karkaistu lasi sivuilla peitteen\u00e4. Katossa 10 mm polykarbonaattia.<br \/>\n&#8211; 2 saranoitua ovea edess\u00e4<br \/>\n&#8211; 3 sivuikkunaa<br \/>\n&#8211; perusrunko kaikissa malleissa<\/em><\/p>\n<p>Runko on alumiinia, joka on jauhemaalattu mustaksi.<\/p>\n<p>On mahdollista tilata erilaisia lis\u00e4varusteita: sis\u00e4hyllyt, l\u00e4mp\u00f6mittarit jne.<\/p>\n<h4><strong><a href=\"https:\/\/vitavia.ee\/kasvuhoone\/tootekategooria\/kasvuhoone-lisavarustus\/\" target=\"_blank\" rel=\"noopener noreferrer\">Katso lis\u00e4varusteet<\/a><\/strong><\/h4>\n<p><em>Fortuna vaatii asennukseen joko perustuksen tai esivalmistetun kivipinnan\/puuterassin.<br \/>\nKasvihuoneessa on pohjarunko, jolla voit kiinnitt\u00e4\u00e4 sen joko perustukseen tai puuterassille\/kivipintaan.<br \/>\nTuotteen hinta sis\u00e4lt\u00e4\u00e4 pohjarungon ilman jalkoja.<\/em><\/p>\n<h3><a href=\"https:\/\/youtu.be\/-4zXyeMetnM\" target=\"_blank\" rel=\"noopener noreferrer\">Vitavian esittelyvideo  <\/a><\/h3>\n","protected":false},"excerpt":{"rendered":"<p><span title=\"Katso kaikki mitat alla olevasta taulukosta\">3,21 m x 3,21 m = 10,2 m\u00b2<\/span><br \/>\n<span style=\"color: #f5bd2f;\"><strong>Kuukausimaksu al. 465 \u20ac<\/strong><\/span><\/p>\n","protected":false},"featured_media":15283,"comment_status":"open","ping_status":"closed","template":"","meta":[],"product_brand":[],"product_cat":[1231],"product_tag":[351,1401,352,353,1667,469,1668,349,350],"class_list":{"0":"post-19333","1":"product","2":"type-product","3":"status-publish","4":"has-post-thumbnail","6":"product_cat-fortuna-fi","7":"product_tag-kasvihuone-fi","8":"product_tag-fortuna-fi","9":"product_tag-kasvihuone-fi-2","10":"product_tag-kasvihuoneet-fi","11":"product_tag-karkaistu-lasi","12":"product_tag-vitavia-fi","13":"product_tag-sivut-karkaistua-lasia-ja-katto-polykarbonaattia","14":"product_tag-kasvihuone","15":"product_tag-kasvihuoneet","16":"pa_kattematerjal-katto-10-mm-polykarbonaattia-sivut-3-mm-karkaistua-lasia","17":"pa_kulje-korgus-188-m-fi","18":"pa_laius-314-m-fi","19":"pa_pikkus-314-m-fi","20":"pa_pindala-102-m-fi","21":"pa_pindala_vahemik-9-12-m-fi","22":"pa_tipu-korgus-265-m-fi","23":"pa_varv-musta","24":"infinite-scroll-item","25":"no-featured-image-padding","26":"sales-flash-overlay","27":"woocommerce-text-align-left","28":"woocommerce-image-align-center","29":"do-quantity-buttons","31":"first","32":"instock","33":"sale","34":"shipping-taxable","35":"purchasable","36":"product-type-variable","37":"has-default-attributes"},"_links":{"self":[{"href":"https:\/\/fi.vitavia.ee\/kasvuhoone\/wp-json\/wp\/v2\/product\/19333","targetHints":{"allow":["GET"]}}],"collection":[{"href":"https:\/\/fi.vitavia.ee\/kasvuhoone\/wp-json\/wp\/v2\/product"}],"about":[{"href":"https:\/\/fi.vitavia.ee\/kasvuhoone\/wp-json\/wp\/v2\/types\/product"}],"replies":[{"embeddable":true,"href":"https:\/\/fi.vitavia.ee\/kasvuhoone\/wp-json\/wp\/v2\/comments?post=19333"}],"wp:featuredmedia":[{"embeddable":true,"href":"https:\/\/fi.vitavia.ee\/kasvuhoone\/wp-json\/wp\/v2\/media\/15283"}],"wp:attachment":[{"href":"https:\/\/fi.vitavia.ee\/kasvuhoone\/wp-json\/wp\/v2\/media?parent=19333"}],"wp:term":[{"taxonomy":"product_brand","embeddable":true,"href":"https:\/\/fi.vitavia.ee\/kasvuhoone\/wp-json\/wp\/v2\/product_brand?post=19333"},{"taxonomy":"product_cat","embeddable":true,"href":"https:\/\/fi.vitavia.ee\/kasvuhoone\/wp-json\/wp\/v2\/product_cat?post=19333"},{"taxonomy":"product_tag","embeddable":true,"href":"https:\/\/fi.vitavia.ee\/kasvuhoone\/wp-json\/wp\/v2\/product_tag?post=19333"}],"curies":[{"name":"wp","href":"https:\/\/api.w.org\/{rel}","templated":true}]}}