{"id":19284,"date":"2018-01-12T12:31:41","date_gmt":"2018-01-12T12:31:41","guid":{"rendered":"https:\/\/vitavia.ee\/kasvuhoone\/toode\/kasvihuone-vitavia-orion-3800\/"},"modified":"2023-05-22T18:42:09","modified_gmt":"2023-05-22T15:42:09","slug":"kasvihuone-vitavia-orion-3800","status":"publish","type":"product","link":"https:\/\/fi.vitavia.ee\/kasvuhoone\/tuote\/kasvihuone-vitavia-orion-3800\/","title":{"rendered":"Kasvihuone Vitavia Orion 3800"},"content":{"rendered":"<h3><strong>Vitavia ORION &#8211; kasvihuone, jossa on vieh\u00e4tt\u00e4v\u00e4 muotoilu ja satumainen muoto.<\/strong><\/h3>\n<p>1,93 m leve\u00e4 ja 2,3 m korkea kasvihuone on saatavana kahdessa eri pituudessa.<br \/>\nKasvihuone on valoisa ja vieh\u00e4tt\u00e4v\u00e4, kaunistaen jokaisen kodin puutarhaa.<\/p>\n<p>Kasvihuoneen edess\u00e4 on liukuovi, jonka mitat ovat 0,6 mx 2 m, se voidaan kiinnitt\u00e4\u00e4 eri avoimiin asentoihin.<\/p>\n<p>Orionin kasvihuoneessa on yksi kattoikkuna ja laskuputket.<\/p>\n<p><strong>Saturn-kasvihuoneen eri mallien kokotaulukko:<\/strong><\/p>\n<div class=\"tabel-scroll-x\">\n<table class=\"spec\" border=\"0\">\n<tbody>\n<tr>\n<th style=\"text-align: left;\" width=\"90\">Malli<\/th>\n<th style=\"text-align: left;\" width=\"72\">Alue<\/th>\n<th style=\"text-align: left;\" width=\"72\">Pituus<\/th>\n<th style=\"text-align: left;\" width=\"72\">Leveys<\/th>\n<th style=\"text-align: left;\" width=\"72\">Sivu<\/th>\n<th style=\"text-align: left;\" width=\"72\">Korkeus<\/th>\n<th style=\"text-align: left;\" width=\"50\">Aknaid<\/th>\n<\/tr>\n<tr>\n<td>Orion 3800<\/td>\n<td>3,8 <sup>m2<\/sup><\/td>\n<td>1,93 m<\/td>\n<td>1,95 m<\/td>\n<td>1,24 m<\/td>\n<td>2,3 m<\/td>\n<td>1<\/td>\n<\/tr>\n<tr>\n<td>Orion 5000<\/td>\n<td>5 <sup>m2<\/sup><\/td>\n<td>1,93 m<\/td>\n<td>2,57 m<\/td>\n<td> 1,24 m<\/td>\n<td>2,3 m<\/td>\n<td>1<\/td>\n<\/tr>\n<\/tbody>\n<\/table>\n<\/div>\n<p><em>&#8211; saatavana harmaana ja vihre\u00e4n\u00e4<br \/>\n&#8211; 3 mm yksilasi kannelle<br \/>\n&#8211; olisi yksin\u00e4inen edess\u00e4<br \/>\n&#8211; 1 kattoikkuna<br \/>\n&#8211; pohjarunko saatavilla kaikissa malleissa<\/em><\/p>\n<p>Runko on valmistettu anodisoidusta alumiinista (alumiinin pitk\u00e4ik\u00e4isen kauniin ulkon\u00e4\u00f6n ja kest\u00e4vyyden vuoksi), ja se on saatavana my\u00f6s jauhemaalattuna.<\/p>\n<p>Erilaisia lis\u00e4varusteita voidaan tilata: ikkuna, pohjan tuuletusluukku, automaattinen ikkunanavaaja, pohjakehys, sis\u00e4iset hyllyt jne.<\/p>\n<p><strong><a href=\"http:\/\/mwlconstruct.eu\/e-pood\/tootekategooria\/kasvuhoone-lisavarustus\/\" target=\"_blank\" rel=\"noopener noreferrer\">Katso lis\u00e4varusteet<\/a><\/strong><\/p>\n<p><em>S\u00e4\u00e4ti\u00f6 ei todellakaan ole v\u00e4ltt\u00e4m\u00e4t\u00f6n, mutta toivottava.<br \/>\nJos kasvihuoneessa on pohjakehys, se voidaan kiinnitt\u00e4\u00e4 nurmikkoon tai muuhun valmisteltuun pintaan.<br \/>\nHinta ei sis\u00e4ll\u00e4 perusrunkoa.<\/em><\/p>\n<h3><a href=\"https:\/\/youtu.be\/-4zXyeMetnM\" target=\"_blank\" rel=\"noopener noreferrer\">Vitavian esittelyvideo  <\/a><\/h3>\n","protected":false},"excerpt":{"rendered":"<p><span title=\"Katso kaikki mitat alla olevasta taulukosta\">1,93m x 1,95m = 3,8m\u00b2.<\/span><br \/>\n<span style=\"color: #f5bd2f;\"><strong>Kuukausimaksu al. 49,58 \u20ac<\/strong><\/span><\/p>\n","protected":false},"featured_media":13749,"comment_status":"closed","ping_status":"closed","template":"","meta":[],"product_brand":[],"product_cat":[203],"product_tag":[1685],"class_list":{"0":"post-19284","1":"product","2":"type-product","3":"status-publish","4":"has-post-thumbnail","6":"product_cat-orion-fi","7":"product_tag-lasi","8":"pa_kulje-korgus-182-m-fi","9":"pa_laius-193-m-fi","10":"pa_pikkus-195-m-fi","11":"pa_pindala-38-m2-fi","12":"pa_pindala_vahemik-09-5-m-fi","13":"pa_tipu-korgus-230-m-fi","14":"pa_varv-halli","15":"infinite-scroll-item","16":"no-featured-image-padding","17":"sales-flash-overlay","18":"woocommerce-text-align-left","19":"woocommerce-image-align-center","20":"do-quantity-buttons","22":"first","23":"instock","24":"shipping-taxable","25":"purchasable","26":"product-type-variable","27":"has-default-attributes"},"_links":{"self":[{"href":"https:\/\/fi.vitavia.ee\/kasvuhoone\/wp-json\/wp\/v2\/product\/19284","targetHints":{"allow":["GET"]}}],"collection":[{"href":"https:\/\/fi.vitavia.ee\/kasvuhoone\/wp-json\/wp\/v2\/product"}],"about":[{"href":"https:\/\/fi.vitavia.ee\/kasvuhoone\/wp-json\/wp\/v2\/types\/product"}],"replies":[{"embeddable":true,"href":"https:\/\/fi.vitavia.ee\/kasvuhoone\/wp-json\/wp\/v2\/comments?post=19284"}],"wp:featuredmedia":[{"embeddable":true,"href":"https:\/\/fi.vitavia.ee\/kasvuhoone\/wp-json\/wp\/v2\/media\/13749"}],"wp:attachment":[{"href":"https:\/\/fi.vitavia.ee\/kasvuhoone\/wp-json\/wp\/v2\/media?parent=19284"}],"wp:term":[{"taxonomy":"product_brand","embeddable":true,"href":"https:\/\/fi.vitavia.ee\/kasvuhoone\/wp-json\/wp\/v2\/product_brand?post=19284"},{"taxonomy":"product_cat","embeddable":true,"href":"https:\/\/fi.vitavia.ee\/kasvuhoone\/wp-json\/wp\/v2\/product_cat?post=19284"},{"taxonomy":"product_tag","embeddable":true,"href":"https:\/\/fi.vitavia.ee\/kasvuhoone\/wp-json\/wp\/v2\/product_tag?post=19284"}],"curies":[{"name":"wp","href":"https:\/\/api.w.org\/{rel}","templated":true}]}}