{"id":19237,"date":"2020-04-15T16:07:26","date_gmt":"2023-05-22T13:41:22","guid":{"rendered":"https:\/\/vitavia.ee\/kasvuhoone\/toode\/kasvihuone-vitavia-apollo-6200\/"},"modified":"2023-05-22T16:41:22","modified_gmt":"2023-05-22T13:41:22","slug":"kasvihuone-vitavia-apollo-6200","status":"publish","type":"product","link":"https:\/\/fi.vitavia.ee\/kasvuhoone\/tuote\/kasvihuone-vitavia-apollo-6200\/","title":{"rendered":"Kasvihuone Vitavia Apollo 6200"},"content":{"rendered":"<h3><strong>Vitavia APOLLO 6200 &#8211; ihanteellinen pieni kasvihuone, joka sopii useimmille puutarhureille \/ 1,93 mx 3,21 m.<\/strong><\/h3>\n<p>1,93 m leve\u00e4 kasvihuone on saatavana kahdessa eri pituudessa.<\/p>\n<p>Kasvihuoneessa on yksi liukuovi, joka voidaan avata joko oikealle tai vasemmalle puolelle. Avoin ovi voidaan my\u00f6s kiinnitt\u00e4\u00e4 eri asentoihin ilman, ett\u00e4 tuuli puhaltaa kasvihuoneen ovea.<\/p>\n<p>Apollo kasvihuoneissa on kaksi kattoikkunaa. Halutessasi voit lis\u00e4ksi asentaa kattoikkunan automaattiset avaajat. <\/p>\n<p><strong>Apollo kasvihuoneen eri mallien kokotaulukko:<\/strong><\/p>\n<div class=\"tabel-scroll-x\">\n<table class=\"spec\" border=\"0\">\n<tbody>\n<tr>\n<th style=\"text-align: left;\" width=\"90\">Malli<\/th>\n<th style=\"text-align: left;\" width=\"72\">Alue<\/th>\n<th style=\"text-align: left;\" width=\"72\">Pituus<\/th>\n<th style=\"text-align: left;\" width=\"72\">Leveys<\/th>\n<th style=\"text-align: left;\" width=\"72\">Sivu<\/th>\n<th style=\"text-align: left;\" width=\"72\">Korkeus<\/th>\n<th style=\"text-align: left;\" width=\"50\">Aknaid<\/th>\n<\/tr>\n<td>Apollo 5000<\/td>\n<td>5<sup>.0m2<\/sup><\/td>\n<td>2.57m<\/td>\n<td>1.93m<\/td>\n<td>1,36 m<\/td>\n<td>2,07 m<\/td>\n<td>1<\/td>\n<\/tr>\n<tr>\n<td>Apollo 6200<\/td>\n<td>6<sup>.2m2<\/sup><\/td>\n<td>3.21m<\/td>\n<td>1.93m<\/td>\n<td>1,36 m<\/td>\n<td>2,07 m<\/td>\n<td>2<\/td>\n<\/tr>\n<\/tbody>\n<\/table>\n<\/div>\n<p><em>&#8211; v\u00e4rivaihtoehtoina harmaa ja musta<br \/>\n&#8211; Voit valita kanneksi 3 mm lasin<br \/>\n&#8211; edess\u00e4 yksi liukuovi<br \/>\n&#8211; 2 kattoikkunaa<br \/>\n&#8211; perusrunko kaikissa malleissa<\/em><\/p>\n<p>Runko on valmistettu anodisoidusta alumiinista (joka antaa alumiinille pitk\u00e4aikaisen kauniin ulkon\u00e4\u00f6n ja kest\u00e4vyyden), ja se on saatavana my\u00f6s pulverimaalattuna.<\/p>\n<p>Erilaisia lis\u00e4varusteita voidaan tilata: ikkuna, pohjan tuuletusluukku, automaattinen ikkunanavaaja, pohjakehys, sis\u00e4iset hyllyt jne.<\/p>\n<h4><strong><a href=\"https:\/\/vitavia.ee\/kasvuhoone\/tootekategooria\/kasvuhoone-lisavarustus\/\" target=\"_blank\" rel=\"noopener noreferrer\">Katso lis\u00e4varusteet<\/a><\/strong><\/h4>\n<p><em>S\u00e4\u00e4ti\u00f6 ei todellakaan ole v\u00e4ltt\u00e4m\u00e4t\u00f6n, mutta toivottava.<br \/>\nJos kasvihuoneessa on pohjakehys, se voidaan kiinnitt\u00e4\u00e4 nurmikkoon tai muuhun valmisteltuun pintaan.<br \/>\nTuotteen hinta sis\u00e4lt\u00e4\u00e4 pohjakehyksen.<\/em><\/p>\n<h3><a href=\"https:\/\/youtu.be\/-4zXyeMetnM\" target=\"_blank\" rel=\"noopener noreferrer\">Vitavian esittelyvideo  <\/a><\/h3>\n","protected":false},"excerpt":{"rendered":"<p><span title=\"Katso kaikki mitat alla olevasta taulukosta\">1,93m x 3,21m = 6,2m\u00b2.<\/span><br \/>\n<span><a href=\"https:\/\/vitavia.ee\/kasvuhoone\/wp-content\/uploads\/2020\/04\/Kasvuhoone-Vitavia-Apollo-6200_7500-Paigaldusjuhend-062.01.1601.pdf#page=14\" class=\"alus_rm\" target=\"blanc\" rel=\"noopener\"><span class=\"alus_rm_bold\">NB!<\/span> Kasvihuoneen pohjakehyksen ulkomitat katso t\u00e4st\u00e4<\/a><\/span><br \/>\n<span style=\"color: #f5bd2f;\"><strong>Kuukausimaksu al. 80,67 \u20ac<\/strong><\/span><\/p>\n","protected":false},"featured_media":15465,"comment_status":"open","ping_status":"closed","template":"","meta":[],"product_brand":[],"product_cat":[243],"product_tag":[349,350,351,352,353,469,541,1685],"class_list":{"0":"post-19237","1":"product","2":"type-product","3":"status-publish","4":"has-post-thumbnail","6":"product_cat-apollo-fi","7":"product_tag-kasvihuone","8":"product_tag-kasvihuoneet","9":"product_tag-kasvihuone-fi","10":"product_tag-kasvihuone-fi-2","11":"product_tag-kasvihuoneet-fi","12":"product_tag-vitavia-fi","13":"product_tag-apollo-fi","14":"product_tag-lasi","15":"pa_kattematerjal-lasi","16":"pa_kulje-korgus-136-m-fi","17":"pa_laius-193-m-fi","18":"pa_pikkus-321-m-fi","19":"pa_pindala-62-m2-fi","20":"pa_pindala_vahemik-5-9-m-fi","21":"pa_tipu-korgus-209-m-fi","22":"pa_varv-musta","23":"infinite-scroll-item","24":"no-featured-image-padding","25":"sales-flash-overlay","26":"woocommerce-text-align-left","27":"woocommerce-image-align-center","28":"do-quantity-buttons","30":"first","31":"instock","32":"shipping-taxable","33":"purchasable","34":"product-type-variable","35":"has-default-attributes"},"_links":{"self":[{"href":"https:\/\/fi.vitavia.ee\/kasvuhoone\/wp-json\/wp\/v2\/product\/19237","targetHints":{"allow":["GET"]}}],"collection":[{"href":"https:\/\/fi.vitavia.ee\/kasvuhoone\/wp-json\/wp\/v2\/product"}],"about":[{"href":"https:\/\/fi.vitavia.ee\/kasvuhoone\/wp-json\/wp\/v2\/types\/product"}],"replies":[{"embeddable":true,"href":"https:\/\/fi.vitavia.ee\/kasvuhoone\/wp-json\/wp\/v2\/comments?post=19237"}],"wp:featuredmedia":[{"embeddable":true,"href":"https:\/\/fi.vitavia.ee\/kasvuhoone\/wp-json\/wp\/v2\/media\/15465"}],"wp:attachment":[{"href":"https:\/\/fi.vitavia.ee\/kasvuhoone\/wp-json\/wp\/v2\/media?parent=19237"}],"wp:term":[{"taxonomy":"product_brand","embeddable":true,"href":"https:\/\/fi.vitavia.ee\/kasvuhoone\/wp-json\/wp\/v2\/product_brand?post=19237"},{"taxonomy":"product_cat","embeddable":true,"href":"https:\/\/fi.vitavia.ee\/kasvuhoone\/wp-json\/wp\/v2\/product_cat?post=19237"},{"taxonomy":"product_tag","embeddable":true,"href":"https:\/\/fi.vitavia.ee\/kasvuhoone\/wp-json\/wp\/v2\/product_tag?post=19237"}],"curies":[{"name":"wp","href":"https:\/\/api.w.org\/{rel}","templated":true}]}}