{"id":19133,"date":"2015-12-27T20:45:36","date_gmt":"2023-05-20T08:21:11","guid":{"rendered":"https:\/\/vitavia.ee\/kasvuhoone\/toode\/kasvihuone-puutarhapaviljonki-vitavia-hera-4500-r-m\/"},"modified":"2025-08-24T18:07:57","modified_gmt":"2025-08-24T15:07:57","slug":"kasvihuone-puutarha-paviljonki-hera-4500-r","status":"publish","type":"product","link":"https:\/\/fi.vitavia.ee\/kasvuhoone\/tuote\/kasvihuone-puutarha-paviljonki-hera-4500-r\/","title":{"rendered":"Kasvihuone\/puutarhapaviljonki Vitavia Hera 4500 M"},"content":{"rendered":"<h3><strong>Vitavia HERA 4500 &#8211; kasvihuone\/puutarhapaviljonki, sek\u00e4 lep\u00e4\u00e4miseen ett\u00e4 kasvien kasvattamiseen.<\/strong><\/h3>\n<p>Hera &#8211; vieh\u00e4tt\u00e4v\u00e4 puutarhavaja parantaa, koristaa ja t\u00e4ydent\u00e4\u00e4 mit\u00e4 tahansa puutarhaa.<br \/>\nIhanteellinen paikka rentoutumiseen, vieraiden viihdytt\u00e4miseen tai kasvien kasvattamiseen.<\/p>\n<p><strong>Pinta-ala: 4,5 m2<\/strong><br \/>\n<strong> Pituus: 2,19 m<\/strong><br \/>\n<strong> Leveys: 2,69 m<\/strong><br \/>\n<strong> Huipun korkeus: 2,57 m<br \/>\nSivukorkeus 1,82 m antaa riitt\u00e4v\u00e4sti tilaa seisomaan vapaasti.<br \/>\n<\/strong><\/p>\n<h3><strong>Hinta sis\u00e4lt\u00e4\u00e4 rungon, kannen ja kaksi alempaa tuuletusluukkua.<\/strong><\/h3>\n<div class=\"wpb_text_column wpb_content_element wpb_animate_when_almost_visible wpb_bottom-to-top wpb_start_animation\">\n<div class=\"wpb_wrapper\">\n<ul>\n<li>anodisoitu alumiinirunko<\/li>\n<li>kansi 3mm lasi<\/li>\n<li>saatavilla olevat v\u00e4rit<br \/>\n&#8211; anodisoitu alumiini harmaa<br \/>\n&#8211; jauhemaalattu vihre\u00e4<\/li>\n<li>2 alempaa tuuletusluukkua<\/li>\n<li>1 liukuovi<\/li>\n<\/ul>\n<\/div>\n<\/div>\n<p>Runko on valmistettu anodisoidusta alumiinista (alumiinin pitk\u00e4ik\u00e4isen kauniin ulkon\u00e4\u00f6n ja kest\u00e4vyyden vuoksi), ja se on saatavana my\u00f6s jauhemaalattuna.<\/p>\n<p>Erilaisia lis\u00e4varusteita on tilattavissa: automaattinen alailman luukun avaaja, pohjarunko, sis\u00e4hyllyt, l\u00e4mp\u00f6mittarit jne.<br \/>\nTuotteen hinta ei sis\u00e4ll\u00e4 pohjakehyst\u00e4, se on lis\u00e4maksullinen ja maksaa 170 eur.<\/p>\n<h4><strong><a href=\"https:\/\/vitavia.ee\/kasvuhoone\/tootekategooria\/kasvuhoone-lisavarustus\/\" target=\"_blank\" rel=\"noopener noreferrer\">Katso lis\u00e4varusteet<\/a><\/strong><\/h4>\n<p><em>S\u00e4\u00e4ti\u00f6 ei todellakaan ole v\u00e4ltt\u00e4m\u00e4t\u00f6n, mutta toivottava. Hinta ei sis\u00e4ll\u00e4 perustusten rakentamista ja asennusta.<\/em><br \/>\n<em> Tilaamalla paviljonkiin pohjarunko voidaan kiinnitt\u00e4\u00e4 nurmikolle tai muuhun valmisteltuun pintaan.<\/em><\/p>\n<p>NB! Paras hinta postikuluille lasketaan antamasi osoitteen perusteella, ja se l\u00e4hetet\u00e4\u00e4n sinulle s\u00e4hk\u00f6postitse.<\/p>\n<h3><a href=\"https:\/\/youtu.be\/-4zXyeMetnM\" target=\"_blank\" rel=\"noopener noreferrer\">Vitavian esittelyvideo <\/a><\/h3>\n","protected":false},"excerpt":{"rendered":"<p><span title=\"Katso kaikki mitat alla olevasta taulukosta\">2,19 m x 2,69 m = 4,5 m\u00b2<\/span><br \/>\n<a class=\"alus_rm\" href=\"https:\/\/vitavia.ee\/wp-content\/uploads\/2017\/10\/Kasvuhoone-Hera-4500-paigaldusjuhend.pdf#page=14\" target=\"blanc\" rel=\"noopener\"><span class=\"alus_rm_bold\">NB!<\/span> Kasvihuoneen pohjakehyksen ulkomitat katso t\u00e4st\u00e4<\/a><br \/>\n<span style=\"color: #f5bd2f;\"><strong>Kuukausimaksu al. 124,58 \u20ac<\/strong><\/span><\/p>\n","protected":false},"featured_media":20752,"comment_status":"closed","ping_status":"closed","template":"","meta":[],"product_brand":[],"product_cat":[190],"product_tag":[353,452,453,1685,469,545,349,350,351,352],"class_list":{"0":"post-19133","1":"product","2":"type-product","3":"status-publish","4":"has-post-thumbnail","6":"product_cat-hera-fi","7":"product_tag-kasvihuoneet-fi","8":"product_tag-puutarhatalo","9":"product_tag-puutarhapaviljonki","10":"product_tag-lasi","11":"product_tag-vitavia-fi","12":"product_tag-hera-fi","13":"product_tag-kasvihuone","14":"product_tag-kasvihuoneet","15":"product_tag-kasvihuone-fi","16":"product_tag-kasvihuone-fi-2","17":"pa_kattematerjal-karkaistu-lasi","18":"pa_kulje-korgus-182-m-fi","19":"pa_laius-221-m-fi","20":"pa_pikkus-253-m-fi","21":"pa_pindala-45-m2-fi","22":"pa_pindala_vahemik-09-5-m-fi","23":"pa_tipu-korgus-257-m-fi","24":"pa_varv-musta","25":"infinite-scroll-item","26":"no-featured-image-padding","27":"sales-flash-overlay","28":"woocommerce-text-align-left","29":"woocommerce-image-align-center","30":"do-quantity-buttons","32":"first","33":"instock","34":"sale","35":"shipping-taxable","36":"purchasable","37":"product-type-variable"},"_links":{"self":[{"href":"https:\/\/fi.vitavia.ee\/kasvuhoone\/wp-json\/wp\/v2\/product\/19133","targetHints":{"allow":["GET"]}}],"collection":[{"href":"https:\/\/fi.vitavia.ee\/kasvuhoone\/wp-json\/wp\/v2\/product"}],"about":[{"href":"https:\/\/fi.vitavia.ee\/kasvuhoone\/wp-json\/wp\/v2\/types\/product"}],"replies":[{"embeddable":true,"href":"https:\/\/fi.vitavia.ee\/kasvuhoone\/wp-json\/wp\/v2\/comments?post=19133"}],"wp:featuredmedia":[{"embeddable":true,"href":"https:\/\/fi.vitavia.ee\/kasvuhoone\/wp-json\/wp\/v2\/media\/20752"}],"wp:attachment":[{"href":"https:\/\/fi.vitavia.ee\/kasvuhoone\/wp-json\/wp\/v2\/media?parent=19133"}],"wp:term":[{"taxonomy":"product_brand","embeddable":true,"href":"https:\/\/fi.vitavia.ee\/kasvuhoone\/wp-json\/wp\/v2\/product_brand?post=19133"},{"taxonomy":"product_cat","embeddable":true,"href":"https:\/\/fi.vitavia.ee\/kasvuhoone\/wp-json\/wp\/v2\/product_cat?post=19133"},{"taxonomy":"product_tag","embeddable":true,"href":"https:\/\/fi.vitavia.ee\/kasvuhoone\/wp-json\/wp\/v2\/product_tag?post=19133"}],"curies":[{"name":"wp","href":"https:\/\/api.w.org\/{rel}","templated":true}]}}