{"id":19129,"date":"2018-01-12T10:54:23","date_gmt":"2023-05-20T08:21:11","guid":{"rendered":"https:\/\/vitavia.ee\/kasvuhoone\/toode\/kasvihuone-puutarhapaviljonki-vitavia-hera-9000-v\/"},"modified":"2023-05-20T11:21:11","modified_gmt":"2023-05-20T08:21:11","slug":"kasvihuone-puutarha-paviljonki-vitavia-hera-9000-v-33m-x-38m9-m%c2%b2","status":"publish","type":"product","link":"https:\/\/fi.vitavia.ee\/kasvuhoone\/tuote\/kasvihuone-puutarha-paviljonki-vitavia-hera-9000-v-33m-x-38m9-m%c2%b2\/","title":{"rendered":"Kasvihuone\/puutarhapaviljonki Vitavia Hera 9000 V"},"content":{"rendered":"<h3><strong>Vitavia HERA 9000 &#8211; vieh\u00e4tt\u00e4v\u00e4 kasvihuone \/ puutarhatalo lis\u00e4\u00e4, koristaa ja t\u00e4ydent\u00e4\u00e4 mit\u00e4 tahansa puutarhaa.<\/strong><\/h3>\n<p>Ihanteellinen paikka rentoutumiseen, vieraiden viihdytt\u00e4miseen tai kasvien kasvattamiseen.<\/p>\n<p><strong>Pinta-ala: 9,0 m2.<\/strong><br \/>\n<strong> Pituus: 3,3 m<\/strong><br \/>\n<strong> Leveys: 3,8 m<br \/>\nSivukorkeus 1,82 m antaa riitt\u00e4v\u00e4sti tilaa seisomaan vapaasti.<\/strong><br \/>\n<strong> Huipun korkeus: 2,88 m<\/strong><\/p>\n<h3><strong>Hinta sis\u00e4lt\u00e4\u00e4 rungon, kannen ja kolme sivuikkunaa.<\/strong><\/h3>\n<ul>\n<li>anodisoitu alumiinirunko<\/li>\n<li>sivut 3mm karkaistu lasi<\/li>\n<li>katto 6mm polykarbonaattia<\/li>\n<li>saatavilla olevat v\u00e4rit:<br \/>\n&#8211; anodisoitu alumiini harmaa<br \/>\n&#8211; jauhemaalattu vihre\u00e4<br \/>\n&#8211; jauhemaalattu musta<br \/>\n\u2013 valkoiseksi pulverimaalattu<\/li>\n<li>sadevesiputket<\/li>\n<li>3 sivuikkunaa<\/li>\n<li>2 lukittavaa ja vastavuoroisesti avautuvaa liukuovea<\/li>\n<\/ul>\n<p>Runko on valmistettu anodisoidusta alumiinista (takaa alumiinin pitk\u00e4kestoisen kauniin ulkon\u00e4\u00f6n ja kest\u00e4vyyden).<\/p>\n<p>On mahdollista tilata erilaisia lis\u00e4laitteita: sis\u00e4hyllyt, automaatio, l\u00e4mp\u00f6mittarit jne.<br \/>\nTuotteen hinta ei sis\u00e4ll\u00e4 palkintokehyst\u00e4, se on lis\u00e4maksullinen ja maksaa 210 eur.<\/p>\n<h4><strong><a href=\"https:\/\/vitavia.ee\/kasvuhoone\/tootekategooria\/kasvuhoone-lisavarustus\/\" target=\"_blank\" rel=\"noopener noreferrer\">Katso lis\u00e4varusteet<\/a><\/strong><\/h4>\n<p><em>S\u00e4\u00e4ti\u00f6 ei todellakaan ole v\u00e4ltt\u00e4m\u00e4t\u00f6n, mutta toivottava. Hinta ei sis\u00e4ll\u00e4 perustusten rakentamista ja asennusta.<br \/>\nTilaamalla paviljonkiin pohjarunko voidaan kiinnitt\u00e4\u00e4 nurmikolle tai muuhun valmisteltuun pintaan.<br \/>\n<\/em><\/p>\n<p>NB! Paras hinta postikuluille lasketaan antamasi osoitteen perusteella, ja se l\u00e4hetet\u00e4\u00e4n sinulle s\u00e4hk\u00f6postitse.<\/p>\n<h3><a href=\"https:\/\/youtu.be\/-4zXyeMetnM\" target=\"_blank\" rel=\"noopener noreferrer\">Vitavian esittelyvideo  <\/a><\/h3>\n","protected":false},"excerpt":{"rendered":"<p><span title=\"Katso kaikki mitat alla olevasta taulukosta\">3,3 m x 3,8 m = 9 m\u00b2<\/span><br \/>\n<a class=\"alus_rm\" href=\"https:\/\/vitavia.ee\/wp-content\/uploads\/2017\/10\/Kasvuhoone-Hera-9000-paigaldusjuhend.pdf#page=12\" target=\"blanc\" rel=\"noopener\"><span class=\"alus_rm_bold\">NB!<\/span> Kasvihuoneen pohjakehyksen ulkomitat katso t\u00e4st\u00e4<\/a><br \/>\n<span style=\"color: #f5bd2f;\"><strong>Kuukausimaksu al. 229,17 \u20ac<\/strong><\/span><\/p>\n","protected":false},"featured_media":11949,"comment_status":"closed","ping_status":"closed","template":"","meta":[],"product_brand":[],"product_cat":[190],"product_tag":[453,454,469,545,349,350,351,352,353,452],"class_list":{"0":"post-19129","1":"product","2":"type-product","3":"status-publish","4":"has-post-thumbnail","6":"product_cat-hera-fi","7":"product_tag-puutarhapaviljonki","8":"product_tag-lasipaviljonki","9":"product_tag-vitavia-fi","10":"product_tag-hera-fi","11":"product_tag-kasvihuone","12":"product_tag-kasvihuoneet","13":"product_tag-kasvihuone-fi","14":"product_tag-kasvihuone-fi-2","15":"product_tag-kasvihuoneet-fi","16":"product_tag-puutarhatalo","17":"pa_kulje-korgus-182-m-fi","18":"pa_laius-38-m-fi","19":"pa_pindala-9-m2-fi","20":"pa_pindala_vahemik-5-9-m-fi","21":"pa_tipu-korgus-288-m-fi","22":"pa_varv-valkoinen","23":"infinite-scroll-item","24":"no-featured-image-padding","25":"sales-flash-overlay","26":"woocommerce-text-align-left","27":"woocommerce-image-align-center","28":"do-quantity-buttons","30":"first","31":"instock","32":"sale","33":"shipping-taxable","34":"purchasable","35":"product-type-variable","36":"has-default-attributes"},"_links":{"self":[{"href":"https:\/\/fi.vitavia.ee\/kasvuhoone\/wp-json\/wp\/v2\/product\/19129","targetHints":{"allow":["GET"]}}],"collection":[{"href":"https:\/\/fi.vitavia.ee\/kasvuhoone\/wp-json\/wp\/v2\/product"}],"about":[{"href":"https:\/\/fi.vitavia.ee\/kasvuhoone\/wp-json\/wp\/v2\/types\/product"}],"replies":[{"embeddable":true,"href":"https:\/\/fi.vitavia.ee\/kasvuhoone\/wp-json\/wp\/v2\/comments?post=19129"}],"wp:featuredmedia":[{"embeddable":true,"href":"https:\/\/fi.vitavia.ee\/kasvuhoone\/wp-json\/wp\/v2\/media\/11949"}],"wp:attachment":[{"href":"https:\/\/fi.vitavia.ee\/kasvuhoone\/wp-json\/wp\/v2\/media?parent=19129"}],"wp:term":[{"taxonomy":"product_brand","embeddable":true,"href":"https:\/\/fi.vitavia.ee\/kasvuhoone\/wp-json\/wp\/v2\/product_brand?post=19129"},{"taxonomy":"product_cat","embeddable":true,"href":"https:\/\/fi.vitavia.ee\/kasvuhoone\/wp-json\/wp\/v2\/product_cat?post=19129"},{"taxonomy":"product_tag","embeddable":true,"href":"https:\/\/fi.vitavia.ee\/kasvuhoone\/wp-json\/wp\/v2\/product_tag?post=19129"}],"curies":[{"name":"wp","href":"https:\/\/api.w.org\/{rel}","templated":true}]}}