{"id":19126,"date":"2015-12-27T22:01:18","date_gmt":"2023-05-20T08:21:11","guid":{"rendered":"https:\/\/vitavia.ee\/kasvuhoone\/toode\/kasvihuone-puutarhapaviljonki-vitavia-hera-9000-m\/"},"modified":"2023-05-20T11:21:11","modified_gmt":"2023-05-20T08:21:11","slug":"kasvihuone-puutarhapaviljonki-vitavia-hera-9000-m","status":"publish","type":"product","link":"https:\/\/fi.vitavia.ee\/kasvuhoone\/tuote\/kasvihuone-puutarhapaviljonki-vitavia-hera-9000-m\/","title":{"rendered":"Kasvihuone\/puutarhapaviljonki Vitavia Hera 9000 M"},"content":{"rendered":"<h3><strong>Vitavia HERA 9000 &#8211; vieh\u00e4tt\u00e4v\u00e4 kasvihuone\/puutarhatalo korostaa, koristaa ja t\u00e4ydent\u00e4\u00e4 mit\u00e4 tahansa puutarhaa.<\/strong><\/h3>\n<p>Ihanteellinen paikka rentoutumiseen, vieraiden viihdytt\u00e4miseen tai kasvien kasvattamiseen.<\/p>\n<p><strong>Pinta-ala: 9,0 m2.<\/strong><br \/>\n<strong>Pituus: 3,3 m<\/strong><br \/>\n<strong>Leveys: 3,8 m<br \/>\nSivukorkeus 1,82 m antaa riitt\u00e4v\u00e4sti tilaa seisomaan vapaasti.<\/strong><br \/>\n<strong>Huipun korkeus: 2,88 m<\/strong><\/p>\n<h3><strong>Hinta sis\u00e4lt\u00e4\u00e4 rungon, kannen ja kolme sivuikkunaa.<\/strong><\/h3>\n<ul>\n<li>anodisoitu alumiinirunko<\/li>\n<li>sivut 3mm karkaistu lasi<\/li>\n<li>katto 6mm polykarbonaattia<\/li>\n<li>saatavilla olevat v\u00e4rit:<br \/>\n&#8211; anodisoitu alumiini harmaa<br \/>\n&#8211; jauhemaalattu vihre\u00e4<br \/>\n&#8211; jauhemaalattu musta<br \/>\n\u2013 valkoiseksi pulverimaalattu<\/li>\n<li>sadevesiputket<\/li>\n<li>3 sivuikkunaa<\/li>\n<li>2 lukittavaa ja vastavuoroisesti avautuvaa liukuovea<\/li>\n<\/ul>\n<p>Runko on valmistettu anodisoidusta alumiinista (takaa alumiinin pitk\u00e4kestoisen kauniin ulkon\u00e4\u00f6n ja kest\u00e4vyyden).<\/p>\n<p>On mahdollista tilata erilaisia lis\u00e4laitteita: sis\u00e4hyllyt, automaatio, l\u00e4mp\u00f6mittarit jne.<br \/>\nTuotteen hinta ei sis\u00e4ll\u00e4 palkintokehyst\u00e4, se on lis\u00e4maksullinen ja maksaa 210 eur.<\/p>\n<h4><strong><a href=\"https:\/\/vitavia.ee\/kasvuhoone\/tootekategooria\/kasvuhoone-lisavarustus\/\" target=\"_blank\" rel=\"noopener noreferrer\">Katso lis\u00e4varusteet<\/a><\/strong><\/h4>\n<p><em>S\u00e4\u00e4ti\u00f6 ei todellakaan ole v\u00e4ltt\u00e4m\u00e4t\u00f6n, mutta toivottava. Hinta ei sis\u00e4ll\u00e4 perustusten rakentamista ja asennusta.<br \/>\nTilaamalla paviljonkiin pohjarunko voidaan kiinnitt\u00e4\u00e4 nurmikolle tai muuhun valmisteltuun pintaan.<br \/>\n<\/em><\/p>\n<p>NB! Paras hinta postikuluille lasketaan antamasi osoitteen perusteella, ja se l\u00e4hetet\u00e4\u00e4n sinulle s\u00e4hk\u00f6postitse.<\/p>\n<h3><a href=\"https:\/\/youtu.be\/-4zXyeMetnM\" target=\"_blank\" rel=\"noopener noreferrer\">Vitavian esittelyvideo<\/a><\/h3>\n","protected":false},"excerpt":{"rendered":"<p><span title=\"Katso kaikki mitat alla olevasta taulukosta\">3,3 m x 3,8 m = 9 m\u00b2<\/span><br \/>\n<a class=\"alus_rm\" href=\"https:\/\/vitavia.ee\/wp-content\/uploads\/2017\/10\/Kasvuhoone-Hera-9000-paigaldusjuhend.pdf#page=12\" target=\"blanc\" rel=\"noopener\"><span class=\"alus_rm_bold\">NB!<\/span> Kasvihuoneen pohjakehyksen ulkomitat katso t\u00e4st\u00e4<\/a><br \/>\n<span style=\"color: #f5bd2f;\"><strong>Kuukausimaksu al. 229,17 \u20ac<\/strong><\/span><\/p>\n","protected":false},"featured_media":11609,"comment_status":"closed","ping_status":"closed","template":"","meta":[],"product_brand":[],"product_cat":[190],"product_tag":[351,352,353,452,453,1667,454,1668,469,545,349,350],"class_list":{"0":"post-19126","1":"product","2":"type-product","3":"status-publish","4":"has-post-thumbnail","6":"product_cat-hera-fi","7":"product_tag-kasvihuone-fi","8":"product_tag-kasvihuone-fi-2","9":"product_tag-kasvihuoneet-fi","10":"product_tag-puutarhatalo","11":"product_tag-puutarhapaviljonki","12":"product_tag-karkaistu-lasi","13":"product_tag-lasipaviljonki","14":"product_tag-sivut-karkaistua-lasia-ja-katto-polykarbonaattia","15":"product_tag-vitavia-fi","16":"product_tag-hera-fi","17":"product_tag-kasvihuone","18":"product_tag-kasvihuoneet","19":"pa_kattematerjal-katto-6-mm-polykarbonaatti-sivut-3-mm-lasi","20":"pa_kulje-korgus-188-m-fi","21":"pa_laius-33-m-fi","22":"pa_pikkus-383-m-fi","23":"pa_pindala-9-m2-fi","24":"pa_pindala_vahemik-5-9-m-fi","25":"pa_tipu-korgus-283-m-fi","26":"pa_varv-musta","27":"infinite-scroll-item","28":"no-featured-image-padding","29":"sales-flash-overlay","30":"woocommerce-text-align-left","31":"woocommerce-image-align-center","32":"do-quantity-buttons","34":"first","35":"instock","36":"sale","37":"featured","38":"shipping-taxable","39":"purchasable","40":"product-type-variable"},"_links":{"self":[{"href":"https:\/\/fi.vitavia.ee\/kasvuhoone\/wp-json\/wp\/v2\/product\/19126","targetHints":{"allow":["GET"]}}],"collection":[{"href":"https:\/\/fi.vitavia.ee\/kasvuhoone\/wp-json\/wp\/v2\/product"}],"about":[{"href":"https:\/\/fi.vitavia.ee\/kasvuhoone\/wp-json\/wp\/v2\/types\/product"}],"replies":[{"embeddable":true,"href":"https:\/\/fi.vitavia.ee\/kasvuhoone\/wp-json\/wp\/v2\/comments?post=19126"}],"wp:featuredmedia":[{"embeddable":true,"href":"https:\/\/fi.vitavia.ee\/kasvuhoone\/wp-json\/wp\/v2\/media\/11609"}],"wp:attachment":[{"href":"https:\/\/fi.vitavia.ee\/kasvuhoone\/wp-json\/wp\/v2\/media?parent=19126"}],"wp:term":[{"taxonomy":"product_brand","embeddable":true,"href":"https:\/\/fi.vitavia.ee\/kasvuhoone\/wp-json\/wp\/v2\/product_brand?post=19126"},{"taxonomy":"product_cat","embeddable":true,"href":"https:\/\/fi.vitavia.ee\/kasvuhoone\/wp-json\/wp\/v2\/product_cat?post=19126"},{"taxonomy":"product_tag","embeddable":true,"href":"https:\/\/fi.vitavia.ee\/kasvuhoone\/wp-json\/wp\/v2\/product_tag?post=19126"}],"curies":[{"name":"wp","href":"https:\/\/api.w.org\/{rel}","templated":true}]}}