{"id":18848,"date":"2016-01-02T17:47:58","date_gmt":"2016-01-02T17:47:58","guid":{"rendered":"https:\/\/vitavia.ee\/kasvuhoone\/toode\/kasvihuone-vitavia-saturn-6700\/"},"modified":"2023-05-20T08:31:50","modified_gmt":"2023-05-20T05:31:50","slug":"kasvihuone-vitavia-saturnus-6700","status":"publish","type":"product","link":"https:\/\/fi.vitavia.ee\/kasvuhoone\/tuote\/kasvihuone-vitavia-saturnus-6700\/","title":{"rendered":"Kasvihuone Vitavia Saturn 6700"},"content":{"rendered":"<h3><strong>Vitavia SATURN &#8211; kasvihuone, jossa on vieh\u00e4tt\u00e4v\u00e4 muotoilu ja it\u00e4mainen ja satumainen tunnelma.<\/strong><\/h3>\n<p>2,64 m leve\u00e4 ja 2,55 m korkea kasvihuone on saatavana viidess\u00e4 eri pituudessa.<br \/>\nViihtyis\u00e4 ja valoisa kasvihuone tarjoaa riitt\u00e4v\u00e4sti tilaa kasvien kasvattamiselle sek\u00e4 rentoutumisnurkkauksen perheen ja yst\u00e4vien kanssa.<\/p>\n<p>Kasvihuoneessa on kaksinkertaiset liukuovet, jotka voidaan kiinnitt\u00e4\u00e4 eri avoimiin asentoihin.<\/p>\n<p>Satrun-kasvihuoneissa on koosta riippuen yhdest\u00e4 nelj\u00e4\u00e4n kattoikkunaa.<br \/>\nVakiovarusteisiin kuuluvat my\u00f6s sadevesiputket.<\/p>\n<p><strong>Saturn-kasvihuoneen eri mallien kokotaulukko:<\/strong><\/p>\n<div class=\"tabel-scroll-x\">\n<table class=\"spec\" border=\"0\">\n<tbody>\n<tr>\n<th style=\"text-align: left;\" width=\"90\">Malli<\/th>\n<th style=\"text-align: left;\" width=\"72\">Alue<\/th>\n<th style=\"text-align: left;\" width=\"72\">Pituus<\/th>\n<th style=\"text-align: left;\" width=\"72\">Leveys<\/th>\n<th style=\"text-align: left;\" width=\"72\">Sivu<\/th>\n<th style=\"text-align: left;\" width=\"72\">Korkeus<\/th>\n<th style=\"text-align: left;\" width=\"50\">Aknaid<\/th>\n<\/tr>\n<tr>\n<td>Saturnus 5000<\/td>\n<td>5<sup>.0m2<\/sup><\/td>\n<td>1.95m<\/td>\n<td>2,64 m<\/td>\n<td><\/td>\n<td>2,55 m<\/td>\n<td>1<\/td>\n<\/tr>\n<tr>\n<td>Saturnus 6700<\/td>\n<td>6<sup>.7m2<\/sup><\/td>\n<td>2.58m<\/td>\n<td>2,64 m<\/td>\n<td><\/td>\n<td>2,55 m<\/td>\n<td>2<\/td>\n<\/tr>\n<tr>\n<td>Saturnus 8300<\/td>\n<td>8<sup>.3m2<\/sup><\/td>\n<td>3.21m<\/td>\n<td>2,64 m<\/td>\n<td><\/td>\n<td>2,55 m<\/td>\n<td>2<\/td>\n<\/tr>\n<tr>\n<td>Saturnus 9900<\/td>\n<td>9<sup>.9m2<\/sup><\/td>\n<td>3,83 m<\/td>\n<td>2,64 m<\/td>\n<td><\/td>\n<td>2,55 m<\/td>\n<td>4<\/td>\n<\/tr>\n<tr>\n<td>Saturnus 11500<\/td>\n<td>11<sup>.5m2<\/sup><\/td>\n<td>4,45 m<\/td>\n<td>2,64 m<\/td>\n<td><\/td>\n<td>2,55 m<\/td>\n<td>4<\/td>\n<\/tr>\n<\/tbody>\n<\/table>\n<\/div>\n<p><em>&#8211; saatavana harmaana ja vihre\u00e4n\u00e4<br \/>\n&#8211; mallista riippuen kanneksi on mahdollista valita 3 mm lasi tai karkaistu lasi<br \/>\n&#8211; kaksi liukuovea edess\u00e4<br \/>\n&#8211; koosta riippuen 1-4 kattoikkunaa<br \/>\n&#8211; perusrunko kaikissa malleissa<\/em><\/p>\n<p>Runko on valmistettu anodisoidusta alumiinista (joka antaa alumiinille pitk\u00e4aikaisen kauniin ulkon\u00e4\u00f6n ja kest\u00e4vyyden), ja se on saatavana my\u00f6s pulverimaalattuna.<\/p>\n<p>Erilaisia lis\u00e4varusteita voidaan tilata: ikkuna, pohjan tuuletusluukku, automaattinen ikkunanavaaja, pohjakehys, sis\u00e4iset hyllyt jne.<\/p>\n<p><strong><a href=\"http:\/\/mwlconstruct.eu\/e-pood\/tootekategooria\/kasvuhoone-lisavarustus\/\" target=\"_blank\" rel=\"noopener noreferrer\">Katso lis\u00e4varusteet<\/a><\/strong><\/p>\n<p><em>S\u00e4\u00e4ti\u00f6 ei todellakaan ole v\u00e4ltt\u00e4m\u00e4t\u00f6n, mutta toivottava.<br \/>\nJos kasvihuoneessa on pohjakehys, se voidaan kiinnitt\u00e4\u00e4 nurmikkoon tai muuhun valmisteltuun pintaan.<br \/>\nHinta ei sis\u00e4ll\u00e4 perusrunkoa.<\/em><\/p>\n<h3><a href=\"https:\/\/youtu.be\/-4zXyeMetnM\" target=\"_blank\" rel=\"noopener noreferrer\">Vitavian esittelyvideo  <\/a><\/h3>\n","protected":false},"excerpt":{"rendered":"<p><span title=\"Katso kaikki mitat alla olevasta taulukosta\">2,64 m x 2,58 m = 6,7 m\u00b2<\/span><br \/>\n<span><a href=\"https:\/\/vitavia.ee\/wp-content\/uploads\/2017\/10\/Kasvuhoone-Saturn-paigaldusjuhend.pdf#page=18\" class=\"alus_rm\" target=\"blanc\" rel=\"noopener\"><span class=\"alus_rm_bold\">NB!<\/span> Kasvihuoneen pohjakehyksen ulkomitat katso t\u00e4st\u00e4<\/a><\/span><br \/>\n<span style=\"color: #f5bd2f;\"><strong>Kuukausimaksu al. 99,17 \u20ac<\/strong><\/span><\/p>\n","protected":false},"featured_media":13104,"comment_status":"closed","ping_status":"closed","template":"","meta":[],"product_brand":[],"product_cat":[209],"product_tag":[469,1667,557,349,350,351,1685,352,353],"class_list":{"0":"post-18848","1":"product","2":"type-product","3":"status-publish","4":"has-post-thumbnail","6":"product_cat-saturn-fi","7":"product_tag-vitavia-fi","8":"product_tag-karkaistu-lasi","9":"product_tag-saturn-fi","10":"product_tag-kasvihuone","11":"product_tag-kasvihuoneet","12":"product_tag-kasvihuone-fi","13":"product_tag-lasi","14":"product_tag-kasvihuone-fi-2","15":"product_tag-kasvihuoneet-fi","16":"pa_kattematerjal-lasi","17":"pa_kattematerjal-karkaistu-lasi","18":"pa_kulje-korgus-182-m-fi","19":"pa_laius-264-m-fi","20":"pa_pikkus-258-m-fi","21":"pa_pindala-67-m2-fi","22":"pa_pindala_vahemik-5-9-m-fi","23":"pa_tipu-korgus-255-m-fi","24":"pa_varv-halli","25":"infinite-scroll-item","26":"no-featured-image-padding","27":"sales-flash-overlay","28":"woocommerce-text-align-left","29":"woocommerce-image-align-center","30":"do-quantity-buttons","32":"first","33":"instock","34":"shipping-taxable","35":"purchasable","36":"product-type-variable","37":"has-default-attributes"},"_links":{"self":[{"href":"https:\/\/fi.vitavia.ee\/kasvuhoone\/wp-json\/wp\/v2\/product\/18848","targetHints":{"allow":["GET"]}}],"collection":[{"href":"https:\/\/fi.vitavia.ee\/kasvuhoone\/wp-json\/wp\/v2\/product"}],"about":[{"href":"https:\/\/fi.vitavia.ee\/kasvuhoone\/wp-json\/wp\/v2\/types\/product"}],"replies":[{"embeddable":true,"href":"https:\/\/fi.vitavia.ee\/kasvuhoone\/wp-json\/wp\/v2\/comments?post=18848"}],"wp:featuredmedia":[{"embeddable":true,"href":"https:\/\/fi.vitavia.ee\/kasvuhoone\/wp-json\/wp\/v2\/media\/13104"}],"wp:attachment":[{"href":"https:\/\/fi.vitavia.ee\/kasvuhoone\/wp-json\/wp\/v2\/media?parent=18848"}],"wp:term":[{"taxonomy":"product_brand","embeddable":true,"href":"https:\/\/fi.vitavia.ee\/kasvuhoone\/wp-json\/wp\/v2\/product_brand?post=18848"},{"taxonomy":"product_cat","embeddable":true,"href":"https:\/\/fi.vitavia.ee\/kasvuhoone\/wp-json\/wp\/v2\/product_cat?post=18848"},{"taxonomy":"product_tag","embeddable":true,"href":"https:\/\/fi.vitavia.ee\/kasvuhoone\/wp-json\/wp\/v2\/product_tag?post=18848"}],"curies":[{"name":"wp","href":"https:\/\/api.w.org\/{rel}","templated":true}]}}