{"id":18080,"date":"2015-12-30T19:31:14","date_gmt":"2023-05-18T18:05:59","guid":{"rendered":"https:\/\/vitavia.ee\/kasvuhoone\/toode\/kasvihuone-vitavia-venus-7500\/"},"modified":"2025-03-19T23:19:29","modified_gmt":"2025-03-19T20:19:29","slug":"greenhouse-vitavia-venus","status":"publish","type":"product","link":"https:\/\/fi.vitavia.ee\/kasvuhoone\/tuote\/greenhouse-vitavia-venus\/","title":{"rendered":"Kasvihuone Vitavia Venus 7500"},"content":{"rendered":"<h3><strong>Vitavia VENUS &#8211; ihanteellinen kasvihuone, joka sopii useimmille puutarhureille \/ 1,93 mx 3,84 m.<\/strong><\/h3>\n<p>1,93 metri\u00e4 leve\u00e4 kasvihuone on saatavana viidess\u00e4 eri pituudessa.<br \/>\nSiksi se soveltuu aloittelijoille pienemm\u00e4ss\u00e4 koossaan sek\u00e4 edistyneemmille ja kokeneemmille puutarhureille suuremmassa koossaan.<\/p>\n<p><em>&#8211; Saatavana 3 mm:n lasia, karkaistua lasia ja 4 mm:n polykarbonaattia.<\/em><br \/>\n<em>  &#8211; Saatavilla olevat v\u00e4rit: anodisoitu harmaa ja pulverimaalattu vihre\u00e4 tai musta<\/em><br \/>\n<em>  &#8211; Saatavana viidess\u00e4 eri koossa.<br \/>\n&#8211; On my\u00f6s mahdollista tilata runko, kansi ja pohjakehys erikseen. Jos olet kiinnostunut, pyyd\u00e4 tarjous.<\/em><\/p>\n<p>Kasvihuoneessa on yksi liukuovi, joka voidaan avata joko oikealle tai vasemmalle puolelle. Avoin ovi voidaan my\u00f6s kiinnitt\u00e4\u00e4 eri aukiasentoihin.<\/p>\n<p>Venus -kasvihuoneissa on koosta riippuen yksi tai kaksi kattoikkunaa.<\/p>\n<p><strong>Kokotaulukko eri Venus -kasvihuonemalleille:<\/strong><\/p>\n<div class=\"tabel-scroll-x\">\n<table class=\"spec\" border=\"0\">\n<tbody>\n<tr>\n<th style=\"text-align: left;\" width=\"90\">Malli<\/th>\n<th style=\"text-align: left;\" width=\"72\">Alue<\/th>\n<th style=\"text-align: left;\" width=\"72\">Pituus<\/th>\n<th style=\"text-align: left;\" width=\"72\">Leveys<\/th>\n<th style=\"text-align: left;\" width=\"72\">Sivu<\/th>\n<th style=\"text-align: left;\" width=\"72\">Korkeus<\/th>\n<th style=\"text-align: left;\" width=\"50\">Aknaid<\/th>\n<\/tr>\n<tr>\n<td>Venus 2500<\/td>\n<td>2<sup>.5m2<\/sup><\/td>\n<td>1.31m<\/td>\n<td>1.93m<\/td>\n<td>1.24m<\/td>\n<td>1.97m<\/td>\n<td>1<\/td>\n<\/tr>\n<tr>\n<td>Venus 3800<\/td>\n<td>3<sup>.8m2<\/sup><\/td>\n<td>1.95m<\/td>\n<td>1.93m<\/td>\n<td>1.24m<\/td>\n<td>1.97m<\/td>\n<td>1<\/td>\n<\/tr>\n<tr>\n<td>Venus 5000<\/td>\n<td>5<sup>.0m2<\/sup><\/td>\n<td>2.57m<\/td>\n<td>1.93m<\/td>\n<td>1.24m<\/td>\n<td>1.97m<\/td>\n<td>1<\/td>\n<\/tr>\n<tr>\n<td>Venus 6200<\/td>\n<td>6<sup>.2m2<\/sup><\/td>\n<td>3.21m<\/td>\n<td>1.93m<\/td>\n<td>1.24m<\/td>\n<td>1.97m<\/td>\n<td>2<\/td>\n<\/tr>\n<tr>\n<td>Venus 7500<\/td>\n<td>7<sup>.5m2<\/sup><\/td>\n<td>3.84m<\/td>\n<td>1.93m<\/td>\n<td>1.24m<\/td>\n<td>1.97m<\/td>\n<td>2<\/td>\n<\/tr>\n<\/tbody>\n<\/table>\n<\/div>\n<p><em>&#8211; v\u00e4rivaihtoehtoja ovat harmaa ja pulverimaalattu musta tai vihre\u00e4<br \/>\n &#8211; P\u00e4\u00e4lliseksi voit valita 3 mm lasia, karkaistua lasia tai 4 mm polykarbonaattia<br \/>\n &#8211; yksi liukuovi edess\u00e4<br \/>\n &#8211; 1 tai 2 kattoikkunaa koosta riippuen<br \/>\n &#8211; pohjakehys kaikissa malleissa<\/em><\/p>\n<p>Runko on valmistettu anodisoidusta alumiinista (alumiinin pitk\u00e4ik\u00e4isen kauniin ulkon\u00e4\u00f6n ja kest\u00e4vyyden vuoksi), ja se on saatavana my\u00f6s jauhemaalattuna.<\/p>\n<p>Erilaisia lis\u00e4varusteita voidaan tilata: ikkuna, pohjan tuuletusluukku, automaattinen ikkunanavaaja, pohjakehys, sis\u00e4iset hyllyt jne.<\/p>\n<h4><strong><a href=\"http:\/\/mwlconstruct.eu\/e-pood\/tootekategooria\/kasvuhoone-lisavarustus\/\" target=\"_blank\" rel=\"noopener noreferrer\">Katso lis\u00e4varusteet<\/a><\/strong><\/h4>\n<p><em>S\u00e4\u00e4ti\u00f6 ei ole ehdottoman v\u00e4ltt\u00e4m\u00e4t\u00f6n, mutta suositeltavaa.<br \/>\n Jos kasvihuoneessa on pohjarunko, se voidaan kiinnitt\u00e4\u00e4 maahan tai muuhun valmistettuun pintaan (puuterassi tai kivipinta).<br \/>\n Tuotteen hinta ei sis\u00e4ll\u00e4 pohjarunkoa.<\/em><\/p>\n<h3><a href=\"https:\/\/youtu.be\/-4zXyeMetnM\" target=\"_blank\" rel=\"noopener noreferrer\">Vitavian esittelyvideo  <\/a><\/h3>\n","protected":false},"excerpt":{"rendered":"<p><span title=\"Katso kaikki mitat alla olevasta taulukosta\">1,93 m x 3,84 m = 7,5 m\u00b2<\/span><br \/>\n <a class=\"alus_rm\" href=\"https:\/\/vitavia.ee\/wp-content\/uploads\/2020\/05\/Kasvuhoone-Venus-6200-7500-paigaldusjuhend.pdf#page=42\" target=\"blanc\" rel=\"noopener\"><span class=\"alus_rm_bold\">HUOM!<\/span> Katso kasvihuoneen pohjarungon ulkomitat t\u00e4\u00e4lt\u00e4.<\/a><br \/>\n <span style=\"color: #f5bd2f;\"><strong>Kuukausimaksu alkaen. 82,17 \u20ac<\/strong><\/span><\/p>\n","protected":false},"featured_media":11520,"comment_status":"closed","ping_status":"closed","template":"","meta":[],"product_brand":[],"product_cat":[215],"product_tag":[1667,349,350,351,1685,352,1686,353,995],"class_list":{"0":"post-18080","1":"product","2":"type-product","3":"status-publish","4":"has-post-thumbnail","6":"product_cat-venus-fi","7":"product_tag-karkaistu-lasi","8":"product_tag-kasvihuone","9":"product_tag-kasvihuoneet","10":"product_tag-kasvihuone-fi","11":"product_tag-lasi","12":"product_tag-kasvihuone-fi-2","13":"product_tag-polykarbonaatti","14":"product_tag-kasvihuoneet-fi","15":"product_tag-venus-fi","16":"pa_kattematerjal-polykarbonaatti","17":"pa_kattematerjal-lasi","18":"pa_kattematerjal-karkaistu-lasi","19":"pa_kulje-korgus-124-m-fi","20":"pa_laius-193-m-fi","21":"pa_pikkus-384-m-fi","22":"pa_pindala-75-m2-fi","23":"pa_pindala_vahemik-5-9-m-fi","24":"pa_tipu-korgus-197-m-fi","25":"pa_varv-musta","26":"pa_varv-halli","27":"infinite-scroll-item","28":"no-featured-image-padding","29":"sales-flash-overlay","30":"woocommerce-text-align-left","31":"woocommerce-image-align-center","32":"do-quantity-buttons","34":"first","35":"instock","36":"shipping-taxable","37":"purchasable","38":"product-type-variable"},"_links":{"self":[{"href":"https:\/\/fi.vitavia.ee\/kasvuhoone\/wp-json\/wp\/v2\/product\/18080","targetHints":{"allow":["GET"]}}],"collection":[{"href":"https:\/\/fi.vitavia.ee\/kasvuhoone\/wp-json\/wp\/v2\/product"}],"about":[{"href":"https:\/\/fi.vitavia.ee\/kasvuhoone\/wp-json\/wp\/v2\/types\/product"}],"replies":[{"embeddable":true,"href":"https:\/\/fi.vitavia.ee\/kasvuhoone\/wp-json\/wp\/v2\/comments?post=18080"}],"wp:featuredmedia":[{"embeddable":true,"href":"https:\/\/fi.vitavia.ee\/kasvuhoone\/wp-json\/wp\/v2\/media\/11520"}],"wp:attachment":[{"href":"https:\/\/fi.vitavia.ee\/kasvuhoone\/wp-json\/wp\/v2\/media?parent=18080"}],"wp:term":[{"taxonomy":"product_brand","embeddable":true,"href":"https:\/\/fi.vitavia.ee\/kasvuhoone\/wp-json\/wp\/v2\/product_brand?post=18080"},{"taxonomy":"product_cat","embeddable":true,"href":"https:\/\/fi.vitavia.ee\/kasvuhoone\/wp-json\/wp\/v2\/product_cat?post=18080"},{"taxonomy":"product_tag","embeddable":true,"href":"https:\/\/fi.vitavia.ee\/kasvuhoone\/wp-json\/wp\/v2\/product_tag?post=18080"}],"curies":[{"name":"wp","href":"https:\/\/api.w.org\/{rel}","templated":true}]}}