{"id":18069,"date":"2015-12-30T19:23:55","date_gmt":"2015-12-30T19:23:55","guid":{"rendered":"https:\/\/vitavia.ee\/kasvuhoone\/toode\/kasvihuone-vitavia-venus-6200\/"},"modified":"2023-05-18T21:05:56","modified_gmt":"2023-05-18T18:05:56","slug":"kasvuhoone-vitavia-venus-6200-62-m2","status":"publish","type":"product","link":"https:\/\/fi.vitavia.ee\/kasvuhoone\/tuote\/kasvuhoone-vitavia-venus-6200-62-m2\/","title":{"rendered":"Kasvihuone Vitavia Venus 6200"},"content":{"rendered":"<h3><strong>Vitavia VENUS &#8211; ihanteellinen kasvihuone useimmille puutarhureille \/ 1,93 m x 3,21 m.<\/strong><\/h3>\n<p>1,93 metri\u00e4 leve\u00e4 kasvihuone on saatavana viidess\u00e4 eri pituudessa.<br \/>\nSiksi se soveltuu aloittelijoille pienemm\u00e4ss\u00e4 koossaan sek\u00e4 edistyneemmille ja kokeneemmille puutarhureille suuremmassa koossaan.<\/p>\n<p>Kasvihuoneessa on yksi liukuovi, joka voidaan avata oikealle tai vasemmalle. Avoin ovi voidaan my\u00f6s kiinnitt\u00e4\u00e4 eri aukiasentoihin.<\/p>\n<p>Venus-kasvihuoneissa on koosta riippuen yksi tai kaksi kattoikkunaa.<\/p>\n<p><strong>Venus-kasvihuoneen kokotaulukko eri malleille:<\/strong><\/p>\n<div class=\"tabel-scroll-x\">\n<table class=\"spec\" border=\"0\">\n<tbody>\n<tr>\n<th style=\"text-align: left;\" width=\"90\">Malli<\/th>\n<th style=\"text-align: left;\" width=\"72\">Alue<\/th>\n<th style=\"text-align: left;\" width=\"72\">Pituus<\/th>\n<th style=\"text-align: left;\" width=\"72\">Leveys<\/th>\n<th style=\"text-align: left;\" width=\"72\">Sivu<\/th>\n<th style=\"text-align: left;\" width=\"72\">Korkeus<\/th>\n<th style=\"text-align: left;\" width=\"50\">Aknaid<\/th>\n<\/tr>\n<tr>\n<td>Venus 2500<\/td>\n<td>2<sup>.5m2<\/sup><\/td>\n<td>1.31m<\/td>\n<td>1.93m<\/td>\n<td>1.24m<\/td>\n<td>1.97m<\/td>\n<td>1<\/td>\n<\/tr>\n<tr>\n<td>Venus 3800<\/td>\n<td>3<sup>.8m2<\/sup><\/td>\n<td>1.95m<\/td>\n<td>1.93m<\/td>\n<td>1.24m<\/td>\n<td>1.97m<\/td>\n<td>1<\/td>\n<\/tr>\n<tr>\n<td>Venus 5000<\/td>\n<td>5<sup>.0m2<\/sup><\/td>\n<td>2.57m<\/td>\n<td>1.93m<\/td>\n<td>1.24m<\/td>\n<td>1.97m<\/td>\n<td>1<\/td>\n<\/tr>\n<tr>\n<td>Venus 6200<\/td>\n<td>6<sup>.2m2<\/sup><\/td>\n<td>3.21m<\/td>\n<td>1.93m<\/td>\n<td>1.24m<\/td>\n<td>1.97m<\/td>\n<td>2<\/td>\n<\/tr>\n<tr>\n<td>Venus 7500<\/td>\n<td>7<sup>.5m2<\/sup><\/td>\n<td>3.84m<\/td>\n<td>1.93m<\/td>\n<td>1.24m<\/td>\n<td>1.97m<\/td>\n<td>2<\/td>\n<\/tr>\n<\/tbody>\n<\/table>\n<\/div>\n<p><em>&#8211; saatavana harmaana ja vihre\u00e4n\u00e4<br \/>\n&#8211; P\u00e4\u00e4llysteeksi voidaan valita 3 mm:n lasi tai 4 mm:n polykarbonaatti.<br \/>\n&#8211; edess\u00e4 yksi liukuovi<br \/>\n&#8211; 1 tai 2 kattoikkunaa, koosta riippuen<br \/>\n&#8211; perusrunko kaikissa malleissa<\/em><\/p>\n<p>Runko on valmistettu anodisoidusta alumiinista (joka antaa alumiinille pitk\u00e4aikaisen kauniin ulkon\u00e4\u00f6n ja kest\u00e4vyyden), ja se on saatavana my\u00f6s pulverimaalattuna.<\/p>\n<p>Erilaisia lis\u00e4varusteita voidaan tilata: ikkuna, pohjan tuuletusluukku, automaattinen ikkunanavaaja, pohjakehys, sis\u00e4iset hyllyt jne.<\/p>\n<h4><strong><a href=\"http:\/\/mwlconstruct.eu\/e-pood\/tootekategooria\/kasvuhoone-lisavarustus\/\" target=\"_blank\" rel=\"noopener noreferrer\">Katso lis\u00e4varusteet<\/a><\/strong><\/h4>\n<p><em>S\u00e4\u00e4ti\u00f6 ei todellakaan ole v\u00e4ltt\u00e4m\u00e4t\u00f6n, mutta toivottava.<br \/>\nJos kasvihuoneessa on pohjakehys, se voidaan kiinnitt\u00e4\u00e4 nurmikkoon tai muuhun valmisteltuun pintaan.<br \/>\nHinta ei sis\u00e4ll\u00e4 perusrunkoa.<\/em><\/p>\n<h3><a href=\"https:\/\/youtu.be\/-4zXyeMetnM\" target=\"_blank\" rel=\"noopener noreferrer\">Vitavian esittelyvideo  <\/a><\/h3>\n","protected":false},"excerpt":{"rendered":"<p><span title=\"Katso kaikki mitat alla olevasta taulukosta\">1,93m x 3,21m = 6,2m\u00b2.<\/span><br \/>\n<a class=\"alus_rm\" href=\"https:\/\/vitavia.ee\/wp-content\/uploads\/2020\/05\/Kasvuhoone-Venus-6200-7500-paigaldusjuhend.pdf#page=42\" target=\"blanc\" rel=\"noopener\">NB! Kasvihuoneen pohjakehyksen ulkomitat katso t\u00e4st\u00e4<\/a><br \/>\n<span style=\"color: #f5bd2f;\"><strong>Kuukausimaksu alkaen 47,67 \u20ac<\/strong><\/span><\/p>\n","protected":false},"featured_media":12424,"comment_status":"open","ping_status":"closed","template":"","meta":[],"product_brand":[],"product_cat":[215],"product_tag":[349,1667,350,351,352,353,1685,1686,995],"class_list":{"0":"post-18069","1":"product","2":"type-product","3":"status-publish","4":"has-post-thumbnail","6":"product_cat-venus-fi","7":"product_tag-kasvihuone","8":"product_tag-karkaistu-lasi","9":"product_tag-kasvihuoneet","10":"product_tag-kasvihuone-fi","11":"product_tag-kasvihuone-fi-2","12":"product_tag-kasvihuoneet-fi","13":"product_tag-lasi","14":"product_tag-polykarbonaatti","15":"product_tag-venus-fi","16":"pa_kattematerjal-polykarbonaatti","17":"pa_kattematerjal-lasi","18":"pa_kattematerjal-karkaistu-lasi","19":"pa_kulje-korgus-124-m-fi","20":"pa_laius-193-m-fi","21":"pa_pikkus-321-m-fi","22":"pa_pindala-62-m2-fi","23":"pa_pindala_vahemik-5-9-m-fi","24":"pa_tipu-korgus-197-m-fi","25":"pa_varv-musta","26":"pa_varv-vihrea","27":"pa_varv-halli","28":"infinite-scroll-item","29":"no-featured-image-padding","30":"sales-flash-overlay","31":"woocommerce-text-align-left","32":"woocommerce-image-align-center","33":"do-quantity-buttons","35":"first","36":"instock","37":"shipping-taxable","38":"purchasable","39":"product-type-variable"},"_links":{"self":[{"href":"https:\/\/fi.vitavia.ee\/kasvuhoone\/wp-json\/wp\/v2\/product\/18069","targetHints":{"allow":["GET"]}}],"collection":[{"href":"https:\/\/fi.vitavia.ee\/kasvuhoone\/wp-json\/wp\/v2\/product"}],"about":[{"href":"https:\/\/fi.vitavia.ee\/kasvuhoone\/wp-json\/wp\/v2\/types\/product"}],"replies":[{"embeddable":true,"href":"https:\/\/fi.vitavia.ee\/kasvuhoone\/wp-json\/wp\/v2\/comments?post=18069"}],"wp:featuredmedia":[{"embeddable":true,"href":"https:\/\/fi.vitavia.ee\/kasvuhoone\/wp-json\/wp\/v2\/media\/12424"}],"wp:attachment":[{"href":"https:\/\/fi.vitavia.ee\/kasvuhoone\/wp-json\/wp\/v2\/media?parent=18069"}],"wp:term":[{"taxonomy":"product_brand","embeddable":true,"href":"https:\/\/fi.vitavia.ee\/kasvuhoone\/wp-json\/wp\/v2\/product_brand?post=18069"},{"taxonomy":"product_cat","embeddable":true,"href":"https:\/\/fi.vitavia.ee\/kasvuhoone\/wp-json\/wp\/v2\/product_cat?post=18069"},{"taxonomy":"product_tag","embeddable":true,"href":"https:\/\/fi.vitavia.ee\/kasvuhoone\/wp-json\/wp\/v2\/product_tag?post=18069"}],"curies":[{"name":"wp","href":"https:\/\/api.w.org\/{rel}","templated":true}]}}