{"id":17295,"date":"2015-12-31T10:57:14","date_gmt":"2015-12-31T10:57:14","guid":{"rendered":"https:\/\/vitavia.ee\/kasvuhoone\/toode\/kasvihuone-vitavia-neptun-11500\/"},"modified":"2023-05-17T12:51:38","modified_gmt":"2023-05-17T09:51:38","slug":"kasvuyksikko-vitavia-neptun-11500","status":"publish","type":"product","link":"https:\/\/fi.vitavia.ee\/kasvuhoone\/tuote\/kasvuyksikko-vitavia-neptun-11500\/","title":{"rendered":"Kasvihuone Vitavia Neptun 11500"},"content":{"rendered":"<h3><strong>Vitavia NEPTUN &#8211; tyylik\u00e4s tanskalainen kasvihuone kunnioitettavaan puutarhaan.<\/strong><\/h3>\n<p>2,57 metri\u00e4 leve\u00e4 kasvihuone on saatavana nelj\u00e4n\u00e4 eri pituutena.<br \/>\nRiitt\u00e4v\u00e4n korkea ja leve\u00e4 kasvihuone antaa kasveille riitt\u00e4v\u00e4sti tilaa kasvaa ja kehitty\u00e4.<\/p>\n<p>Neptunin kasvihuoneissa on my\u00f6s tarpeeksi tilaa ollakseen omaper\u00e4isi\u00e4 ja mielenkiintoisia.<\/p>\n<p>Kasvihuoneessa on yksi 1,75 metri\u00e4 korkea liukuovi, joka voidaan avata vasemmalle tai oikealle. Avoin ovi voidaan my\u00f6s kiinnitt\u00e4\u00e4 eri aukiasentoihin.<\/p>\n<p>Neptunin kasvihuoneissa on vakiona kaksi kattoikkunaa.<\/p>\n<p><strong>Neptun-kasvihuoneen eri mallien kokotaulukko:<\/strong><\/p>\n<div class=\"tabel-scroll-x\">\n<table class=\"spec\" border=\"0\">\n<tbody>\n<tr>\n<th style=\"text-align: left;\" width=\"90\">Malli<\/th>\n<th style=\"text-align: left;\" width=\"72\">Alue<\/th>\n<th style=\"text-align: left;\" width=\"72\">Pituus<\/th>\n<th style=\"text-align: left;\" width=\"72\">Leveys<\/th>\n<th style=\"text-align: left;\" width=\"72\">Sivu<\/th>\n<th style=\"text-align: left;\" width=\"72\">Korkeus<\/th>\n<th style=\"text-align: left;\" width=\"50\">Aknaid<\/th>\n<\/tr>\n<tr>\n<td>Neptunus 6700<\/td>\n<td>6<sup>.7m2<\/sup><\/td>\n<td>2.58m<\/td>\n<td>2.57m<\/td>\n<td>1.35m<\/td>\n<td>2.30m<\/td>\n<td>2<\/td>\n<\/tr>\n<tr>\n<td>Neptunus 8300<\/td>\n<td>8<sup>.3m2<\/sup><\/td>\n<td>3.21m<\/td>\n<td>2.57m<\/td>\n<td>1.35m<\/td>\n<td>2.30m<\/td>\n<td>2<\/td>\n<\/tr>\n<tr>\n<td>Neptunus 9900<\/td>\n<td>9<sup>.9m2<\/sup><\/td>\n<td>3.84m<\/td>\n<td>2.57m<\/td>\n<td>1.35m<\/td>\n<td>2.30m<\/td>\n<td>2<\/td>\n<\/tr>\n<tr>\n<td>Neptunus 11500<\/td>\n<td>11<sup>.5m2<\/sup><\/td>\n<td>4.46m<\/td>\n<td>2.57m<\/td>\n<td>1.35m<\/td>\n<td>2.30m<\/td>\n<td>2<\/td>\n<\/tr>\n<\/tbody>\n<\/table>\n<\/div>\n<p><em>&#8211; saatavana harmaana ja vihre\u00e4n\u00e4<br \/>\n&#8211; P\u00e4\u00e4llysteeksi voidaan valita 3 mm:n lasi, karkaistu lasi tai 6 mm:n polykarbonaatti.<br \/>\n&#8211; edess\u00e4 yksi liukuovi<br \/>\n&#8211; 2 kattoikkunaa<br \/>\n&#8211; kaikissa malleissa on perusrunko<\/em><\/p>\n<p>Runko on valmistettu anodisoidusta alumiinista (joka antaa alumiinille pitk\u00e4aikaisen kauniin ulkon\u00e4\u00f6n ja kest\u00e4vyyden), ja se on saatavana my\u00f6s pulverimaalattuna.<\/p>\n<p>Erilaisia lis\u00e4varusteita voidaan tilata: ikkuna, pohjan tuuletusluukku, automaattinen ikkunanavaaja, pohjakehys, sis\u00e4iset hyllyt jne.<\/p>\n<p><strong><a href=\"http:\/\/mwlconstruct.eu\/e-pood\/tootekategooria\/kasvuhoone-lisavarustus\/\" target=\"_blank\" rel=\"noopener noreferrer\">Katso lis\u00e4varusteet<\/a><\/strong><\/p>\n<p><em>S\u00e4\u00e4ti\u00f6 ei todellakaan ole v\u00e4ltt\u00e4m\u00e4t\u00f6n, mutta toivottava.<br \/>\nJos kasvihuoneessa on pohjakehys, se voidaan kiinnitt\u00e4\u00e4 nurmikkoon tai muuhun valmisteltuun pintaan.<br \/>\nHinta ei sis\u00e4ll\u00e4 perusrunkoa.<\/em><\/p>\n<h3><a href=\"https:\/\/youtu.be\/-4zXyeMetnM\" target=\"_blank\" rel=\"noopener noreferrer\">Vitavian esittelyvideo  <\/a><\/h3>\n","protected":false},"excerpt":{"rendered":"<p><span title=\"Katso kaikki mitat alla olevasta taulukosta\">2.57m x 4.46m = 11.5m\u00b2.<\/span><br \/>\n<span style=\"color: #f5bd2f;\"><strong>Kuukausimaksu alkaen 87,75 \u20ac<\/strong><\/span><\/p>\n","protected":false},"featured_media":4743,"comment_status":"closed","ping_status":"closed","template":"","meta":[],"product_brand":[],"product_cat":[193],"product_tag":[1708,1667,1668,1685,1686],"class_list":{"0":"post-17295","1":"product","2":"type-product","3":"status-publish","4":"has-post-thumbnail","6":"product_cat-neptun","7":"product_tag-sivut-lasi-ja-katto-polykarbonaattia","8":"product_tag-karkaistu-lasi","9":"product_tag-sivut-karkaistua-lasia-ja-katto-polykarbonaattia","10":"product_tag-lasi","11":"product_tag-polykarbonaatti","12":"product_shipping_class-tervaluokka-65","13":"pa_kattematerjal-polykarbonaatti","14":"pa_kattematerjal-lasi","15":"pa_kattematerjal-karkaistu-lasi","16":"pa_kulje-korgus-135-m-fi","17":"pa_laius-257-m-fi","18":"pa_pikkus-446-m-fi","19":"pa_pindala-115-m2-fi","20":"pa_pindala_vahemik-9-12-m-fi","21":"pa_tipu-korgus-230-m-fi","22":"pa_varv-musta","23":"pa_varv-halli","24":"infinite-scroll-item","25":"no-featured-image-padding","26":"sales-flash-overlay","27":"woocommerce-text-align-left","28":"woocommerce-image-align-center","29":"do-quantity-buttons","31":"first","32":"instock","33":"shipping-taxable","34":"purchasable","35":"product-type-variable"},"_links":{"self":[{"href":"https:\/\/fi.vitavia.ee\/kasvuhoone\/wp-json\/wp\/v2\/product\/17295","targetHints":{"allow":["GET"]}}],"collection":[{"href":"https:\/\/fi.vitavia.ee\/kasvuhoone\/wp-json\/wp\/v2\/product"}],"about":[{"href":"https:\/\/fi.vitavia.ee\/kasvuhoone\/wp-json\/wp\/v2\/types\/product"}],"replies":[{"embeddable":true,"href":"https:\/\/fi.vitavia.ee\/kasvuhoone\/wp-json\/wp\/v2\/comments?post=17295"}],"wp:featuredmedia":[{"embeddable":true,"href":"https:\/\/fi.vitavia.ee\/kasvuhoone\/wp-json\/wp\/v2\/media\/4743"}],"wp:attachment":[{"href":"https:\/\/fi.vitavia.ee\/kasvuhoone\/wp-json\/wp\/v2\/media?parent=17295"}],"wp:term":[{"taxonomy":"product_brand","embeddable":true,"href":"https:\/\/fi.vitavia.ee\/kasvuhoone\/wp-json\/wp\/v2\/product_brand?post=17295"},{"taxonomy":"product_cat","embeddable":true,"href":"https:\/\/fi.vitavia.ee\/kasvuhoone\/wp-json\/wp\/v2\/product_cat?post=17295"},{"taxonomy":"product_tag","embeddable":true,"href":"https:\/\/fi.vitavia.ee\/kasvuhoone\/wp-json\/wp\/v2\/product_tag?post=17295"}],"curies":[{"name":"wp","href":"https:\/\/api.w.org\/{rel}","templated":true}]}}