{"id":17043,"date":"2020-06-02T09:55:21","date_gmt":"2023-05-17T09:42:04","guid":{"rendered":"https:\/\/vitavia.ee\/kasvuhoone\/toode\/kukkaruukku-kastelujarjestelmalla-basic-s\/"},"modified":"2023-05-17T12:42:04","modified_gmt":"2023-05-17T09:42:04","slug":"kastelu-kukkaruukku-perus-s","status":"publish","type":"product","link":"https:\/\/fi.vitavia.ee\/kasvuhoone\/tuote\/kastelu-kukkaruukku-perus-s\/","title":{"rendered":"Kukkaruukku kasteluj\u00e4rjestelm\u00e4ll\u00e4 Basic S"},"content":{"rendered":"<p>Modulaariset ruukut, joissa on kasteluj\u00e4rjestelm\u00e4, mahdollistavat v\u00e4h\u00e4n huoltoa vaativan ja tilaa s\u00e4\u00e4st\u00e4v\u00e4n kasvintuotannon. Kasveistasi huolehditaan 1-6 viikon ajan, ja voit l\u00e4hte\u00e4 lomalle vapaaksi.<\/p>\n<p>Modulaariset ruukut on helppo asentaa p\u00f6yd\u00e4lle, maahan tai sein\u00e4lle. Koristeellinen ja tilaa s\u00e4\u00e4st\u00e4v\u00e4 kotiin, puutarhaan, <a href=\"https:\/\/vitavia.ee\/kasvuhoone\/tootekategooria\/kasvuhooned\/\">kasvihuoneeseen<\/a> tai toimistoon.<br \/>\nModulaarisella ruukulla, jossa on kasteluj\u00e4rjestelm\u00e4, voit kasvattaa jotain pieness\u00e4 tilassa.<\/p>\n<p><a href=\"https:\/\/youtu.be\/hzagEpO7FHI\">Kukkaruukku ja kasteluj\u00e4rjestelm\u00e4 esittelyvideo<\/a><\/p>\n","protected":false},"excerpt":{"rendered":"<p>Kaksi kukkaruukkua + kastelukannu\/vesiastia<br \/>\n&#8211; mitat: 39,4 x 14,4 x 21,5 cm.<\/p>\n","protected":false},"featured_media":10063,"comment_status":"closed","ping_status":"closed","template":"","meta":[],"product_brand":[],"product_cat":[290],"product_tag":[529,532,535],"class_list":{"0":"post-17043","1":"product","2":"type-product","3":"status-publish","4":"has-post-thumbnail","6":"product_cat-kukkaruukut-kastelujarjestelmalla","7":"product_tag-kukkaruukut-kastelujarjestelmalla","8":"product_tag-istutusruukut-kastelujarjestelmalla","9":"product_tag-kukkaruukut","10":"infinite-scroll-item","11":"no-featured-image-padding","12":"sales-flash-overlay","13":"woocommerce-text-align-left","14":"woocommerce-image-align-center","15":"do-quantity-buttons","17":"first","18":"instock","19":"shipping-taxable","20":"purchasable","21":"product-type-simple"},"_links":{"self":[{"href":"https:\/\/fi.vitavia.ee\/kasvuhoone\/wp-json\/wp\/v2\/product\/17043","targetHints":{"allow":["GET"]}}],"collection":[{"href":"https:\/\/fi.vitavia.ee\/kasvuhoone\/wp-json\/wp\/v2\/product"}],"about":[{"href":"https:\/\/fi.vitavia.ee\/kasvuhoone\/wp-json\/wp\/v2\/types\/product"}],"replies":[{"embeddable":true,"href":"https:\/\/fi.vitavia.ee\/kasvuhoone\/wp-json\/wp\/v2\/comments?post=17043"}],"wp:featuredmedia":[{"embeddable":true,"href":"https:\/\/fi.vitavia.ee\/kasvuhoone\/wp-json\/wp\/v2\/media\/10063"}],"wp:attachment":[{"href":"https:\/\/fi.vitavia.ee\/kasvuhoone\/wp-json\/wp\/v2\/media?parent=17043"}],"wp:term":[{"taxonomy":"product_brand","embeddable":true,"href":"https:\/\/fi.vitavia.ee\/kasvuhoone\/wp-json\/wp\/v2\/product_brand?post=17043"},{"taxonomy":"product_cat","embeddable":true,"href":"https:\/\/fi.vitavia.ee\/kasvuhoone\/wp-json\/wp\/v2\/product_cat?post=17043"},{"taxonomy":"product_tag","embeddable":true,"href":"https:\/\/fi.vitavia.ee\/kasvuhoone\/wp-json\/wp\/v2\/product_tag?post=17043"}],"curies":[{"name":"wp","href":"https:\/\/api.w.org\/{rel}","templated":true}]}}