{"id":16891,"date":"2023-02-17T17:50:39","date_gmt":"2023-05-17T08:03:28","guid":{"rendered":"https:\/\/vitavia.ee\/kasvuhoone\/toode\/kasvihuone-bora-bora-jonka-leveys-on-306-m\/"},"modified":"2023-05-17T11:03:28","modified_gmt":"2023-05-17T08:03:28","slug":"kasvihuone-bora-bora-leveys-306-m","status":"publish","type":"product","link":"https:\/\/fi.vitavia.ee\/kasvuhoone\/tuote\/kasvihuone-bora-bora-leveys-306-m\/","title":{"rendered":"Kasvihuone Bora-Bora, jonka leveys on 3,06 m."},"content":{"rendered":"<p style=\"text-align: left;\">Ihanteellinen ratkaisu kaikille puutarhaharrastajille, jotka puutarhanhoidon lis\u00e4ksi nauttivat my\u00f6s yksinkertaisesti oleskelusta puutarhassaan kasvien kanssa &#8211; s\u00e4\u00e4st\u00e4 riippumatta.<br \/>\nBelgiassa valmistetut ACD:n korkealaatuiset kasvihuoneet ja puutarhakatokset ovat ihanteellisia, kun haluat pident\u00e4\u00e4 aikaa ulkona, niin vihannesten viljelyyn kuin puutarhapaviljonkiinkin.<br \/>\nJa kaikki t\u00e4m\u00e4 parhaaseen vastineeseen rahalle!<\/p>\n<p><strong>MITAT JA TIEDOT:<\/strong><\/p>\n<ul>\n<li>Erikoismuotoinen kasvihuone tai puutarhapaviljonki koostuu kahdesta osasta &#8211; takana olevasta suljetusta kasvihuoneesta ja edess\u00e4 olevasta avoimesta, katetusta oleskelutilasta. Kasvihuoneen leveys on 306 cm ja pituus 445 cm.<\/li>\n<li>Kasvihuoneen suljetun osan koko on 6,73 m\u00b2 (306 cm x 220 cm).<\/li>\n<li>Lepotilan koko on 6,73 m\u00b2 (306 cm x 220 cm).<\/li>\n<li>Kattoharjanteen korkeus perusrunko mukaan lukien on 283 cm ja sivusein\u00e4n korkeus perusrunko mukaan lukien on 203 cm.<\/li>\n<li>Musta pulverimaalattu alumiinirunko ja 4 mm:n karkaistu lasikatto.<\/li>\n<li>Suuri kattoaukko kasvihuoneen suljetussa osassa, jonka koko on 78 cm x 73 cm.<\/li>\n<li>Virkistysalueen ja kasvihuoneen v\u00e4liss\u00e4 on 1 liukuovi, jonka mitat ovat 68 cm x 185 cm.<\/li>\n<li>Kasvihuoneen mukana toimitetaan kaksi alumiinista sadevesiputkea, jotka on pulverimaalattu mustaksi.<\/li>\n<\/ul>\n<p><strong>Kasvihuone vaatii perustuksen tai aiemmin valmistellun kivipinnan tai puisen nurmikon.<\/strong><br \/>\nTukeva alumiininen pohjakehys antaa kasvihuoneelle enemm\u00e4n vakautta ja helpottaa kokoamista huomattavasti. Pohjakehys on valmistettu tukevasta karapanssarista ja se on 2-kammioinen, mik\u00e4 antaa sille erityisen suuren j\u00e4ykkyyden esimerkiksi pakkasta vastaan. Pohjakehykseen on kiinnitetty ankkurik\u00f6ydet, jotka voidaan kaivaa maahan tai kaataa sekaan. N\u00e4in ollen alakehys voi my\u00f6s korvata erillisen perustuksen.<\/p>\n<p>Kasvihuoneen <strong>4 mm:n karkaistu lasi<\/strong> on jopa 7 kertaa vahvempi kuin tavallinen kasvihuonelasi. T\u00e4m\u00e4 merkitsee suurempaa turvallisuutta kokoonpanon ja my\u00f6hemm\u00e4n k\u00e4yt\u00f6n aikana. Jos lasi rikkoutuu, siit\u00e4 ei tule vaarallisia ter\u00e4vi\u00e4 sirpaleita, vaan vain lasinsiruja, kuten auton ikkunan rikkoutuessa. T\u00e4m\u00e4 puru ei vahingoita eik\u00e4 h\u00e4iritse kasvihuoneen maaper\u00e4\u00e4.<\/p>\n","protected":false},"excerpt":{"rendered":"<p>Leveys 3,06m x pituus 4,45m=13,46m\u00b2.<\/p>\n","protected":false},"featured_media":15962,"comment_status":"closed","ping_status":"closed","template":"","meta":[],"product_brand":[],"product_cat":[358],"product_tag":[350,351,352,353,354,355,1667,349],"class_list":{"0":"post-16891","1":"product","2":"type-product","3":"status-publish","4":"has-post-thumbnail","6":"product_cat-star","7":"product_tag-kasvihuoneet","8":"product_tag-kasvihuone-fi","9":"product_tag-kasvihuone-fi-2","10":"product_tag-kasvihuoneet-fi","11":"product_tag-triiphone-fi","12":"product_tag-triplex-fi","13":"product_tag-karkaistu-lasi","14":"product_tag-kasvihuone","15":"pa_varv-jauhemaalattu-musta-ral-9005","16":"pa_varv-jauhemaalattu-muissa-ral-vareissa","17":"infinite-scroll-item","18":"no-featured-image-padding","19":"sales-flash-overlay","20":"woocommerce-text-align-left","21":"woocommerce-image-align-center","22":"do-quantity-buttons","24":"first","25":"instock","26":"sale","27":"shipping-taxable","28":"purchasable","29":"product-type-variable","30":"has-default-attributes"},"_links":{"self":[{"href":"https:\/\/fi.vitavia.ee\/kasvuhoone\/wp-json\/wp\/v2\/product\/16891","targetHints":{"allow":["GET"]}}],"collection":[{"href":"https:\/\/fi.vitavia.ee\/kasvuhoone\/wp-json\/wp\/v2\/product"}],"about":[{"href":"https:\/\/fi.vitavia.ee\/kasvuhoone\/wp-json\/wp\/v2\/types\/product"}],"replies":[{"embeddable":true,"href":"https:\/\/fi.vitavia.ee\/kasvuhoone\/wp-json\/wp\/v2\/comments?post=16891"}],"wp:featuredmedia":[{"embeddable":true,"href":"https:\/\/fi.vitavia.ee\/kasvuhoone\/wp-json\/wp\/v2\/media\/15962"}],"wp:attachment":[{"href":"https:\/\/fi.vitavia.ee\/kasvuhoone\/wp-json\/wp\/v2\/media?parent=16891"}],"wp:term":[{"taxonomy":"product_brand","embeddable":true,"href":"https:\/\/fi.vitavia.ee\/kasvuhoone\/wp-json\/wp\/v2\/product_brand?post=16891"},{"taxonomy":"product_cat","embeddable":true,"href":"https:\/\/fi.vitavia.ee\/kasvuhoone\/wp-json\/wp\/v2\/product_cat?post=16891"},{"taxonomy":"product_tag","embeddable":true,"href":"https:\/\/fi.vitavia.ee\/kasvuhoone\/wp-json\/wp\/v2\/product_tag?post=16891"}],"curies":[{"name":"wp","href":"https:\/\/api.w.org\/{rel}","templated":true}]}}