{"id":14666,"date":"2015-12-28T00:28:16","date_gmt":"2022-11-01T15:08:14","guid":{"rendered":"https:\/\/vitavia.ee\/kasvuhoone\/toode\/kasvihuone-puutarhapaviljonki-vitavia-sirius-m\/"},"modified":"2022-11-01T18:08:14","modified_gmt":"2022-11-01T15:08:14","slug":"kasvihuone-puutarhapaviljonki-vitavia-sirius-m","status":"publish","type":"product","link":"https:\/\/fi.vitavia.ee\/kasvuhoone\/tuote\/kasvihuone-puutarhapaviljonki-vitavia-sirius-m\/","title":{"rendered":"Kasvihuone\/puutarhapaviljonki Vitavia Sirius M"},"content":{"rendered":"<h3><strong>Vitavia SIRIUS &#8211; puutarha- tai kasvihuonepaviljonki, jonka siro muoto rikastuttaa puutarhaasi.<\/strong><\/h3>\n<p>Ihanteellinen paikka rentoutumiseen, vieraiden viihdytt\u00e4miseen tai kasvien kasvattamiseen.<strong><br \/>\n<\/strong><strong><br \/>\nPinta-ala: 13,0 m2.<\/strong><br \/>\n<strong>Pituus: 3,84 m<\/strong><br \/>\n<strong>Leveys: 3,84 m<br \/>\nSivukorkeus 1,56 m<\/strong><br \/>\n<strong>Huippukorkeus: 2,52 m<\/strong><\/p>\n<h3><strong>Hinta sis\u00e4lt\u00e4\u00e4 rungon, pohjakehyksen, katon ja nelj\u00e4 kattoikkunaa.<\/strong><\/h3>\n<div class=\"wpb_text_column wpb_content_element wpb_animate_when_almost_visible wpb_bottom-to-top wpb_start_animation\">\n<div class=\"wpb_wrapper\">\n<ul>\n<li>peitetty 3 mm:n karkaistulla lasilla<\/li>\n<li>anodisoitu alumiinirunko<\/li>\n<li>saatavilla olevat v\u00e4rit:<br \/>\n&#8211; anodisoitu alumiini harmaa<br \/>\n&#8211; jauhemaalattu vihre\u00e4<br \/>\n&#8211; jauhemaalattu musta<\/li>\n<li>metallirunko<\/li>\n<li>kumitiivisteet<\/li>\n<li>sadevesiputket<\/li>\n<li>4 kattoikkunaa<\/li>\n<li>2 vastakkaisiin suuntiin avautuvaa liukuovea<\/li>\n<\/ul>\n<\/div>\n<\/div>\n<p>Runko on valmistettu anodisoidusta alumiinista (alumiinin pitk\u00e4ik\u00e4isen kauniin ulkon\u00e4\u00f6n ja kest\u00e4vyyden vuoksi), ja se on saatavana my\u00f6s jauhemaalattuna.<\/p>\n<p>Erilaisia lis\u00e4varusteita voidaan tilata:<br \/>\n&#8211; vihre\u00e4 ja musta kuomu <strong>199 eur<\/strong><br \/>\n&#8211; kattoikkuna: harmaa <strong>35 eur<\/strong>, musta ja vihre\u00e4 <strong>50 eur<\/strong><br \/>\n&#8211; automaattinen ikkunanavaaja <strong>39 eur<\/strong><br \/>\n&#8211; erilaiset sis\u00e4iset hyllyt ja kuormalavat, sadevesiputki, kasteluj\u00e4rjestelm\u00e4, l\u00e4mp\u00f6j\u00e4rjestelm\u00e4t, kasvien kiinnikkeet jne.<\/p>\n<h4><strong><a href=\"https:\/\/vitavia.ee\/kasvuhoone\/tootekategooria\/kasvuhoone-lisavarustus\/\" target=\"_blank\" rel=\"noopener noreferrer\">Katso saatavilla olevat lis\u00e4varusteet<\/a><\/strong><\/h4>\n<p><em>S\u00e4\u00e4ti\u00f6 ei todellakaan ole v\u00e4ltt\u00e4m\u00e4t\u00f6n, mutta toivottava. Hinta ei sis\u00e4ll\u00e4 perustusten rakentamista ja asennusta.<br \/>\nTuotteen hintaan sis\u00e4ltyy pohjakehys, jolla se kiinnitet\u00e4\u00e4n nurmikkoon tai muuhun valmisteltuun pintaan.<br \/>\nNB! Paras hinta postikuluille lasketaan antamasi osoitteen perusteella, ja se l\u00e4hetet\u00e4\u00e4n sinulle s\u00e4hk\u00f6postitse.<\/em><\/p>\n<h3><a href=\"https:\/\/youtu.be\/-4zXyeMetnM\" target=\"_blank\" rel=\"noopener noreferrer\">Vitavian esittelyvideo<\/a><\/h3>\n","protected":false},"excerpt":{"rendered":"<p><span title=\"Katso kaikki mitat alla olevasta taulukosta\">3.84m x 3.84m = 13m\u00b2.<\/span><br \/>\n<a class=\"alus_rm\" href=\"https:\/\/vitavia.ee\/wp-content\/uploads\/2017\/10\/Kasvuhoone-Sirius-paigaldusjuhend.pdf#page=14\" target=\"blanc\" rel=\"noopener\">NB! Kasvihuoneen pohjakehyksen ulkomitat katso t\u00e4st\u00e4<\/a><br \/>\n<span style=\"color: #f5bd2f;\"><strong>Kuukausimaksu alkaen 245,83 \u20ac<\/strong><\/span><\/p>\n","protected":false},"featured_media":12079,"comment_status":"closed","ping_status":"closed","template":"","meta":[],"product_brand":[],"product_cat":[212],"product_tag":[350,454,351,1667,452,349,453],"class_list":{"0":"post-14666","1":"product","2":"type-product","3":"status-publish","4":"has-post-thumbnail","6":"product_cat-sirius-fi","7":"product_tag-kasvihuoneet","8":"product_tag-lasipaviljonki","9":"product_tag-kasvihuone-fi","10":"product_tag-karkaistu-lasi","11":"product_tag-puutarhatalo","12":"product_tag-kasvihuone","13":"product_tag-puutarhapaviljonki","14":"pa_kattematerjal-karkaistu-lasi","15":"pa_kulje-korgus-156-m-fi","16":"pa_laius-384-m-fi","17":"pa_pikkus-384-m-fi","18":"pa_pindala-13-m2-fi","19":"pa_pindala_vahemik-12-16-m-fi","20":"pa_tipu-korgus-252-m-fi","21":"pa_varv-musta","22":"infinite-scroll-item","23":"no-featured-image-padding","24":"sales-flash-overlay","25":"woocommerce-text-align-left","26":"woocommerce-image-align-center","27":"do-quantity-buttons","29":"first","30":"instock","31":"sale","32":"shipping-taxable","33":"purchasable","34":"product-type-simple"},"_links":{"self":[{"href":"https:\/\/fi.vitavia.ee\/kasvuhoone\/wp-json\/wp\/v2\/product\/14666","targetHints":{"allow":["GET"]}}],"collection":[{"href":"https:\/\/fi.vitavia.ee\/kasvuhoone\/wp-json\/wp\/v2\/product"}],"about":[{"href":"https:\/\/fi.vitavia.ee\/kasvuhoone\/wp-json\/wp\/v2\/types\/product"}],"replies":[{"embeddable":true,"href":"https:\/\/fi.vitavia.ee\/kasvuhoone\/wp-json\/wp\/v2\/comments?post=14666"}],"wp:featuredmedia":[{"embeddable":true,"href":"https:\/\/fi.vitavia.ee\/kasvuhoone\/wp-json\/wp\/v2\/media\/12079"}],"wp:attachment":[{"href":"https:\/\/fi.vitavia.ee\/kasvuhoone\/wp-json\/wp\/v2\/media?parent=14666"}],"wp:term":[{"taxonomy":"product_brand","embeddable":true,"href":"https:\/\/fi.vitavia.ee\/kasvuhoone\/wp-json\/wp\/v2\/product_brand?post=14666"},{"taxonomy":"product_cat","embeddable":true,"href":"https:\/\/fi.vitavia.ee\/kasvuhoone\/wp-json\/wp\/v2\/product_cat?post=14666"},{"taxonomy":"product_tag","embeddable":true,"href":"https:\/\/fi.vitavia.ee\/kasvuhoone\/wp-json\/wp\/v2\/product_tag?post=14666"}],"curies":[{"name":"wp","href":"https:\/\/api.w.org\/{rel}","templated":true}]}}