{"id":104,"date":"2019-01-02T17:38:39","date_gmt":"2019-01-02T17:38:39","guid":{"rendered":"https:\/\/haldus.net.ee\/proov\/toode\/kasvuhoone-paigaldus\/"},"modified":"2022-04-03T12:00:59","modified_gmt":"2022-04-03T09:00:59","slug":"kasvuhoone-paigaldus","status":"publish","type":"product","link":"https:\/\/fi.vitavia.ee\/kasvuhoone\/tuote\/kasvuhoone-paigaldus\/","title":{"rendered":"Kasvuhoone paigaldus"},"content":{"rendered":"<h4><strong>Kasvuhoone paigalduse hind s\u00f5ltub selle keerukusest, suurusest ja paigalduse asukohast.<br \/>\nHind algab alates 400 eur.<\/strong><\/h4>\n<div><span class=\"il\">Kasvuhoone<\/span>\u00a0kinnitamise kohta maa k\u00fclge soovitan tutvuda lingil:\u00a0<a href=\"https:\/\/vitavia.ee\/2018\/01\/21\/kasvuhoone-kinnitamine-maha-vundament-aluspind-voi-alusraam\/\" target=\"_blank\" rel=\"noopener noreferrer\" data-saferedirecturl=\"https:\/\/www.google.com\/url?q=https:\/\/vitavia.ee\/2018\/01\/21\/kasvuhoone-kinnitamine-maha-vundament-aluspind-voi-alusraam\/&amp;source=gmail&amp;ust=1546276529536000&amp;usg=AFQjCNEVzeOkvM--wN6N5q5WpPhr6QZgHg\">https:\/\/vitavia.ee\/<wbr \/>2018\/01\/21\/<span class=\"il\">kasvuhoone<\/span>&#8211;<wbr \/>kinnitamine-maha-vundament-<wbr \/>aluspind-voi-alusraam\/<\/a><\/div>\n<div>\n<div>Tallinnas ja Harjumaal algavad hinnad suurusj\u00e4rgus alates 400 eur kuni 1500 eur. L\u00f5plik hind selgub peale t\u00f6\u00f6mahu selgumist ning arvestatakse iga kasvuhoone paigalduse osas personaalselt.<\/div>\n<div><span class=\"m_9136846115497228597gmail-il\"><span class=\"il\">Paigalduse<\/span><\/span>\u00a0hind ei sisalda vundamendi ehitust, pinnase- ja kaevet\u00f6id ega\u00a0<span class=\"m_9136846115497228597gmail-il\"><span class=\"il\">paigalduse<\/span><\/span>\u00a0k\u00e4igus tekkinud prahi ja j\u00e4\u00e4kide \u00e4ravedu.<\/div>\n<div><span class=\"m_9136846115497228597gmail-il\"><span class=\"il\">Paigaldus<\/span><\/span> pole keeruline, aga see v\u00f5tab lihtsalt palju aega.<\/div>\n<div><strong>Paigaldusjuhendid<\/strong> on lingil: https:\/\/vitavia.ee\/kasvuhoone-paigaldusjuhend\/<\/div>\n<div>Vitavia kasvuhoonete juhendid leiate lehelt: <a href=\"https:\/\/vitavia.ee\/kasvuhoone\/\">https:\/\/vitavia.ee\/kasvuhoone\/<\/a>.\u00a0Paigaldusjuhendi saate alla laadida iga mudeli juurest:<\/div>\n<\/div>\n","protected":false},"excerpt":{"rendered":"<p>Kasvuhoone paigalduse hind s\u00f5ltub selle keerukusest, suurusest ja paigalduse asukohast. Hind algab alates 400 eur. Kasvuhoone\u00a0kinnitamise kohta maa k\u00fclge soovitan tutvuda lingil:\u00a0https:\/\/vitavia.ee\/2018\/01\/21\/kasvuhoone&#8211;kinnitamine-maha-vundament-aluspind-voi-alusraam\/ Tallinnas ja Harjumaal algavad hinnad suurusj\u00e4rgus alates 400 eur kuni 1500 eur. L\u00f5plik hind selgub peale t\u00f6\u00f6mahu selgumist ning arvestatakse iga kasvuhoone paigalduse osas personaalselt. Paigalduse\u00a0hind ei sisalda vundamendi ehitust, pinnase- ja kaevet\u00f6id &#8230; <\/p>\n<p class=\"read-more-container\"><a title=\"Kasvuhoone paigaldus\" class=\"read-more button\" href=\"https:\/\/fi.vitavia.ee\/kasvuhoone\/tuote\/kasvuhoone-paigaldus\/#more-104\" aria-label=\"Lue lis\u00e4\u00e4 aiheesta Kasvuhoone paigaldus\">Read more<\/a><\/p>\n","protected":false},"featured_media":3214,"comment_status":"closed","ping_status":"closed","template":"","meta":[],"product_brand":[],"product_cat":[132],"product_tag":[],"class_list":{"0":"post-104","1":"product","2":"type-product","3":"status-publish","4":"has-post-thumbnail","6":"product_cat-teenused","7":"infinite-scroll-item","8":"no-featured-image-padding","9":"sales-flash-overlay","10":"woocommerce-text-align-left","11":"woocommerce-image-align-center","12":"do-quantity-buttons","14":"first","15":"instock","16":"shipping-taxable","17":"purchasable","18":"product-type-simple"},"_links":{"self":[{"href":"https:\/\/fi.vitavia.ee\/kasvuhoone\/wp-json\/wp\/v2\/product\/104","targetHints":{"allow":["GET"]}}],"collection":[{"href":"https:\/\/fi.vitavia.ee\/kasvuhoone\/wp-json\/wp\/v2\/product"}],"about":[{"href":"https:\/\/fi.vitavia.ee\/kasvuhoone\/wp-json\/wp\/v2\/types\/product"}],"replies":[{"embeddable":true,"href":"https:\/\/fi.vitavia.ee\/kasvuhoone\/wp-json\/wp\/v2\/comments?post=104"}],"wp:featuredmedia":[{"embeddable":true,"href":"https:\/\/fi.vitavia.ee\/kasvuhoone\/wp-json\/wp\/v2\/media\/3214"}],"wp:attachment":[{"href":"https:\/\/fi.vitavia.ee\/kasvuhoone\/wp-json\/wp\/v2\/media?parent=104"}],"wp:term":[{"taxonomy":"product_brand","embeddable":true,"href":"https:\/\/fi.vitavia.ee\/kasvuhoone\/wp-json\/wp\/v2\/product_brand?post=104"},{"taxonomy":"product_cat","embeddable":true,"href":"https:\/\/fi.vitavia.ee\/kasvuhoone\/wp-json\/wp\/v2\/product_cat?post=104"},{"taxonomy":"product_tag","embeddable":true,"href":"https:\/\/fi.vitavia.ee\/kasvuhoone\/wp-json\/wp\/v2\/product_tag?post=104"}],"curies":[{"name":"wp","href":"https:\/\/api.w.org\/{rel}","templated":true}]}}